{"id":5781,"date":"2025-12-16T16:18:00","date_gmt":"2025-12-16T16:18:00","guid":{"rendered":"https:\/\/www.vatabai.ro\/?post_type=product&#038;p=5781"},"modified":"2025-12-16T19:19:11","modified_gmt":"2025-12-16T19:19:11","slug":"voucher-cadou-vata-wellness-apartament-premium-double-2-pers","status":"publish","type":"product","link":"https:\/\/www.vatabai.ro\/en\/product\/voucher-cadou-vata-wellness-apartament-premium-double-2-pers\/","title":{"rendered":"Voucher Cadou Va\u021ba Wellness &#8211; Apartament Premium &#8211; Double (2 pers.)"},"content":{"rendered":"","protected":false},"excerpt":{"rendered":"<p>Beneficii incluse:<\/p>\n<p>\u2022 Cazare 2 nop\u021bi la Hotel Phoenix (tip camer\u0103 ales)<br \/>\n\u2022 Demipensiune \u2013 mic dejun + cin\u0103 Restaurant Phoenix<br \/>\n<a href=\"https:\/\/www.vatabai.ro\/wp-content\/uploads\/2025\/09\/meniu-restaurant-phoenix-demipensiune-1.pdf\" target=\"_blank\" rel=\"noopener\">(descarc\u0103 meniu)<\/a><br \/>\n\u2022 Acces la Va\u021ba Thermal Spa (in intervalul 10:00-20:00)<\/p>\n<p>Te vei bucura de:<\/p>\n<ul>\n<li>2 bazine interioare cu ap\u0103 termal\u0103<\/li>\n<li>Bazin cu ap\u0103 s\u0103rat\u0103 himalayan\u0103<\/li>\n<li>Bazin rustic cu f\u00e2n &amp; zon\u0103 rustic\u0103 de relaxare<\/li>\n<li>Saun\u0103 uscat\u0103, umed\u0103 \u0219i cu aromaterapie<\/li>\n<li>Piscin\u0103 interioar\u0103 &amp; zon\u0103 de relaxare<\/li>\n<li>Jacuzzi exterior \u0219i gr\u0103din\u0103<\/li>\n<li>Salin\u0103 (Salt Cave)<\/li>\n<li>Bazin rece &amp; masaj plantar cu pietre<\/li>\n<li>Lounge bar<\/li>\n<\/ul>","protected":false},"featured_media":5790,"comment_status":"open","ping_status":"closed","template":"","meta":[],"product_brand":[],"product_cat":[59],"product_tag":[],"giftcard-category":[],"class_list":{"0":"post-5781","1":"product","2":"type-product","3":"status-publish","4":"has-post-thumbnail","6":"product_cat-vata-wellness","8":"first","9":"instock","10":"virtual","11":"purchasable","12":"product-type-gift-card"},"yoast_head":"<!-- This site is optimized with the Yoast SEO plugin v24.6 - https:\/\/yoast.com\/wordpress\/plugins\/seo\/ -->\n<title>Voucher Cadou Va\u021ba Wellness - Apartament Premium - Double (2 pers.) - Complex Balneo Termal Va\u021ba B\u0103i<\/title>\n<meta name=\"robots\" content=\"index, follow, max-snippet:-1, max-image-preview:large, max-video-preview:-1\" \/>\n<link rel=\"canonical\" href=\"https:\/\/www.vatabai.ro\/en\/product\/voucher-cadou-vata-wellness-apartament-premium-double-2-pers\/\" \/>\n<meta property=\"og:locale\" content=\"en_GB\" \/>\n<meta property=\"og:type\" content=\"article\" \/>\n<meta property=\"og:title\" content=\"Voucher Cadou Va\u021ba Wellness - Apartament Premium - Double (2 pers.) - Complex Balneo Termal Va\u021ba B\u0103i\" \/>\n<meta property=\"og:description\" content=\"Beneficii incluse:  \u2022 Cazare 2 nop\u021bi la Hotel Phoenix (tip camer\u0103 ales) \u2022 Demipensiune \u2013 mic dejun + cin\u0103 Restaurant Phoenix (descarc\u0103 meniu) \u2022 Acces la Va\u021ba Thermal Spa (in intervalul 10:00-20:00)  Te vei bucura de:   2 bazine interioare cu ap\u0103 termal\u0103  Bazin cu ap\u0103 s\u0103rat\u0103 himalayan\u0103  Bazin rustic cu f\u00e2n &amp; zon\u0103 rustic\u0103 de relaxare  Saun\u0103 uscat\u0103, umed\u0103 \u0219i cu aromaterapie  Piscin\u0103 interioar\u0103 &amp; zon\u0103 de relaxare  Jacuzzi exterior \u0219i gr\u0103din\u0103  Salin\u0103 (Salt Cave)  Bazin rece &amp; masaj plantar cu pietre  Lounge bar\" \/>\n<meta property=\"og:url\" content=\"https:\/\/www.vatabai.ro\/en\/product\/voucher-cadou-vata-wellness-apartament-premium-double-2-pers\/\" \/>\n<meta property=\"og:site_name\" content=\"Complex Balneo Termal Va\u021ba B\u0103i\" \/>\n<meta property=\"article:modified_time\" content=\"2025-12-16T19:19:11+00:00\" \/>\n<meta property=\"og:image\" content=\"https:\/\/www.vatabai.ro\/wp-content\/uploads\/2025\/12\/Voucher-wellness-la-Vata-Thermal-Spa-1.png\" \/>\n\t<meta property=\"og:image:width\" content=\"1536\" \/>\n\t<meta property=\"og:image:height\" content=\"1024\" \/>\n\t<meta property=\"og:image:type\" content=\"image\/png\" \/>\n<meta name=\"twitter:card\" content=\"summary_large_image\" \/>\n<meta name=\"twitter:label1\" content=\"Est. reading time\" \/>\n\t<meta name=\"twitter:data1\" content=\"1 minute\" \/>\n<script type=\"application\/ld+json\" class=\"yoast-schema-graph\">{\"@context\":\"https:\/\/schema.org\",\"@graph\":[{\"@type\":\"WebPage\",\"@id\":\"https:\/\/www.vatabai.ro\/produs\/voucher-cadou-vata-wellness-apartament-premium-double-2-pers\/\",\"url\":\"https:\/\/www.vatabai.ro\/produs\/voucher-cadou-vata-wellness-apartament-premium-double-2-pers\/\",\"name\":\"Voucher Cadou Va\u021ba Wellness - Apartament Premium - Double (2 pers.) - Complex Balneo Termal Va\u021ba B\u0103i\",\"isPartOf\":{\"@id\":\"https:\/\/www.vatabai.ro\/#website\"},\"primaryImageOfPage\":{\"@id\":\"https:\/\/www.vatabai.ro\/produs\/voucher-cadou-vata-wellness-apartament-premium-double-2-pers\/#primaryimage\"},\"image\":{\"@id\":\"https:\/\/www.vatabai.ro\/produs\/voucher-cadou-vata-wellness-apartament-premium-double-2-pers\/#primaryimage\"},\"thumbnailUrl\":\"https:\/\/www.vatabai.ro\/wp-content\/uploads\/2025\/12\/Voucher-wellness-la-Vata-Thermal-Spa-1.png\",\"datePublished\":\"2025-12-16T16:18:00+00:00\",\"dateModified\":\"2025-12-16T19:19:11+00:00\",\"breadcrumb\":{\"@id\":\"https:\/\/www.vatabai.ro\/produs\/voucher-cadou-vata-wellness-apartament-premium-double-2-pers\/#breadcrumb\"},\"inLanguage\":\"en-GB\",\"potentialAction\":[{\"@type\":\"ReadAction\",\"target\":[\"https:\/\/www.vatabai.ro\/produs\/voucher-cadou-vata-wellness-apartament-premium-double-2-pers\/\"]}]},{\"@type\":\"ImageObject\",\"inLanguage\":\"en-GB\",\"@id\":\"https:\/\/www.vatabai.ro\/produs\/voucher-cadou-vata-wellness-apartament-premium-double-2-pers\/#primaryimage\",\"url\":\"https:\/\/www.vatabai.ro\/wp-content\/uploads\/2025\/12\/Voucher-wellness-la-Vata-Thermal-Spa-1.png\",\"contentUrl\":\"https:\/\/www.vatabai.ro\/wp-content\/uploads\/2025\/12\/Voucher-wellness-la-Vata-Thermal-Spa-1.png\",\"width\":1536,\"height\":1024},{\"@type\":\"BreadcrumbList\",\"@id\":\"https:\/\/www.vatabai.ro\/produs\/voucher-cadou-vata-wellness-apartament-premium-double-2-pers\/#breadcrumb\",\"itemListElement\":[{\"@type\":\"ListItem\",\"position\":1,\"name\":\"Home\",\"item\":\"https:\/\/www.vatabai.ro\/\"},{\"@type\":\"ListItem\",\"position\":2,\"name\":\"Magazin\",\"item\":\"https:\/\/www.vatabai.ro\/magazin\/\"},{\"@type\":\"ListItem\",\"position\":3,\"name\":\"Voucher Cadou Va\u021ba Wellness &#8211; Apartament Premium &#8211; Double (2 pers.)\"}]},{\"@type\":\"WebSite\",\"@id\":\"https:\/\/www.vatabai.ro\/#website\",\"url\":\"https:\/\/www.vatabai.ro\/\",\"name\":\"Complex Balneo Termal Va\u021ba B\u0103i\",\"description\":\"\",\"alternateName\":\"Va\u021ba B\u0103i\",\"potentialAction\":[{\"@type\":\"SearchAction\",\"target\":{\"@type\":\"EntryPoint\",\"urlTemplate\":\"https:\/\/www.vatabai.ro\/?s={search_term_string}\"},\"query-input\":{\"@type\":\"PropertyValueSpecification\",\"valueRequired\":true,\"valueName\":\"search_term_string\"}}],\"inLanguage\":\"en-GB\"}]}<\/script>\n<!-- \/ Yoast SEO plugin. -->","yoast_head_json":{"title":"Voucher Cadou Va\u021ba Wellness - Apartament Premium - Double (2 pers.) - Complex Balneo Termal Va\u021ba B\u0103i","robots":{"index":"index","follow":"follow","max-snippet":"max-snippet:-1","max-image-preview":"max-image-preview:large","max-video-preview":"max-video-preview:-1"},"canonical":"https:\/\/www.vatabai.ro\/en\/product\/voucher-cadou-vata-wellness-apartament-premium-double-2-pers\/","og_locale":"en_GB","og_type":"article","og_title":"Voucher Cadou Va\u021ba Wellness - Apartament Premium - Double (2 pers.) - Complex Balneo Termal Va\u021ba B\u0103i","og_description":"Beneficii incluse:  \u2022 Cazare 2 nop\u021bi la Hotel Phoenix (tip camer\u0103 ales) \u2022 Demipensiune \u2013 mic dejun + cin\u0103 Restaurant Phoenix (descarc\u0103 meniu) \u2022 Acces la Va\u021ba Thermal Spa (in intervalul 10:00-20:00)  Te vei bucura de:   2 bazine interioare cu ap\u0103 termal\u0103  Bazin cu ap\u0103 s\u0103rat\u0103 himalayan\u0103  Bazin rustic cu f\u00e2n &amp; zon\u0103 rustic\u0103 de relaxare  Saun\u0103 uscat\u0103, umed\u0103 \u0219i cu aromaterapie  Piscin\u0103 interioar\u0103 &amp; zon\u0103 de relaxare  Jacuzzi exterior \u0219i gr\u0103din\u0103  Salin\u0103 (Salt Cave)  Bazin rece &amp; masaj plantar cu pietre  Lounge bar","og_url":"https:\/\/www.vatabai.ro\/en\/product\/voucher-cadou-vata-wellness-apartament-premium-double-2-pers\/","og_site_name":"Complex Balneo Termal Va\u021ba B\u0103i","article_modified_time":"2025-12-16T19:19:11+00:00","og_image":[{"width":1536,"height":1024,"url":"https:\/\/www.vatabai.ro\/wp-content\/uploads\/2025\/12\/Voucher-wellness-la-Vata-Thermal-Spa-1.png","type":"image\/png"}],"twitter_card":"summary_large_image","twitter_misc":{"Est. reading time":"1 minute"},"schema":{"@context":"https:\/\/schema.org","@graph":[{"@type":"WebPage","@id":"https:\/\/www.vatabai.ro\/produs\/voucher-cadou-vata-wellness-apartament-premium-double-2-pers\/","url":"https:\/\/www.vatabai.ro\/produs\/voucher-cadou-vata-wellness-apartament-premium-double-2-pers\/","name":"Voucher Cadou Va\u021ba Wellness - Apartament Premium - Double (2 pers.) - Complex Balneo Termal Va\u021ba B\u0103i","isPartOf":{"@id":"https:\/\/www.vatabai.ro\/#website"},"primaryImageOfPage":{"@id":"https:\/\/www.vatabai.ro\/produs\/voucher-cadou-vata-wellness-apartament-premium-double-2-pers\/#primaryimage"},"image":{"@id":"https:\/\/www.vatabai.ro\/produs\/voucher-cadou-vata-wellness-apartament-premium-double-2-pers\/#primaryimage"},"thumbnailUrl":"https:\/\/www.vatabai.ro\/wp-content\/uploads\/2025\/12\/Voucher-wellness-la-Vata-Thermal-Spa-1.png","datePublished":"2025-12-16T16:18:00+00:00","dateModified":"2025-12-16T19:19:11+00:00","breadcrumb":{"@id":"https:\/\/www.vatabai.ro\/produs\/voucher-cadou-vata-wellness-apartament-premium-double-2-pers\/#breadcrumb"},"inLanguage":"en-GB","potentialAction":[{"@type":"ReadAction","target":["https:\/\/www.vatabai.ro\/produs\/voucher-cadou-vata-wellness-apartament-premium-double-2-pers\/"]}]},{"@type":"ImageObject","inLanguage":"en-GB","@id":"https:\/\/www.vatabai.ro\/produs\/voucher-cadou-vata-wellness-apartament-premium-double-2-pers\/#primaryimage","url":"https:\/\/www.vatabai.ro\/wp-content\/uploads\/2025\/12\/Voucher-wellness-la-Vata-Thermal-Spa-1.png","contentUrl":"https:\/\/www.vatabai.ro\/wp-content\/uploads\/2025\/12\/Voucher-wellness-la-Vata-Thermal-Spa-1.png","width":1536,"height":1024},{"@type":"BreadcrumbList","@id":"https:\/\/www.vatabai.ro\/produs\/voucher-cadou-vata-wellness-apartament-premium-double-2-pers\/#breadcrumb","itemListElement":[{"@type":"ListItem","position":1,"name":"Home","item":"https:\/\/www.vatabai.ro\/"},{"@type":"ListItem","position":2,"name":"Magazin","item":"https:\/\/www.vatabai.ro\/magazin\/"},{"@type":"ListItem","position":3,"name":"Voucher Cadou Va\u021ba Wellness &#8211; Apartament Premium &#8211; Double (2 pers.)"}]},{"@type":"WebSite","@id":"https:\/\/www.vatabai.ro\/#website","url":"https:\/\/www.vatabai.ro\/","name":"Complex Balneo Termal Va\u021ba B\u0103i","description":"","alternateName":"Va\u021ba B\u0103i","potentialAction":[{"@type":"SearchAction","target":{"@type":"EntryPoint","urlTemplate":"https:\/\/www.vatabai.ro\/?s={search_term_string}"},"query-input":{"@type":"PropertyValueSpecification","valueRequired":true,"valueName":"search_term_string"}}],"inLanguage":"en-GB"}]}},"_links":{"self":[{"href":"https:\/\/www.vatabai.ro\/en\/wp-json\/wp\/v2\/product\/5781","targetHints":{"allow":["GET"]}}],"collection":[{"href":"https:\/\/www.vatabai.ro\/en\/wp-json\/wp\/v2\/product"}],"about":[{"href":"https:\/\/www.vatabai.ro\/en\/wp-json\/wp\/v2\/types\/product"}],"replies":[{"embeddable":true,"href":"https:\/\/www.vatabai.ro\/en\/wp-json\/wp\/v2\/comments?post=5781"}],"wp:featuredmedia":[{"embeddable":true,"href":"https:\/\/www.vatabai.ro\/en\/wp-json\/wp\/v2\/media\/5790"}],"wp:attachment":[{"href":"https:\/\/www.vatabai.ro\/en\/wp-json\/wp\/v2\/media?parent=5781"}],"wp:term":[{"taxonomy":"product_brand","embeddable":true,"href":"https:\/\/www.vatabai.ro\/en\/wp-json\/wp\/v2\/product_brand?post=5781"},{"taxonomy":"product_cat","embeddable":true,"href":"https:\/\/www.vatabai.ro\/en\/wp-json\/wp\/v2\/product_cat?post=5781"},{"taxonomy":"product_tag","embeddable":true,"href":"https:\/\/www.vatabai.ro\/en\/wp-json\/wp\/v2\/product_tag?post=5781"},{"taxonomy":"giftcard-category","embeddable":true,"href":"https:\/\/www.vatabai.ro\/en\/wp-json\/wp\/v2\/giftcard-category?post=5781"}],"curies":[{"name":"wp","href":"https:\/\/api.w.org\/{rel}","templated":true}]}}