{"id":5775,"date":"2025-12-16T16:13:47","date_gmt":"2025-12-16T16:13:47","guid":{"rendered":"https:\/\/www.vatabai.ro\/?post_type=product&#038;p=5775"},"modified":"2025-12-16T19:19:21","modified_gmt":"2025-12-16T19:19:21","slug":"voucher-cadou-pentru-2-persoane-vata-daily-spa-weekend","status":"publish","type":"product","link":"https:\/\/www.vatabai.ro\/en\/product\/voucher-cadou-pentru-2-persoane-vata-daily-spa-weekend\/","title":{"rendered":"Voucher Cadou pentru 2 persoane &#8211; Va\u021ba Daily SPA Weekend"},"content":{"rendered":"","protected":false},"excerpt":{"rendered":"<p><strong>Vineri \u2013 Duminic\u0103 &#8211; 700 lei \/ 2 persoane<\/strong><\/p>\n<p><strong>Acces 1 zi (10:00 \u2013 20:00) la:<\/strong><\/p>\n<ul>\n<li>2 bazine interioare cu ap\u0103 termal\u0103<\/li>\n<li>Bazin cu ap\u0103 s\u0103rat\u0103 himalayan\u0103<\/li>\n<li>Bazin rustic cu f\u00e2n &amp; zon\u0103 rustic\u0103 de relaxare<\/li>\n<li>Saun\u0103 uscat\u0103, umed\u0103 \u0219i cu aromaterapie<\/li>\n<li>Piscin\u0103 interioar\u0103 &amp; zon\u0103 de relaxare<\/li>\n<li>Jacuzzi exterior \u0219i gr\u0103din\u0103<\/li>\n<li>Salin\u0103 (Salt Cave)<\/li>\n<li>Lounge bar<\/li>\n<\/ul>\n<p><strong>Include:<\/strong><\/p>\n<ul>\n<li>Pr\u00e2nz (<em>ciorb\u0103 + fel principal + un pahar de vin<\/em>)<br \/>\nsau<br \/>\nCin\u0103 (<em>fel principal + desert + un pahar de vin<\/em>)<\/li>\n<li>1 masaj relaxare \/ persoan\u0103<\/li>\n<li>Halat \u0219i prosoape<\/li>\n<\/ul>","protected":false},"featured_media":5787,"comment_status":"open","ping_status":"closed","template":"","meta":[],"product_brand":[],"product_cat":[60],"product_tag":[],"giftcard-category":[],"class_list":{"0":"post-5775","1":"product","2":"type-product","3":"status-publish","4":"has-post-thumbnail","6":"product_cat-daily-spa","8":"first","9":"instock","10":"virtual","11":"purchasable","12":"product-type-gift-card"},"yoast_head":"<!-- This site is optimized with the Yoast SEO plugin v24.6 - https:\/\/yoast.com\/wordpress\/plugins\/seo\/ -->\n<title>Voucher Cadou pentru 2 persoane - Va\u021ba Daily SPA Weekend - Complex Balneo Termal Va\u021ba B\u0103i<\/title>\n<meta name=\"robots\" content=\"index, follow, max-snippet:-1, max-image-preview:large, max-video-preview:-1\" \/>\n<link rel=\"canonical\" href=\"https:\/\/www.vatabai.ro\/en\/product\/voucher-cadou-pentru-2-persoane-vata-daily-spa-weekend\/\" \/>\n<meta property=\"og:locale\" content=\"en_GB\" \/>\n<meta property=\"og:type\" content=\"article\" \/>\n<meta property=\"og:title\" content=\"Voucher Cadou pentru 2 persoane - Va\u021ba Daily SPA Weekend - Complex Balneo Termal Va\u021ba B\u0103i\" \/>\n<meta property=\"og:description\" content=\"Vineri \u2013 Duminic\u0103 - 700 lei \/ 2 persoane  Acces 1 zi (10:00 \u2013 20:00) la:   2 bazine interioare cu ap\u0103 termal\u0103  Bazin cu ap\u0103 s\u0103rat\u0103 himalayan\u0103  Bazin rustic cu f\u00e2n &amp; zon\u0103 rustic\u0103 de relaxare  Saun\u0103 uscat\u0103, umed\u0103 \u0219i cu aromaterapie  Piscin\u0103 interioar\u0103 &amp; zon\u0103 de relaxare  Jacuzzi exterior \u0219i gr\u0103din\u0103  Salin\u0103 (Salt Cave)  Lounge bar  Include:   Pr\u00e2nz (ciorb\u0103 + fel principal + un pahar de vin) sau Cin\u0103 (fel principal + desert + un pahar de vin)  1 masaj relaxare \/ persoan\u0103  Halat \u0219i prosoape\" \/>\n<meta property=\"og:url\" content=\"https:\/\/www.vatabai.ro\/en\/product\/voucher-cadou-pentru-2-persoane-vata-daily-spa-weekend\/\" \/>\n<meta property=\"og:site_name\" content=\"Complex Balneo Termal Va\u021ba B\u0103i\" \/>\n<meta property=\"article:modified_time\" content=\"2025-12-16T19:19:21+00:00\" \/>\n<meta property=\"og:image\" content=\"https:\/\/www.vatabai.ro\/wp-content\/uploads\/2025\/12\/daily-spa-vineri-duminica-1.png\" \/>\n\t<meta property=\"og:image:width\" content=\"1536\" \/>\n\t<meta property=\"og:image:height\" content=\"1024\" \/>\n\t<meta property=\"og:image:type\" content=\"image\/png\" \/>\n<meta name=\"twitter:card\" content=\"summary_large_image\" \/>\n<meta name=\"twitter:label1\" content=\"Est. reading time\" \/>\n\t<meta name=\"twitter:data1\" content=\"1 minute\" \/>\n<script type=\"application\/ld+json\" class=\"yoast-schema-graph\">{\"@context\":\"https:\/\/schema.org\",\"@graph\":[{\"@type\":\"WebPage\",\"@id\":\"https:\/\/www.vatabai.ro\/produs\/voucher-cadou-pentru-2-persoane-vata-daily-spa-weekend\/\",\"url\":\"https:\/\/www.vatabai.ro\/produs\/voucher-cadou-pentru-2-persoane-vata-daily-spa-weekend\/\",\"name\":\"Voucher Cadou pentru 2 persoane - Va\u021ba Daily SPA Weekend - Complex Balneo Termal Va\u021ba B\u0103i\",\"isPartOf\":{\"@id\":\"https:\/\/www.vatabai.ro\/#website\"},\"primaryImageOfPage\":{\"@id\":\"https:\/\/www.vatabai.ro\/produs\/voucher-cadou-pentru-2-persoane-vata-daily-spa-weekend\/#primaryimage\"},\"image\":{\"@id\":\"https:\/\/www.vatabai.ro\/produs\/voucher-cadou-pentru-2-persoane-vata-daily-spa-weekend\/#primaryimage\"},\"thumbnailUrl\":\"https:\/\/www.vatabai.ro\/wp-content\/uploads\/2025\/12\/daily-spa-vineri-duminica-1.png\",\"datePublished\":\"2025-12-16T16:13:47+00:00\",\"dateModified\":\"2025-12-16T19:19:21+00:00\",\"breadcrumb\":{\"@id\":\"https:\/\/www.vatabai.ro\/produs\/voucher-cadou-pentru-2-persoane-vata-daily-spa-weekend\/#breadcrumb\"},\"inLanguage\":\"en-GB\",\"potentialAction\":[{\"@type\":\"ReadAction\",\"target\":[\"https:\/\/www.vatabai.ro\/produs\/voucher-cadou-pentru-2-persoane-vata-daily-spa-weekend\/\"]}]},{\"@type\":\"ImageObject\",\"inLanguage\":\"en-GB\",\"@id\":\"https:\/\/www.vatabai.ro\/produs\/voucher-cadou-pentru-2-persoane-vata-daily-spa-weekend\/#primaryimage\",\"url\":\"https:\/\/www.vatabai.ro\/wp-content\/uploads\/2025\/12\/daily-spa-vineri-duminica-1.png\",\"contentUrl\":\"https:\/\/www.vatabai.ro\/wp-content\/uploads\/2025\/12\/daily-spa-vineri-duminica-1.png\",\"width\":1536,\"height\":1024},{\"@type\":\"BreadcrumbList\",\"@id\":\"https:\/\/www.vatabai.ro\/produs\/voucher-cadou-pentru-2-persoane-vata-daily-spa-weekend\/#breadcrumb\",\"itemListElement\":[{\"@type\":\"ListItem\",\"position\":1,\"name\":\"Home\",\"item\":\"https:\/\/www.vatabai.ro\/\"},{\"@type\":\"ListItem\",\"position\":2,\"name\":\"Magazin\",\"item\":\"https:\/\/www.vatabai.ro\/magazin\/\"},{\"@type\":\"ListItem\",\"position\":3,\"name\":\"Voucher Cadou pentru 2 persoane &#8211; Va\u021ba Daily SPA Weekend\"}]},{\"@type\":\"WebSite\",\"@id\":\"https:\/\/www.vatabai.ro\/#website\",\"url\":\"https:\/\/www.vatabai.ro\/\",\"name\":\"Complex Balneo Termal Va\u021ba B\u0103i\",\"description\":\"\",\"alternateName\":\"Va\u021ba B\u0103i\",\"potentialAction\":[{\"@type\":\"SearchAction\",\"target\":{\"@type\":\"EntryPoint\",\"urlTemplate\":\"https:\/\/www.vatabai.ro\/?s={search_term_string}\"},\"query-input\":{\"@type\":\"PropertyValueSpecification\",\"valueRequired\":true,\"valueName\":\"search_term_string\"}}],\"inLanguage\":\"en-GB\"}]}<\/script>\n<!-- \/ Yoast SEO plugin. -->","yoast_head_json":{"title":"Voucher Cadou pentru 2 persoane - Va\u021ba Daily SPA Weekend - Complex Balneo Termal Va\u021ba B\u0103i","robots":{"index":"index","follow":"follow","max-snippet":"max-snippet:-1","max-image-preview":"max-image-preview:large","max-video-preview":"max-video-preview:-1"},"canonical":"https:\/\/www.vatabai.ro\/en\/product\/voucher-cadou-pentru-2-persoane-vata-daily-spa-weekend\/","og_locale":"en_GB","og_type":"article","og_title":"Voucher Cadou pentru 2 persoane - Va\u021ba Daily SPA Weekend - Complex Balneo Termal Va\u021ba B\u0103i","og_description":"Vineri \u2013 Duminic\u0103 - 700 lei \/ 2 persoane  Acces 1 zi (10:00 \u2013 20:00) la:   2 bazine interioare cu ap\u0103 termal\u0103  Bazin cu ap\u0103 s\u0103rat\u0103 himalayan\u0103  Bazin rustic cu f\u00e2n &amp; zon\u0103 rustic\u0103 de relaxare  Saun\u0103 uscat\u0103, umed\u0103 \u0219i cu aromaterapie  Piscin\u0103 interioar\u0103 &amp; zon\u0103 de relaxare  Jacuzzi exterior \u0219i gr\u0103din\u0103  Salin\u0103 (Salt Cave)  Lounge bar  Include:   Pr\u00e2nz (ciorb\u0103 + fel principal + un pahar de vin) sau Cin\u0103 (fel principal + desert + un pahar de vin)  1 masaj relaxare \/ persoan\u0103  Halat \u0219i prosoape","og_url":"https:\/\/www.vatabai.ro\/en\/product\/voucher-cadou-pentru-2-persoane-vata-daily-spa-weekend\/","og_site_name":"Complex Balneo Termal Va\u021ba B\u0103i","article_modified_time":"2025-12-16T19:19:21+00:00","og_image":[{"width":1536,"height":1024,"url":"https:\/\/www.vatabai.ro\/wp-content\/uploads\/2025\/12\/daily-spa-vineri-duminica-1.png","type":"image\/png"}],"twitter_card":"summary_large_image","twitter_misc":{"Est. reading time":"1 minute"},"schema":{"@context":"https:\/\/schema.org","@graph":[{"@type":"WebPage","@id":"https:\/\/www.vatabai.ro\/produs\/voucher-cadou-pentru-2-persoane-vata-daily-spa-weekend\/","url":"https:\/\/www.vatabai.ro\/produs\/voucher-cadou-pentru-2-persoane-vata-daily-spa-weekend\/","name":"Voucher Cadou pentru 2 persoane - Va\u021ba Daily SPA Weekend - Complex Balneo Termal Va\u021ba B\u0103i","isPartOf":{"@id":"https:\/\/www.vatabai.ro\/#website"},"primaryImageOfPage":{"@id":"https:\/\/www.vatabai.ro\/produs\/voucher-cadou-pentru-2-persoane-vata-daily-spa-weekend\/#primaryimage"},"image":{"@id":"https:\/\/www.vatabai.ro\/produs\/voucher-cadou-pentru-2-persoane-vata-daily-spa-weekend\/#primaryimage"},"thumbnailUrl":"https:\/\/www.vatabai.ro\/wp-content\/uploads\/2025\/12\/daily-spa-vineri-duminica-1.png","datePublished":"2025-12-16T16:13:47+00:00","dateModified":"2025-12-16T19:19:21+00:00","breadcrumb":{"@id":"https:\/\/www.vatabai.ro\/produs\/voucher-cadou-pentru-2-persoane-vata-daily-spa-weekend\/#breadcrumb"},"inLanguage":"en-GB","potentialAction":[{"@type":"ReadAction","target":["https:\/\/www.vatabai.ro\/produs\/voucher-cadou-pentru-2-persoane-vata-daily-spa-weekend\/"]}]},{"@type":"ImageObject","inLanguage":"en-GB","@id":"https:\/\/www.vatabai.ro\/produs\/voucher-cadou-pentru-2-persoane-vata-daily-spa-weekend\/#primaryimage","url":"https:\/\/www.vatabai.ro\/wp-content\/uploads\/2025\/12\/daily-spa-vineri-duminica-1.png","contentUrl":"https:\/\/www.vatabai.ro\/wp-content\/uploads\/2025\/12\/daily-spa-vineri-duminica-1.png","width":1536,"height":1024},{"@type":"BreadcrumbList","@id":"https:\/\/www.vatabai.ro\/produs\/voucher-cadou-pentru-2-persoane-vata-daily-spa-weekend\/#breadcrumb","itemListElement":[{"@type":"ListItem","position":1,"name":"Home","item":"https:\/\/www.vatabai.ro\/"},{"@type":"ListItem","position":2,"name":"Magazin","item":"https:\/\/www.vatabai.ro\/magazin\/"},{"@type":"ListItem","position":3,"name":"Voucher Cadou pentru 2 persoane &#8211; Va\u021ba Daily SPA Weekend"}]},{"@type":"WebSite","@id":"https:\/\/www.vatabai.ro\/#website","url":"https:\/\/www.vatabai.ro\/","name":"Complex Balneo Termal Va\u021ba B\u0103i","description":"","alternateName":"Va\u021ba B\u0103i","potentialAction":[{"@type":"SearchAction","target":{"@type":"EntryPoint","urlTemplate":"https:\/\/www.vatabai.ro\/?s={search_term_string}"},"query-input":{"@type":"PropertyValueSpecification","valueRequired":true,"valueName":"search_term_string"}}],"inLanguage":"en-GB"}]}},"_links":{"self":[{"href":"https:\/\/www.vatabai.ro\/en\/wp-json\/wp\/v2\/product\/5775","targetHints":{"allow":["GET"]}}],"collection":[{"href":"https:\/\/www.vatabai.ro\/en\/wp-json\/wp\/v2\/product"}],"about":[{"href":"https:\/\/www.vatabai.ro\/en\/wp-json\/wp\/v2\/types\/product"}],"replies":[{"embeddable":true,"href":"https:\/\/www.vatabai.ro\/en\/wp-json\/wp\/v2\/comments?post=5775"}],"wp:featuredmedia":[{"embeddable":true,"href":"https:\/\/www.vatabai.ro\/en\/wp-json\/wp\/v2\/media\/5787"}],"wp:attachment":[{"href":"https:\/\/www.vatabai.ro\/en\/wp-json\/wp\/v2\/media?parent=5775"}],"wp:term":[{"taxonomy":"product_brand","embeddable":true,"href":"https:\/\/www.vatabai.ro\/en\/wp-json\/wp\/v2\/product_brand?post=5775"},{"taxonomy":"product_cat","embeddable":true,"href":"https:\/\/www.vatabai.ro\/en\/wp-json\/wp\/v2\/product_cat?post=5775"},{"taxonomy":"product_tag","embeddable":true,"href":"https:\/\/www.vatabai.ro\/en\/wp-json\/wp\/v2\/product_tag?post=5775"},{"taxonomy":"giftcard-category","embeddable":true,"href":"https:\/\/www.vatabai.ro\/en\/wp-json\/wp\/v2\/giftcard-category?post=5775"}],"curies":[{"name":"wp","href":"https:\/\/api.w.org\/{rel}","templated":true}]}}