{"id":5979,"date":"2026-02-21T15:44:33","date_gmt":"2026-02-21T15:44:33","guid":{"rendered":"https:\/\/www.vatabai.ro\/?page_id=5979"},"modified":"2026-02-24T12:10:51","modified_gmt":"2026-02-24T12:10:51","slug":"oferta-1-mai-2026","status":"publish","type":"page","link":"https:\/\/www.vatabai.ro\/en\/oferta-1-mai-2026\/","title":{"rendered":"Ofert\u0103 1 Mai 2026"},"content":{"rendered":"<div data-elementor-type=\"wp-page\" data-elementor-id=\"5979\" class=\"elementor elementor-5979\">\n\t\t\t\t\t\t<section class=\"elementor-section elementor-top-section elementor-element elementor-element-e702151 elementor-section-height-min-height cs-section-content-fullwidth cs-parallax-on-scroll cs_scroll_y_80 elementor-section-boxed elementor-section-height-default elementor-section-items-middle\" data-id=\"e702151\" data-element_type=\"section\" data-settings=\"{&quot;background_background&quot;:&quot;slideshow&quot;,&quot;background_slideshow_gallery&quot;:[{&quot;id&quot;:5985,&quot;url&quot;:&quot;https:\\\/\\\/www.vatabai.ro\\\/wp-content\\\/uploads\\\/2026\\\/02\\\/site.jpg&quot;}],&quot;background_slideshow_ken_burns&quot;:&quot;yes&quot;,&quot;background_slideshow_loop&quot;:&quot;yes&quot;,&quot;background_slideshow_slide_duration&quot;:5000,&quot;background_slideshow_slide_transition&quot;:&quot;fade&quot;,&quot;background_slideshow_transition_duration&quot;:500,&quot;background_slideshow_ken_burns_zoom_direction&quot;:&quot;in&quot;}\" data-cs-parallax-y=\"80\">\n\t\t\t\t\t\t\t<div class=\"elementor-background-overlay\"><\/div>\n\t\t\t\t\t\t\t<div class=\"elementor-container elementor-column-gap-no\">\n\t\t\t\t\t<div class=\"elementor-column elementor-col-100 elementor-top-column elementor-element elementor-element-f6dab76 dark-color\" data-id=\"f6dab76\" data-element_type=\"column\">\n\t\t\t<div class=\"elementor-widget-wrap elementor-element-populated\">\n\t\t\t\t\t\t<div class=\"elementor-element elementor-element-00d3bc2 elementor-widget elementor-widget-cs_title\" data-id=\"00d3bc2\" data-element_type=\"widget\" data-widget_type=\"cs_title.default\">\n\t\t\t\t<div class=\"elementor-widget-container\">\n\t\t\t\t\t\n        <div class=\"cs-title-wrap text-center\">\t            <div class=\"cs-subtitle-wrap\"><span class=\"cs-subtitle color-white\">Offers<\/span><\/div>\t            <h1 class=\"cs-title\">\n\t                Ofert\u0103 1 Mai 2026\t            <\/h1>\t            <div class=\"cs-title-text\">\n\t                <p>Relaxare, tradi\u021bii \u0219i seri cu muzic\u0103 live<\/p>\t            <\/div>        <\/div>\t\t\t\t<\/div>\n\t\t\t\t<\/div>\n\t\t\t\t\t<\/div>\n\t\t<\/div>\n\t\t\t\t\t<\/div>\n\t\t<\/section>\n\t\t\t\t<section class=\"elementor-section elementor-top-section elementor-element elementor-element-7195740 elementor-section-content-middle elementor-reverse-mobile elementor-section-boxed elementor-section-height-default elementor-section-height-default\" data-id=\"7195740\" data-element_type=\"section\" data-settings=\"{&quot;background_background&quot;:&quot;classic&quot;}\">\n\t\t\t\t\t\t<div class=\"elementor-container elementor-column-gap-no\">\n\t\t\t\t\t<div class=\"elementor-column elementor-col-50 elementor-top-column elementor-element elementor-element-50c1b4a\" data-id=\"50c1b4a\" data-element_type=\"column\">\n\t\t\t<div class=\"elementor-widget-wrap elementor-element-populated\">\n\t\t\t\t\t\t<div class=\"elementor-element elementor-element-b9bed13 cs-animation-small-offset elementor-invisible elementor-widget elementor-widget-image\" data-id=\"b9bed13\" data-element_type=\"widget\" data-settings=\"{&quot;_animation&quot;:&quot;fadeInUp&quot;,&quot;_animation_delay&quot;:150}\" data-widget_type=\"image.default\">\n\t\t\t\t<div class=\"elementor-widget-container\">\n\t\t\t\t\t\t\t\t\t\t\t\t\t\t\t<img fetchpriority=\"high\" decoding=\"async\" width=\"1810\" height=\"2560\" src=\"https:\/\/www.vatabai.ro\/wp-content\/uploads\/2026\/02\/e18e6d34-1-scaled.png\" class=\"attachment-full size-full wp-image-5986\" alt=\"\" srcset=\"https:\/\/www.vatabai.ro\/wp-content\/uploads\/2026\/02\/e18e6d34-1-scaled.png 1810w, https:\/\/www.vatabai.ro\/wp-content\/uploads\/2026\/02\/e18e6d34-1-212x300.png 212w, https:\/\/www.vatabai.ro\/wp-content\/uploads\/2026\/02\/e18e6d34-1-724x1024.png 724w, https:\/\/www.vatabai.ro\/wp-content\/uploads\/2026\/02\/e18e6d34-1-768x1086.png 768w, https:\/\/www.vatabai.ro\/wp-content\/uploads\/2026\/02\/e18e6d34-1-1086x1536.png 1086w, https:\/\/www.vatabai.ro\/wp-content\/uploads\/2026\/02\/e18e6d34-1-1448x2048.png 1448w, https:\/\/www.vatabai.ro\/wp-content\/uploads\/2026\/02\/e18e6d34-1-8x12.png 8w, https:\/\/www.vatabai.ro\/wp-content\/uploads\/2026\/02\/e18e6d34-1-1920x2715.png 1920w, https:\/\/www.vatabai.ro\/wp-content\/uploads\/2026\/02\/e18e6d34-1-1440x2037.png 1440w, https:\/\/www.vatabai.ro\/wp-content\/uploads\/2026\/02\/e18e6d34-1-1200x1697.png 1200w, https:\/\/www.vatabai.ro\/wp-content\/uploads\/2026\/02\/e18e6d34-1-780x1103.png 780w, https:\/\/www.vatabai.ro\/wp-content\/uploads\/2026\/02\/e18e6d34-1-600x849.png 600w, https:\/\/www.vatabai.ro\/wp-content\/uploads\/2026\/02\/e18e6d34-1-550x778.png 550w, https:\/\/www.vatabai.ro\/wp-content\/uploads\/2026\/02\/e18e6d34-1-370x523.png 370w, https:\/\/www.vatabai.ro\/wp-content\/uploads\/2026\/02\/e18e6d34-1-255x361.png 255w, https:\/\/www.vatabai.ro\/wp-content\/uploads\/2026\/02\/e18e6d34-1-1000x1414.png 1000w, https:\/\/www.vatabai.ro\/wp-content\/uploads\/2026\/02\/e18e6d34-1-106x150.png 106w\" sizes=\"(max-width: 1810px) 100vw, 1810px\" \/>\t\t\t\t\t\t\t\t\t\t\t\t\t\t\t<\/div>\n\t\t\t\t<\/div>\n\t\t\t\t\t<\/div>\n\t\t<\/div>\n\t\t\t\t<div class=\"elementor-column elementor-col-50 elementor-top-column elementor-element elementor-element-02d967d\" data-id=\"02d967d\" data-element_type=\"column\">\n\t\t\t<div class=\"elementor-widget-wrap elementor-element-populated\">\n\t\t\t\t\t\t<div class=\"elementor-element elementor-element-290da52 elementor-widget elementor-widget-cs_title\" data-id=\"290da52\" data-element_type=\"widget\" data-widget_type=\"cs_title.default\">\n\t\t\t\t<div class=\"elementor-widget-container\">\n\t\t\t\t\t\n        <div class=\"cs-title-wrap\">\t            <div class=\"cs-subtitle-wrap\"><span class=\"cs-subtitle\">Special offer <\/span><\/div>\t            <h5 class=\"cs-title\">\n\t                OFERT\u0102 1 MAI \u2013 VA\u021aA B\u0102I\t            <\/h5>\t            <div class=\"cs-title-text\">\n\t                <p><em>Pachet 2 nop\u021bi \/ 3 zile la Hotel Phoenix (\u00a0 check-in vineri-check-out duminica )<\/em><\/p><h4>Pachetul include:<\/h4><ul><li><strong>Cazare 2 nop\u021bi<\/strong><\/li><li><strong>Pensiune complet\u0103<\/strong><\/li><li><strong>Pr\u00e2nz festiv la ceaun <\/strong><\/li><li><strong>Cin\u0103 festiv\u0103\u00a0 cu muzic\u0103 live<\/strong><\/li><li>\u2668\ufe0f Acces SPA \u0219i zon\u0103 recreativ\u0103<\/li><li>Acces zon\u0103 de jocuri (biliard, \u0219ah, remy, table, ping-pong)<\/li><\/ul><h4>Program mese inclus:<\/h4><p><strong>Vineri, 1 Mai\u2013 Check-in<\/strong><br \/>\u2022 Cin\u0103<\/p><p><strong>S\u00e2mb\u0103t\u0103,\u00a0 2 Mai <\/strong><br \/>\u2022 Mic dejun<br \/>\u2022 <strong>Pr\u00e2nz la ceaun<\/strong><br \/>\u2022 Activit\u0103\u021bi \u00een aer liber<br \/>\u2022 <strong>Cin\u0103 festiv\u0103 cu muzic\u0103 live<\/strong><\/p><p><strong>Duminic\u0103, 3 Mai \u2013 Check-out <\/strong><br \/>\u2022 Mic dejun<\/p>\t            <\/div>        <\/div>\t\t\t\t<\/div>\n\t\t\t\t<\/div>\n\t\t\t\t\t<\/div>\n\t\t<\/div>\n\t\t\t\t\t<\/div>\n\t\t<\/section>\n\t\t<div class=\"elementor-element elementor-element-116c597 e-flex e-con-boxed e-con e-parent\" data-id=\"116c597\" data-element_type=\"container\">\n\t\t\t\t\t<div class=\"e-con-inner\">\n\t\t\t\t<div class=\"elementor-element elementor-element-779ee03 elementor-widget elementor-widget-cs_title\" data-id=\"779ee03\" data-element_type=\"widget\" data-widget_type=\"cs_title.default\">\n\t\t\t\t<div class=\"elementor-widget-container\">\n\t\t\t\t\t\n        <div class=\"cs-title-wrap\">\t            <div class=\"cs-title-text\">\n\t                <h4>TARIFE OFERT\u0102 1 MAI 01-03 Mai<\/h4><p><strong>Pachet 2 nop\u021bi \/ 2 persoane<\/strong><\/p><ul><li><strong>Camer\u0103 mansard\u0103:<\/strong> 2050 lei<\/li><li><strong>Camer\u0103 dubl\u0103: <\/strong>2250 lei<\/li><li><strong>Apartament: <\/strong>2450 lei<\/li><li><strong>A treia persoan\u0103 \u00een apartament:<\/strong> 850 lei<\/li><\/ul>\t            <\/div>        <\/div>\t\t\t\t<\/div>\n\t\t\t\t<\/div>\n\t\t\t\t\t<\/div>\n\t\t\t\t<\/div>\n\t\t\t\t<\/div>","protected":false},"excerpt":{"rendered":"<p>Oferte Ofert\u0103 1 Mai 2026 Relaxare, tradi\u021bii \u0219i seri cu muzic\u0103 live Ofert\u0103 special\u0103 OFERT\u0102 1 MAI \u2013 VA\u021aA B\u0102I Pachet 2 nop\u021bi \/ 3 zile la Hotel Phoenix (\u00a0 check-in vineri-check-out duminica ) Pachetul include: Cazare 2 nop\u021bi Pensiune complet\u0103 Pr\u00e2nz festiv la ceaun Cin\u0103 festiv\u0103\u00a0 cu muzic\u0103 live \u2668\ufe0f Acces SPA \u0219i zon\u0103 &#8230;<\/p>","protected":false},"author":1,"featured_media":0,"parent":0,"menu_order":0,"comment_status":"closed","ping_status":"closed","template":"elementor_header_footer","meta":{"cozystay_single_page_hide_site_header":"","cozystay_single_page_site_header_source":"","cozystay_single_page_custom_site_header":"0","cozystay_single_page_custom_sticky_site_header":"0","cozystay_single_page_hide_page_title":"","cozystay_single_page_header_section_size":"","cozystay_single_page_header_background_color":"","cozystay_single_page_header_background_position_x":"center","cozystay_single_page_header_background_position_y":"center","cozystay_single_page_header_background_size":"cover","cozystay_single_page_header_background_repeat":"off","cozystay_single_page_header_background_scroll":"on","cozystay_single_page_header_text_color":"","cozystay_single_page_header_show_breadcrumb":"","cozystay_single_page_site_footer_hide_main":"","cozystay_single_custom_site_footer_main_source":"","cozystay_single_custom_site_footer_main":"0","cozystay_single_page_site_footer_hide_above":"","cozystay_single_custom_site_footer_above_source":"","cozystay_single_custom_site_footer_above":"0","cozystay_single_page_site_footer_hide_instagram":"","cozystay_single_page_site_footer_hide_bottom":"","cozystay_single_custom_mobile_menu_source":"","cozystay_single_custom_mobile_menu":"0","cozystay_single_custom_mobile_menu_animation":"","cozystay_single_custom_mobile_menu_width":"","cozystay_single_custom_mobile_menu_custom_width":375,"footnotes":""},"class_list":["post-5979","page","type-page","status-publish","hentry"],"yoast_head":"<!-- This site is optimized with the Yoast SEO plugin v24.6 - https:\/\/yoast.com\/wordpress\/plugins\/seo\/ -->\n<title>Ofert\u0103 1 Mai 2026 - Complex Balneo Termal Va\u021ba B\u0103i<\/title>\n<meta name=\"robots\" content=\"index, follow, max-snippet:-1, max-image-preview:large, max-video-preview:-1\" \/>\n<link rel=\"canonical\" href=\"https:\/\/www.vatabai.ro\/en\/oferta-1-mai-2026\/\" \/>\n<meta property=\"og:locale\" content=\"en_GB\" \/>\n<meta property=\"og:type\" content=\"article\" \/>\n<meta property=\"og:title\" content=\"Ofert\u0103 1 Mai 2026 - Complex Balneo Termal Va\u021ba B\u0103i\" \/>\n<meta property=\"og:description\" content=\"Oferte Ofert\u0103 1 Mai 2026 Relaxare, tradi\u021bii \u0219i seri cu muzic\u0103 live Ofert\u0103 special\u0103 OFERT\u0102 1 MAI \u2013 VA\u021aA B\u0102I Pachet 2 nop\u021bi \/ 3 zile la Hotel Phoenix (\u00a0 check-in vineri-check-out duminica ) Pachetul include: Cazare 2 nop\u021bi Pensiune complet\u0103 Pr\u00e2nz festiv la ceaun Cin\u0103 festiv\u0103\u00a0 cu muzic\u0103 live \u2668\ufe0f Acces SPA \u0219i zon\u0103 ...\" \/>\n<meta property=\"og:url\" content=\"https:\/\/www.vatabai.ro\/en\/oferta-1-mai-2026\/\" \/>\n<meta property=\"og:site_name\" content=\"Complex Balneo Termal Va\u021ba B\u0103i\" \/>\n<meta property=\"article:modified_time\" content=\"2026-02-24T12:10:51+00:00\" \/>\n<meta property=\"og:image\" content=\"https:\/\/www.vatabai.ro\/wp-content\/uploads\/2026\/02\/e18e6d34-1-scaled.png\" \/>\n\t<meta property=\"og:image:width\" content=\"1810\" \/>\n\t<meta property=\"og:image:height\" content=\"2560\" \/>\n\t<meta property=\"og:image:type\" content=\"image\/png\" \/>\n<meta name=\"twitter:card\" content=\"summary_large_image\" \/>\n<meta name=\"twitter:label1\" content=\"Est. reading time\" \/>\n\t<meta name=\"twitter:data1\" content=\"2 minutes\" \/>\n<script type=\"application\/ld+json\" class=\"yoast-schema-graph\">{\"@context\":\"https:\/\/schema.org\",\"@graph\":[{\"@type\":\"WebPage\",\"@id\":\"https:\/\/www.vatabai.ro\/oferta-1-mai-2026\/\",\"url\":\"https:\/\/www.vatabai.ro\/oferta-1-mai-2026\/\",\"name\":\"Ofert\u0103 1 Mai 2026 - Complex Balneo Termal Va\u021ba B\u0103i\",\"isPartOf\":{\"@id\":\"https:\/\/www.vatabai.ro\/#website\"},\"primaryImageOfPage\":{\"@id\":\"https:\/\/www.vatabai.ro\/oferta-1-mai-2026\/#primaryimage\"},\"image\":{\"@id\":\"https:\/\/www.vatabai.ro\/oferta-1-mai-2026\/#primaryimage\"},\"thumbnailUrl\":\"https:\/\/www.vatabai.ro\/wp-content\/uploads\/2026\/02\/e18e6d34-1-scaled.png\",\"datePublished\":\"2026-02-21T15:44:33+00:00\",\"dateModified\":\"2026-02-24T12:10:51+00:00\",\"breadcrumb\":{\"@id\":\"https:\/\/www.vatabai.ro\/oferta-1-mai-2026\/#breadcrumb\"},\"inLanguage\":\"en-GB\",\"potentialAction\":[{\"@type\":\"ReadAction\",\"target\":[\"https:\/\/www.vatabai.ro\/oferta-1-mai-2026\/\"]}]},{\"@type\":\"ImageObject\",\"inLanguage\":\"en-GB\",\"@id\":\"https:\/\/www.vatabai.ro\/oferta-1-mai-2026\/#primaryimage\",\"url\":\"https:\/\/www.vatabai.ro\/wp-content\/uploads\/2026\/02\/e18e6d34-1-scaled.png\",\"contentUrl\":\"https:\/\/www.vatabai.ro\/wp-content\/uploads\/2026\/02\/e18e6d34-1-scaled.png\"},{\"@type\":\"BreadcrumbList\",\"@id\":\"https:\/\/www.vatabai.ro\/oferta-1-mai-2026\/#breadcrumb\",\"itemListElement\":[{\"@type\":\"ListItem\",\"position\":1,\"name\":\"Home\",\"item\":\"https:\/\/www.vatabai.ro\/\"},{\"@type\":\"ListItem\",\"position\":2,\"name\":\"Ofert\u0103 1 Mai 2026\"}]},{\"@type\":\"WebSite\",\"@id\":\"https:\/\/www.vatabai.ro\/#website\",\"url\":\"https:\/\/www.vatabai.ro\/\",\"name\":\"Complex Balneo Termal Va\u021ba B\u0103i\",\"description\":\"\",\"alternateName\":\"Va\u021ba B\u0103i\",\"potentialAction\":[{\"@type\":\"SearchAction\",\"target\":{\"@type\":\"EntryPoint\",\"urlTemplate\":\"https:\/\/www.vatabai.ro\/?s={search_term_string}\"},\"query-input\":{\"@type\":\"PropertyValueSpecification\",\"valueRequired\":true,\"valueName\":\"search_term_string\"}}],\"inLanguage\":\"en-GB\"}]}<\/script>\n<!-- \/ Yoast SEO plugin. -->","yoast_head_json":{"title":"Ofert\u0103 1 Mai 2026 - Complex Balneo Termal Va\u021ba B\u0103i","robots":{"index":"index","follow":"follow","max-snippet":"max-snippet:-1","max-image-preview":"max-image-preview:large","max-video-preview":"max-video-preview:-1"},"canonical":"https:\/\/www.vatabai.ro\/en\/oferta-1-mai-2026\/","og_locale":"en_GB","og_type":"article","og_title":"Ofert\u0103 1 Mai 2026 - Complex Balneo Termal Va\u021ba B\u0103i","og_description":"Oferte Ofert\u0103 1 Mai 2026 Relaxare, tradi\u021bii \u0219i seri cu muzic\u0103 live Ofert\u0103 special\u0103 OFERT\u0102 1 MAI \u2013 VA\u021aA B\u0102I Pachet 2 nop\u021bi \/ 3 zile la Hotel Phoenix (\u00a0 check-in vineri-check-out duminica ) Pachetul include: Cazare 2 nop\u021bi Pensiune complet\u0103 Pr\u00e2nz festiv la ceaun Cin\u0103 festiv\u0103\u00a0 cu muzic\u0103 live \u2668\ufe0f Acces SPA \u0219i zon\u0103 ...","og_url":"https:\/\/www.vatabai.ro\/en\/oferta-1-mai-2026\/","og_site_name":"Complex Balneo Termal Va\u021ba B\u0103i","article_modified_time":"2026-02-24T12:10:51+00:00","og_image":[{"width":1810,"height":2560,"url":"https:\/\/www.vatabai.ro\/wp-content\/uploads\/2026\/02\/e18e6d34-1-scaled.png","type":"image\/png"}],"twitter_card":"summary_large_image","twitter_misc":{"Est. reading time":"2 minutes"},"schema":{"@context":"https:\/\/schema.org","@graph":[{"@type":"WebPage","@id":"https:\/\/www.vatabai.ro\/oferta-1-mai-2026\/","url":"https:\/\/www.vatabai.ro\/oferta-1-mai-2026\/","name":"Ofert\u0103 1 Mai 2026 - Complex Balneo Termal Va\u021ba B\u0103i","isPartOf":{"@id":"https:\/\/www.vatabai.ro\/#website"},"primaryImageOfPage":{"@id":"https:\/\/www.vatabai.ro\/oferta-1-mai-2026\/#primaryimage"},"image":{"@id":"https:\/\/www.vatabai.ro\/oferta-1-mai-2026\/#primaryimage"},"thumbnailUrl":"https:\/\/www.vatabai.ro\/wp-content\/uploads\/2026\/02\/e18e6d34-1-scaled.png","datePublished":"2026-02-21T15:44:33+00:00","dateModified":"2026-02-24T12:10:51+00:00","breadcrumb":{"@id":"https:\/\/www.vatabai.ro\/oferta-1-mai-2026\/#breadcrumb"},"inLanguage":"en-GB","potentialAction":[{"@type":"ReadAction","target":["https:\/\/www.vatabai.ro\/oferta-1-mai-2026\/"]}]},{"@type":"ImageObject","inLanguage":"en-GB","@id":"https:\/\/www.vatabai.ro\/oferta-1-mai-2026\/#primaryimage","url":"https:\/\/www.vatabai.ro\/wp-content\/uploads\/2026\/02\/e18e6d34-1-scaled.png","contentUrl":"https:\/\/www.vatabai.ro\/wp-content\/uploads\/2026\/02\/e18e6d34-1-scaled.png"},{"@type":"BreadcrumbList","@id":"https:\/\/www.vatabai.ro\/oferta-1-mai-2026\/#breadcrumb","itemListElement":[{"@type":"ListItem","position":1,"name":"Home","item":"https:\/\/www.vatabai.ro\/"},{"@type":"ListItem","position":2,"name":"Ofert\u0103 1 Mai 2026"}]},{"@type":"WebSite","@id":"https:\/\/www.vatabai.ro\/#website","url":"https:\/\/www.vatabai.ro\/","name":"Complex Balneo Termal Va\u021ba B\u0103i","description":"","alternateName":"Va\u021ba B\u0103i","potentialAction":[{"@type":"SearchAction","target":{"@type":"EntryPoint","urlTemplate":"https:\/\/www.vatabai.ro\/?s={search_term_string}"},"query-input":{"@type":"PropertyValueSpecification","valueRequired":true,"valueName":"search_term_string"}}],"inLanguage":"en-GB"}]}},"_links":{"self":[{"href":"https:\/\/www.vatabai.ro\/en\/wp-json\/wp\/v2\/pages\/5979","targetHints":{"allow":["GET"]}}],"collection":[{"href":"https:\/\/www.vatabai.ro\/en\/wp-json\/wp\/v2\/pages"}],"about":[{"href":"https:\/\/www.vatabai.ro\/en\/wp-json\/wp\/v2\/types\/page"}],"author":[{"embeddable":true,"href":"https:\/\/www.vatabai.ro\/en\/wp-json\/wp\/v2\/users\/1"}],"replies":[{"embeddable":true,"href":"https:\/\/www.vatabai.ro\/en\/wp-json\/wp\/v2\/comments?post=5979"}],"version-history":[{"count":11,"href":"https:\/\/www.vatabai.ro\/en\/wp-json\/wp\/v2\/pages\/5979\/revisions"}],"predecessor-version":[{"id":5997,"href":"https:\/\/www.vatabai.ro\/en\/wp-json\/wp\/v2\/pages\/5979\/revisions\/5997"}],"wp:attachment":[{"href":"https:\/\/www.vatabai.ro\/en\/wp-json\/wp\/v2\/media?parent=5979"}],"curies":[{"name":"wp","href":"https:\/\/api.w.org\/{rel}","templated":true}]}}