{"id":5845,"date":"2026-01-14T19:08:44","date_gmt":"2026-01-14T19:08:44","guid":{"rendered":"https:\/\/www.vatabai.ro\/?page_id=5845"},"modified":"2026-02-24T12:11:13","modified_gmt":"2026-02-24T12:11:13","slug":"oferta-8-martie","status":"publish","type":"page","link":"https:\/\/www.vatabai.ro\/en\/oferta-8-martie\/","title":{"rendered":"Oferta 8 martie"},"content":{"rendered":"<div data-elementor-type=\"wp-page\" data-elementor-id=\"5845\" class=\"elementor elementor-5845\">\n\t\t\t\t\t\t<section class=\"elementor-section elementor-top-section elementor-element elementor-element-720516f elementor-section-height-min-height cs-section-content-fullwidth cs-parallax-on-scroll cs_scroll_y_80 elementor-section-boxed elementor-section-height-default elementor-section-items-middle\" data-id=\"720516f\" data-element_type=\"section\" data-settings=\"{&quot;background_background&quot;:&quot;slideshow&quot;,&quot;background_slideshow_gallery&quot;:[{&quot;id&quot;:5860,&quot;url&quot;:&quot;https:\\\/\\\/www.vatabai.ro\\\/wp-content\\\/uploads\\\/2026\\\/01\\\/8-Martie-1-1.png&quot;}],&quot;background_slideshow_ken_burns&quot;:&quot;yes&quot;,&quot;background_slideshow_loop&quot;:&quot;yes&quot;,&quot;background_slideshow_slide_duration&quot;:5000,&quot;background_slideshow_slide_transition&quot;:&quot;fade&quot;,&quot;background_slideshow_transition_duration&quot;:500,&quot;background_slideshow_ken_burns_zoom_direction&quot;:&quot;in&quot;}\" data-cs-parallax-y=\"80\">\n\t\t\t\t\t\t\t<div class=\"elementor-background-overlay\"><\/div>\n\t\t\t\t\t\t\t<div class=\"elementor-container elementor-column-gap-no\">\n\t\t\t\t\t<div class=\"elementor-column elementor-col-100 elementor-top-column elementor-element elementor-element-28c70a8 dark-color\" data-id=\"28c70a8\" data-element_type=\"column\">\n\t\t\t<div class=\"elementor-widget-wrap elementor-element-populated\">\n\t\t\t\t\t\t<div class=\"elementor-element elementor-element-c132d53 elementor-widget elementor-widget-cs_title\" data-id=\"c132d53\" data-element_type=\"widget\" data-widget_type=\"cs_title.default\">\n\t\t\t\t<div class=\"elementor-widget-container\">\n\t\t\t\t\t\n        <div class=\"cs-title-wrap text-center\">\t            <div class=\"cs-subtitle-wrap\"><span class=\"cs-subtitle color-white\">Offers<\/span><\/div>\t            <h1 class=\"cs-title\">\n\t                8 Martie \t            <\/h1>\t            <div class=\"cs-title-text\">\n\t                <p>Un weekend dedicat r\u0103sf\u0103\u021bului \u0219i relax\u0103rii<\/p>\t            <\/div>        <\/div>\t\t\t\t<\/div>\n\t\t\t\t<\/div>\n\t\t\t\t\t<\/div>\n\t\t<\/div>\n\t\t\t\t\t<\/div>\n\t\t<\/section>\n\t\t\t\t<section class=\"elementor-section elementor-top-section elementor-element elementor-element-deb8e90 elementor-section-content-middle elementor-reverse-mobile elementor-section-boxed elementor-section-height-default elementor-section-height-default\" data-id=\"deb8e90\" data-element_type=\"section\" data-settings=\"{&quot;background_background&quot;:&quot;classic&quot;}\">\n\t\t\t\t\t\t<div class=\"elementor-container elementor-column-gap-no\">\n\t\t\t\t\t<div class=\"elementor-column elementor-col-50 elementor-top-column elementor-element elementor-element-197a7ab\" data-id=\"197a7ab\" data-element_type=\"column\">\n\t\t\t<div class=\"elementor-widget-wrap elementor-element-populated\">\n\t\t\t\t\t\t<div class=\"elementor-element elementor-element-9c4f4ab cs-animation-small-offset elementor-invisible elementor-widget elementor-widget-image\" data-id=\"9c4f4ab\" data-element_type=\"widget\" data-settings=\"{&quot;_animation&quot;:&quot;fadeInUp&quot;,&quot;_animation_delay&quot;:150}\" data-widget_type=\"image.default\">\n\t\t\t\t<div class=\"elementor-widget-container\">\n\t\t\t\t\t\t\t\t\t\t\t\t\t\t\t<img fetchpriority=\"high\" decoding=\"async\" width=\"1545\" height=\"1999\" src=\"https:\/\/www.vatabai.ro\/wp-content\/uploads\/2026\/01\/www.vatabai.ro-2-2.png\" class=\"attachment-full size-full wp-image-5850\" alt=\"\" srcset=\"https:\/\/www.vatabai.ro\/wp-content\/uploads\/2026\/01\/www.vatabai.ro-2-2.png 1545w, https:\/\/www.vatabai.ro\/wp-content\/uploads\/2026\/01\/www.vatabai.ro-2-2-232x300.png 232w, https:\/\/www.vatabai.ro\/wp-content\/uploads\/2026\/01\/www.vatabai.ro-2-2-791x1024.png 791w, https:\/\/www.vatabai.ro\/wp-content\/uploads\/2026\/01\/www.vatabai.ro-2-2-768x994.png 768w, https:\/\/www.vatabai.ro\/wp-content\/uploads\/2026\/01\/www.vatabai.ro-2-2-1187x1536.png 1187w, https:\/\/www.vatabai.ro\/wp-content\/uploads\/2026\/01\/www.vatabai.ro-2-2-9x12.png 9w, https:\/\/www.vatabai.ro\/wp-content\/uploads\/2026\/01\/www.vatabai.ro-2-2-1440x1863.png 1440w, https:\/\/www.vatabai.ro\/wp-content\/uploads\/2026\/01\/www.vatabai.ro-2-2-1200x1553.png 1200w, https:\/\/www.vatabai.ro\/wp-content\/uploads\/2026\/01\/www.vatabai.ro-2-2-780x1009.png 780w, https:\/\/www.vatabai.ro\/wp-content\/uploads\/2026\/01\/www.vatabai.ro-2-2-600x776.png 600w, https:\/\/www.vatabai.ro\/wp-content\/uploads\/2026\/01\/www.vatabai.ro-2-2-550x712.png 550w, https:\/\/www.vatabai.ro\/wp-content\/uploads\/2026\/01\/www.vatabai.ro-2-2-370x479.png 370w, https:\/\/www.vatabai.ro\/wp-content\/uploads\/2026\/01\/www.vatabai.ro-2-2-255x330.png 255w, https:\/\/www.vatabai.ro\/wp-content\/uploads\/2026\/01\/www.vatabai.ro-2-2-1000x1294.png 1000w, https:\/\/www.vatabai.ro\/wp-content\/uploads\/2026\/01\/www.vatabai.ro-2-2-116x150.png 116w\" sizes=\"(max-width: 1545px) 100vw, 1545px\" \/>\t\t\t\t\t\t\t\t\t\t\t\t\t\t\t<\/div>\n\t\t\t\t<\/div>\n\t\t\t\t\t<\/div>\n\t\t<\/div>\n\t\t\t\t<div class=\"elementor-column elementor-col-50 elementor-top-column elementor-element elementor-element-be43ac7\" data-id=\"be43ac7\" data-element_type=\"column\">\n\t\t\t<div class=\"elementor-widget-wrap elementor-element-populated\">\n\t\t\t\t\t\t<div class=\"elementor-element elementor-element-0055dc4 elementor-widget elementor-widget-cs_title\" data-id=\"0055dc4\" data-element_type=\"widget\" data-widget_type=\"cs_title.default\">\n\t\t\t\t<div class=\"elementor-widget-container\">\n\t\t\t\t\t\n        <div class=\"cs-title-wrap\">\t            <div class=\"cs-subtitle-wrap\"><span class=\"cs-subtitle\">Special offer <\/span><\/div>\t            <h5 class=\"cs-title\">\n\t                8 Martie | Va\u021ba Thermal Spa la Hotel Phoenix\n\t            <\/h5>\t            <div class=\"cs-title-text\">\n\t                <p><strong>6 \u2013 8 martie<\/strong><br \/>Un sejur creat special pentru Ziua Femeii, \u00eentr-un cadru elegant, cu ape termale \u0219i momente dedicate st\u0103rii de bine.<\/p><p><strong>Tarife pachet<\/strong><br \/>(tarife pentru 2 persoane \/ sejur)<\/p><ul><li>Mansard\u0103 \u2013 2.300 lei<\/li><li>Camer\u0103 dubl\u0103 \u2013 2.500 lei<\/li><li>Apartament \u2013 2.800 lei<\/li><\/ul><p><b>Pachetul include<\/b><\/p><ul><li>Cazare 2 nop\u021bi<\/li><li>Pensiune complet\u0103<\/li><li>Acces SPA \u0219i bazine termale<\/li><li>Degustare de vin<\/li><li>50% reducere la procedurile SPA pentru doamne<\/li><li>Sear\u0103 festiv\u0103<\/li><\/ul>\t            <\/div>        <\/div>\t\t\t\t<\/div>\n\t\t\t\t<\/div>\n\t\t\t\t<div class=\"elementor-element elementor-element-5dcb489 elementor-widget elementor-widget-cs_title\" data-id=\"5dcb489\" data-element_type=\"widget\" data-widget_type=\"cs_title.default\">\n\t\t\t\t<div class=\"elementor-widget-container\">\n\t\t\t\t\t\n        <div class=\"cs-title-wrap\">\t            <div class=\"cs-title-text\">\n\t                <p>Reservations<br \/>\ud83d\udcde 0729 427 335<\/p>\t            <\/div>        <\/div>\t\t\t\t<\/div>\n\t\t\t\t<\/div>\n\t\t\t\t\t<\/div>\n\t\t<\/div>\n\t\t\t\t\t<\/div>\n\t\t<\/section>\n\t\t\t\t<\/div>","protected":false},"excerpt":{"rendered":"<p>Oferte 8 Martie Un weekend dedicat r\u0103sf\u0103\u021bului \u0219i relax\u0103rii Ofert\u0103 special\u0103 8 Martie | Va\u021ba Thermal Spa la Hotel Phoenix 6 \u2013 8 martieUn sejur creat special pentru Ziua Femeii, \u00eentr-un cadru elegant, cu ape termale \u0219i momente dedicate st\u0103rii de bine. Tarife pachet(tarife pentru 2 persoane \/ sejur) Mansard\u0103 \u2013 2.300 lei Camer\u0103 dubl\u0103 &#8230;<\/p>","protected":false},"author":1,"featured_media":5860,"parent":0,"menu_order":0,"comment_status":"closed","ping_status":"closed","template":"elementor_header_footer","meta":{"cozystay_single_page_hide_site_header":"","cozystay_single_page_site_header_source":"","cozystay_single_page_custom_site_header":"0","cozystay_single_page_custom_sticky_site_header":"0","cozystay_single_page_hide_page_title":"","cozystay_single_page_header_section_size":"","cozystay_single_page_header_background_color":"","cozystay_single_page_header_background_position_x":"center","cozystay_single_page_header_background_position_y":"center","cozystay_single_page_header_background_size":"cover","cozystay_single_page_header_background_repeat":"off","cozystay_single_page_header_background_scroll":"on","cozystay_single_page_header_text_color":"","cozystay_single_page_header_show_breadcrumb":"","cozystay_single_page_site_footer_hide_main":"","cozystay_single_custom_site_footer_main_source":"","cozystay_single_custom_site_footer_main":"0","cozystay_single_page_site_footer_hide_above":"","cozystay_single_custom_site_footer_above_source":"","cozystay_single_custom_site_footer_above":"0","cozystay_single_page_site_footer_hide_instagram":"","cozystay_single_page_site_footer_hide_bottom":"","cozystay_single_custom_mobile_menu_source":"","cozystay_single_custom_mobile_menu":"0","cozystay_single_custom_mobile_menu_animation":"","cozystay_single_custom_mobile_menu_width":"","cozystay_single_custom_mobile_menu_custom_width":375,"footnotes":""},"class_list":["post-5845","page","type-page","status-publish","has-post-thumbnail","hentry"],"yoast_head":"<!-- This site is optimized with the Yoast SEO plugin v24.6 - https:\/\/yoast.com\/wordpress\/plugins\/seo\/ -->\n<title>Oferta 8 martie - Complex Balneo Termal Va\u021ba B\u0103i<\/title>\n<meta name=\"description\" content=\"Oferta 8 Martie | Va\u021ba Thermal Spa - 6 \u2013 8 martie - Un sejur creat special pentru Ziua Femeii, \u00eentr-un cadru elegant, cu ape termale \u0219i momente dedicate st\u0103rii de bine.\" \/>\n<meta name=\"robots\" content=\"index, follow, max-snippet:-1, max-image-preview:large, max-video-preview:-1\" \/>\n<link rel=\"canonical\" href=\"https:\/\/www.vatabai.ro\/en\/oferta-8-martie\/\" \/>\n<meta property=\"og:locale\" content=\"en_GB\" \/>\n<meta property=\"og:type\" content=\"article\" \/>\n<meta property=\"og:title\" content=\"Oferta 8 martie - Complex Balneo Termal Va\u021ba B\u0103i\" \/>\n<meta property=\"og:description\" content=\"Oferta 8 Martie | Va\u021ba Thermal Spa - 6 \u2013 8 martie - Un sejur creat special pentru Ziua Femeii, \u00eentr-un cadru elegant, cu ape termale \u0219i momente dedicate st\u0103rii de bine.\" \/>\n<meta property=\"og:url\" content=\"https:\/\/www.vatabai.ro\/en\/oferta-8-martie\/\" \/>\n<meta property=\"og:site_name\" content=\"Complex Balneo Termal Va\u021ba B\u0103i\" \/>\n<meta property=\"article:modified_time\" content=\"2026-02-24T12:11:13+00:00\" \/>\n<meta property=\"og:image\" content=\"https:\/\/www.vatabai.ro\/wp-content\/uploads\/2026\/01\/8-Martie-1-1.png\" \/>\n\t<meta property=\"og:image:width\" content=\"2000\" \/>\n\t<meta property=\"og:image:height\" content=\"1414\" \/>\n\t<meta property=\"og:image:type\" content=\"image\/png\" \/>\n<meta name=\"twitter:card\" content=\"summary_large_image\" \/>\n<meta name=\"twitter:label1\" content=\"Est. reading time\" \/>\n\t<meta name=\"twitter:data1\" content=\"1 minute\" \/>\n<script type=\"application\/ld+json\" class=\"yoast-schema-graph\">{\"@context\":\"https:\/\/schema.org\",\"@graph\":[{\"@type\":\"WebPage\",\"@id\":\"https:\/\/www.vatabai.ro\/oferta-8-martie\/\",\"url\":\"https:\/\/www.vatabai.ro\/oferta-8-martie\/\",\"name\":\"Oferta 8 martie - Complex Balneo Termal Va\u021ba B\u0103i\",\"isPartOf\":{\"@id\":\"https:\/\/www.vatabai.ro\/#website\"},\"primaryImageOfPage\":{\"@id\":\"https:\/\/www.vatabai.ro\/oferta-8-martie\/#primaryimage\"},\"image\":{\"@id\":\"https:\/\/www.vatabai.ro\/oferta-8-martie\/#primaryimage\"},\"thumbnailUrl\":\"https:\/\/www.vatabai.ro\/wp-content\/uploads\/2026\/01\/8-Martie-1-1.png\",\"datePublished\":\"2026-01-14T19:08:44+00:00\",\"dateModified\":\"2026-02-24T12:11:13+00:00\",\"description\":\"Oferta 8 Martie | Va\u021ba Thermal Spa - 6 \u2013 8 martie - Un sejur creat special pentru Ziua Femeii, \u00eentr-un cadru elegant, cu ape termale \u0219i momente dedicate st\u0103rii de bine.\",\"breadcrumb\":{\"@id\":\"https:\/\/www.vatabai.ro\/oferta-8-martie\/#breadcrumb\"},\"inLanguage\":\"en-GB\",\"potentialAction\":[{\"@type\":\"ReadAction\",\"target\":[\"https:\/\/www.vatabai.ro\/oferta-8-martie\/\"]}]},{\"@type\":\"ImageObject\",\"inLanguage\":\"en-GB\",\"@id\":\"https:\/\/www.vatabai.ro\/oferta-8-martie\/#primaryimage\",\"url\":\"https:\/\/www.vatabai.ro\/wp-content\/uploads\/2026\/01\/8-Martie-1-1.png\",\"contentUrl\":\"https:\/\/www.vatabai.ro\/wp-content\/uploads\/2026\/01\/8-Martie-1-1.png\",\"width\":2000,\"height\":1414},{\"@type\":\"BreadcrumbList\",\"@id\":\"https:\/\/www.vatabai.ro\/oferta-8-martie\/#breadcrumb\",\"itemListElement\":[{\"@type\":\"ListItem\",\"position\":1,\"name\":\"Home\",\"item\":\"https:\/\/www.vatabai.ro\/\"},{\"@type\":\"ListItem\",\"position\":2,\"name\":\"Oferta 8 martie\"}]},{\"@type\":\"WebSite\",\"@id\":\"https:\/\/www.vatabai.ro\/#website\",\"url\":\"https:\/\/www.vatabai.ro\/\",\"name\":\"Complex Balneo Termal Va\u021ba B\u0103i\",\"description\":\"\",\"alternateName\":\"Va\u021ba B\u0103i\",\"potentialAction\":[{\"@type\":\"SearchAction\",\"target\":{\"@type\":\"EntryPoint\",\"urlTemplate\":\"https:\/\/www.vatabai.ro\/?s={search_term_string}\"},\"query-input\":{\"@type\":\"PropertyValueSpecification\",\"valueRequired\":true,\"valueName\":\"search_term_string\"}}],\"inLanguage\":\"en-GB\"}]}<\/script>\n<!-- \/ Yoast SEO plugin. -->","yoast_head_json":{"title":"Oferta 8 martie - Complex Balneo Termal Va\u021ba B\u0103i","description":"Oferta 8 Martie | Va\u021ba Thermal Spa - 6 \u2013 8 martie - Un sejur creat special pentru Ziua Femeii, \u00eentr-un cadru elegant, cu ape termale \u0219i momente dedicate st\u0103rii de bine.","robots":{"index":"index","follow":"follow","max-snippet":"max-snippet:-1","max-image-preview":"max-image-preview:large","max-video-preview":"max-video-preview:-1"},"canonical":"https:\/\/www.vatabai.ro\/en\/oferta-8-martie\/","og_locale":"en_GB","og_type":"article","og_title":"Oferta 8 martie - Complex Balneo Termal Va\u021ba B\u0103i","og_description":"Oferta 8 Martie | Va\u021ba Thermal Spa - 6 \u2013 8 martie - Un sejur creat special pentru Ziua Femeii, \u00eentr-un cadru elegant, cu ape termale \u0219i momente dedicate st\u0103rii de bine.","og_url":"https:\/\/www.vatabai.ro\/en\/oferta-8-martie\/","og_site_name":"Complex Balneo Termal Va\u021ba B\u0103i","article_modified_time":"2026-02-24T12:11:13+00:00","og_image":[{"width":2000,"height":1414,"url":"https:\/\/www.vatabai.ro\/wp-content\/uploads\/2026\/01\/8-Martie-1-1.png","type":"image\/png"}],"twitter_card":"summary_large_image","twitter_misc":{"Est. reading time":"1 minute"},"schema":{"@context":"https:\/\/schema.org","@graph":[{"@type":"WebPage","@id":"https:\/\/www.vatabai.ro\/oferta-8-martie\/","url":"https:\/\/www.vatabai.ro\/oferta-8-martie\/","name":"Oferta 8 martie - Complex Balneo Termal Va\u021ba B\u0103i","isPartOf":{"@id":"https:\/\/www.vatabai.ro\/#website"},"primaryImageOfPage":{"@id":"https:\/\/www.vatabai.ro\/oferta-8-martie\/#primaryimage"},"image":{"@id":"https:\/\/www.vatabai.ro\/oferta-8-martie\/#primaryimage"},"thumbnailUrl":"https:\/\/www.vatabai.ro\/wp-content\/uploads\/2026\/01\/8-Martie-1-1.png","datePublished":"2026-01-14T19:08:44+00:00","dateModified":"2026-02-24T12:11:13+00:00","description":"Oferta 8 Martie | Va\u021ba Thermal Spa - 6 \u2013 8 martie - Un sejur creat special pentru Ziua Femeii, \u00eentr-un cadru elegant, cu ape termale \u0219i momente dedicate st\u0103rii de bine.","breadcrumb":{"@id":"https:\/\/www.vatabai.ro\/oferta-8-martie\/#breadcrumb"},"inLanguage":"en-GB","potentialAction":[{"@type":"ReadAction","target":["https:\/\/www.vatabai.ro\/oferta-8-martie\/"]}]},{"@type":"ImageObject","inLanguage":"en-GB","@id":"https:\/\/www.vatabai.ro\/oferta-8-martie\/#primaryimage","url":"https:\/\/www.vatabai.ro\/wp-content\/uploads\/2026\/01\/8-Martie-1-1.png","contentUrl":"https:\/\/www.vatabai.ro\/wp-content\/uploads\/2026\/01\/8-Martie-1-1.png","width":2000,"height":1414},{"@type":"BreadcrumbList","@id":"https:\/\/www.vatabai.ro\/oferta-8-martie\/#breadcrumb","itemListElement":[{"@type":"ListItem","position":1,"name":"Home","item":"https:\/\/www.vatabai.ro\/"},{"@type":"ListItem","position":2,"name":"Oferta 8 martie"}]},{"@type":"WebSite","@id":"https:\/\/www.vatabai.ro\/#website","url":"https:\/\/www.vatabai.ro\/","name":"Complex Balneo Termal Va\u021ba B\u0103i","description":"","alternateName":"Va\u021ba B\u0103i","potentialAction":[{"@type":"SearchAction","target":{"@type":"EntryPoint","urlTemplate":"https:\/\/www.vatabai.ro\/?s={search_term_string}"},"query-input":{"@type":"PropertyValueSpecification","valueRequired":true,"valueName":"search_term_string"}}],"inLanguage":"en-GB"}]}},"_links":{"self":[{"href":"https:\/\/www.vatabai.ro\/en\/wp-json\/wp\/v2\/pages\/5845","targetHints":{"allow":["GET"]}}],"collection":[{"href":"https:\/\/www.vatabai.ro\/en\/wp-json\/wp\/v2\/pages"}],"about":[{"href":"https:\/\/www.vatabai.ro\/en\/wp-json\/wp\/v2\/types\/page"}],"author":[{"embeddable":true,"href":"https:\/\/www.vatabai.ro\/en\/wp-json\/wp\/v2\/users\/1"}],"replies":[{"embeddable":true,"href":"https:\/\/www.vatabai.ro\/en\/wp-json\/wp\/v2\/comments?post=5845"}],"version-history":[{"count":13,"href":"https:\/\/www.vatabai.ro\/en\/wp-json\/wp\/v2\/pages\/5845\/revisions"}],"predecessor-version":[{"id":6003,"href":"https:\/\/www.vatabai.ro\/en\/wp-json\/wp\/v2\/pages\/5845\/revisions\/6003"}],"wp:featuredmedia":[{"embeddable":true,"href":"https:\/\/www.vatabai.ro\/en\/wp-json\/wp\/v2\/media\/5860"}],"wp:attachment":[{"href":"https:\/\/www.vatabai.ro\/en\/wp-json\/wp\/v2\/media?parent=5845"}],"curies":[{"name":"wp","href":"https:\/\/api.w.org\/{rel}","templated":true}]}}