{"id":5827,"date":"2026-01-12T10:01:48","date_gmt":"2026-01-12T10:01:48","guid":{"rendered":"https:\/\/www.vatabai.ro\/?page_id=5827"},"modified":"2026-01-12T10:08:26","modified_gmt":"2026-01-12T10:08:26","slug":"valentines-day","status":"publish","type":"page","link":"https:\/\/www.vatabai.ro\/en\/valentines-day\/","title":{"rendered":"Valentine\u2019s Day"},"content":{"rendered":"<div data-elementor-type=\"wp-page\" data-elementor-id=\"5827\" class=\"elementor elementor-5827\">\n\t\t\t\t\t\t<section class=\"elementor-section elementor-top-section elementor-element elementor-element-ff34c7d elementor-section-height-min-height cs-section-content-fullwidth cs-parallax-on-scroll cs_scroll_y_80 elementor-section-boxed elementor-section-height-default elementor-section-items-middle\" data-id=\"ff34c7d\" data-element_type=\"section\" data-settings=\"{&quot;background_background&quot;:&quot;slideshow&quot;,&quot;background_slideshow_gallery&quot;:[{&quot;id&quot;:5831,&quot;url&quot;:&quot;https:\\\/\\\/www.vatabai.ro\\\/wp-content\\\/uploads\\\/2026\\\/01\\\/WhatsApp-Image-2026-01-10-at-19.10.13-1.jpeg&quot;}],&quot;background_slideshow_ken_burns&quot;:&quot;yes&quot;,&quot;background_slideshow_loop&quot;:&quot;yes&quot;,&quot;background_slideshow_slide_duration&quot;:5000,&quot;background_slideshow_slide_transition&quot;:&quot;fade&quot;,&quot;background_slideshow_transition_duration&quot;:500,&quot;background_slideshow_ken_burns_zoom_direction&quot;:&quot;in&quot;}\" data-cs-parallax-y=\"80\">\n\t\t\t\t\t\t\t<div class=\"elementor-background-overlay\"><\/div>\n\t\t\t\t\t\t\t<div class=\"elementor-container elementor-column-gap-no\">\n\t\t\t\t\t<div class=\"elementor-column elementor-col-100 elementor-top-column elementor-element elementor-element-675feef dark-color\" data-id=\"675feef\" data-element_type=\"column\">\n\t\t\t<div class=\"elementor-widget-wrap elementor-element-populated\">\n\t\t\t\t\t\t<div class=\"elementor-element elementor-element-8fa50e2 elementor-widget elementor-widget-cs_title\" data-id=\"8fa50e2\" data-element_type=\"widget\" data-widget_type=\"cs_title.default\">\n\t\t\t\t<div class=\"elementor-widget-container\">\n\t\t\t\t\t\n        <div class=\"cs-title-wrap text-center\">\t            <div class=\"cs-subtitle-wrap\"><span class=\"cs-subtitle color-white\">Offers<\/span><\/div>\t            <h1 class=\"cs-title\">\n\t                Valentine\u2019s Day\t            <\/h1>\t            <div class=\"cs-title-text\">\n\t                <p>Un weekend pentru voi doi.<\/p>\t            <\/div>        <\/div>\t\t\t\t<\/div>\n\t\t\t\t<\/div>\n\t\t\t\t\t<\/div>\n\t\t<\/div>\n\t\t\t\t\t<\/div>\n\t\t<\/section>\n\t\t\t\t<section class=\"elementor-section elementor-top-section elementor-element elementor-element-971d2be elementor-section-content-middle elementor-reverse-mobile elementor-section-boxed elementor-section-height-default elementor-section-height-default\" data-id=\"971d2be\" data-element_type=\"section\" data-settings=\"{&quot;background_background&quot;:&quot;classic&quot;}\">\n\t\t\t\t\t\t<div class=\"elementor-container elementor-column-gap-no\">\n\t\t\t\t\t<div class=\"elementor-column elementor-col-50 elementor-top-column elementor-element elementor-element-79a0d30\" data-id=\"79a0d30\" data-element_type=\"column\">\n\t\t\t<div class=\"elementor-widget-wrap elementor-element-populated\">\n\t\t\t\t\t\t<div class=\"elementor-element elementor-element-0c922dc cs-animation-small-offset elementor-invisible elementor-widget elementor-widget-image\" data-id=\"0c922dc\" data-element_type=\"widget\" data-settings=\"{&quot;_animation&quot;:&quot;fadeInUp&quot;,&quot;_animation_delay&quot;:150}\" data-widget_type=\"image.default\">\n\t\t\t\t<div class=\"elementor-widget-container\">\n\t\t\t\t\t\t\t\t\t\t\t\t\t\t\t<img fetchpriority=\"high\" decoding=\"async\" width=\"1545\" height=\"1999\" src=\"https:\/\/www.vatabai.ro\/wp-content\/uploads\/2026\/01\/www.vatabai.ro-1.png\" class=\"attachment-full size-full wp-image-5832\" alt=\"\" srcset=\"https:\/\/www.vatabai.ro\/wp-content\/uploads\/2026\/01\/www.vatabai.ro-1.png 1545w, https:\/\/www.vatabai.ro\/wp-content\/uploads\/2026\/01\/www.vatabai.ro-1-232x300.png 232w, https:\/\/www.vatabai.ro\/wp-content\/uploads\/2026\/01\/www.vatabai.ro-1-791x1024.png 791w, https:\/\/www.vatabai.ro\/wp-content\/uploads\/2026\/01\/www.vatabai.ro-1-768x994.png 768w, https:\/\/www.vatabai.ro\/wp-content\/uploads\/2026\/01\/www.vatabai.ro-1-1187x1536.png 1187w, https:\/\/www.vatabai.ro\/wp-content\/uploads\/2026\/01\/www.vatabai.ro-1-9x12.png 9w, https:\/\/www.vatabai.ro\/wp-content\/uploads\/2026\/01\/www.vatabai.ro-1-1440x1863.png 1440w, https:\/\/www.vatabai.ro\/wp-content\/uploads\/2026\/01\/www.vatabai.ro-1-1200x1553.png 1200w, https:\/\/www.vatabai.ro\/wp-content\/uploads\/2026\/01\/www.vatabai.ro-1-780x1009.png 780w, https:\/\/www.vatabai.ro\/wp-content\/uploads\/2026\/01\/www.vatabai.ro-1-600x776.png 600w, https:\/\/www.vatabai.ro\/wp-content\/uploads\/2026\/01\/www.vatabai.ro-1-550x712.png 550w, https:\/\/www.vatabai.ro\/wp-content\/uploads\/2026\/01\/www.vatabai.ro-1-370x479.png 370w, https:\/\/www.vatabai.ro\/wp-content\/uploads\/2026\/01\/www.vatabai.ro-1-255x330.png 255w, https:\/\/www.vatabai.ro\/wp-content\/uploads\/2026\/01\/www.vatabai.ro-1-1000x1294.png 1000w, https:\/\/www.vatabai.ro\/wp-content\/uploads\/2026\/01\/www.vatabai.ro-1-116x150.png 116w\" sizes=\"(max-width: 1545px) 100vw, 1545px\" \/>\t\t\t\t\t\t\t\t\t\t\t\t\t\t\t<\/div>\n\t\t\t\t<\/div>\n\t\t\t\t\t<\/div>\n\t\t<\/div>\n\t\t\t\t<div class=\"elementor-column elementor-col-50 elementor-top-column elementor-element elementor-element-3886e69\" data-id=\"3886e69\" data-element_type=\"column\">\n\t\t\t<div class=\"elementor-widget-wrap elementor-element-populated\">\n\t\t\t\t\t\t<div class=\"elementor-element elementor-element-cf2fdbf elementor-widget elementor-widget-cs_title\" data-id=\"cf2fdbf\" data-element_type=\"widget\" data-widget_type=\"cs_title.default\">\n\t\t\t\t<div class=\"elementor-widget-container\">\n\t\t\t\t\t\n        <div class=\"cs-title-wrap\">\t            <div class=\"cs-subtitle-wrap\"><span class=\"cs-subtitle\">Special offer <\/span><\/div>\t            <h4 class=\"cs-title\">\n\t                Valentine\u2019s Day | Va\u021ba Thermal Spa\t            <\/h4>\t            <div class=\"cs-title-text\">\n\t                <p data-start=\"49\" data-end=\"162\">Relaxare, timp \u00eempreun\u0103 \u0219i ape termale. \u2668\ufe0f\u2728<\/p><p data-start=\"164\" data-end=\"188\">\ud83d\udcc5 <strong data-start=\"167\" data-end=\"188\">13 \u2013 15 februarie<\/strong><\/p><p data-start=\"190\" data-end=\"297\">O escapad\u0103 romantic\u0103 premium, dedicat\u0103 cuplurilor care \u00ee\u0219i doresc lini\u0219te, r\u0103sf\u0103\u021b \u0219i o experien\u021b\u0103 special\u0103.<\/p><p data-start=\"299\" data-end=\"470\"><strong data-start=\"299\" data-end=\"320\">Pachetul include:<\/strong><br data-start=\"320\" data-end=\"323\" \/>\u2013 cazare 2 nop\u021bi<br data-start=\"339\" data-end=\"342\" \/>\u2013 pensiune complet\u0103<br data-start=\"361\" data-end=\"364\" \/>\u2013 acces SPA \u0219i bazine termale<br data-start=\"393\" data-end=\"396\" \/>\u2013 degustare de vin<br data-start=\"414\" data-end=\"417\" \/>\u2013 <strong data-start=\"419\" data-end=\"436\">14 februarie:<\/strong> sear\u0103 festiv\u0103 cu muzic\u0103 \u0219i dans<\/p><p data-start=\"472\" data-end=\"581\"><strong data-start=\"472\" data-end=\"504\">Tarife (2 persoane \/ sejur):<\/strong><br data-start=\"504\" data-end=\"507\" \/>Mansard\u0103 \u2013 2.150 lei<br data-start=\"527\" data-end=\"530\" \/>Camer\u0103 dubl\u0103 \u2013 2.350 lei<br data-start=\"554\" data-end=\"557\" \/>Apartament \u2013 2.650 lei<\/p><p data-start=\"583\" data-end=\"655\" data-is-last-node=\"\" data-is-only-node=\"\">\ud83d\udcde <strong data-start=\"586\" data-end=\"600\">Rezerv\u0103ri:<\/strong> 0729 427 335<br data-start=\"613\" data-end=\"616\" \/>\ud83d\udccd <strong data-start=\"619\" data-end=\"639\">Va\u021ba Thermal Spa<\/strong>, jud. Hunedoara<\/p>\t            <\/div>        <\/div>\t\t\t\t<\/div>\n\t\t\t\t<\/div>\n\t\t\t\t\t<\/div>\n\t\t<\/div>\n\t\t\t\t\t<\/div>\n\t\t<\/section>\n\t\t\t\t<section class=\"elementor-section elementor-top-section elementor-element elementor-element-631657b elementor-section-content-middle elementor-reverse-mobile elementor-section-boxed elementor-section-height-default elementor-section-height-default\" data-id=\"631657b\" data-element_type=\"section\" data-settings=\"{&quot;background_background&quot;:&quot;classic&quot;}\">\n\t\t\t\t\t\t<div class=\"elementor-container elementor-column-gap-no\">\n\t\t\t\t\t<div class=\"elementor-column elementor-col-100 elementor-top-column elementor-element elementor-element-1322d20\" data-id=\"1322d20\" data-element_type=\"column\">\n\t\t\t<div class=\"elementor-widget-wrap\">\n\t\t\t\t\t\t\t<\/div>\n\t\t<\/div>\n\t\t\t\t\t<\/div>\n\t\t<\/section>\n\t\t\t\t<\/div>","protected":false},"excerpt":{"rendered":"<p>Oferte Valentine\u2019s Day Un weekend pentru voi doi. Ofert\u0103 special\u0103 Valentine\u2019s Day | Va\u021ba Thermal Spa Relaxare, timp \u00eempreun\u0103 \u0219i ape termale. \u2668\ufe0f\u2728 \ud83d\udcc5 13 \u2013 15 februarie O escapad\u0103 romantic\u0103 premium, dedicat\u0103 cuplurilor care \u00ee\u0219i doresc lini\u0219te, r\u0103sf\u0103\u021b \u0219i o experien\u021b\u0103 special\u0103. Pachetul include:\u2013 cazare 2 nop\u021bi\u2013 pensiune complet\u0103\u2013 acces SPA \u0219i bazine termale\u2013 &#8230;<\/p>","protected":false},"author":1,"featured_media":5828,"parent":0,"menu_order":0,"comment_status":"closed","ping_status":"closed","template":"elementor_header_footer","meta":{"cozystay_single_page_hide_site_header":"","cozystay_single_page_site_header_source":"","cozystay_single_page_custom_site_header":"0","cozystay_single_page_custom_sticky_site_header":"0","cozystay_single_page_hide_page_title":"","cozystay_single_page_header_section_size":"","cozystay_single_page_header_background_color":"","cozystay_single_page_header_background_position_x":"center","cozystay_single_page_header_background_position_y":"center","cozystay_single_page_header_background_size":"cover","cozystay_single_page_header_background_repeat":"off","cozystay_single_page_header_background_scroll":"on","cozystay_single_page_header_text_color":"","cozystay_single_page_header_show_breadcrumb":"","cozystay_single_page_site_footer_hide_main":"","cozystay_single_custom_site_footer_main_source":"","cozystay_single_custom_site_footer_main":"0","cozystay_single_page_site_footer_hide_above":"","cozystay_single_custom_site_footer_above_source":"","cozystay_single_custom_site_footer_above":"0","cozystay_single_page_site_footer_hide_instagram":"","cozystay_single_page_site_footer_hide_bottom":"","cozystay_single_custom_mobile_menu_source":"","cozystay_single_custom_mobile_menu":"0","cozystay_single_custom_mobile_menu_animation":"","cozystay_single_custom_mobile_menu_width":"","cozystay_single_custom_mobile_menu_custom_width":375,"footnotes":""},"class_list":["post-5827","page","type-page","status-publish","has-post-thumbnail","hentry"],"yoast_head":"<!-- This site is optimized with the Yoast SEO plugin v24.6 - https:\/\/yoast.com\/wordpress\/plugins\/seo\/ -->\n<title>Valentine\u2019s Day - Complex Balneo Termal Va\u021ba B\u0103i<\/title>\n<meta name=\"description\" content=\"O escapada romantica premium, dedicata cuplurilor care isi doresc liniste, rasfat si o experienta speciala.\" \/>\n<meta name=\"robots\" content=\"index, follow, max-snippet:-1, max-image-preview:large, max-video-preview:-1\" \/>\n<link rel=\"canonical\" href=\"https:\/\/www.vatabai.ro\/en\/valentines-day\/\" \/>\n<meta property=\"og:locale\" content=\"en_GB\" \/>\n<meta property=\"og:type\" content=\"article\" \/>\n<meta property=\"og:title\" content=\"Valentine\u2019s Day - Complex Balneo Termal Va\u021ba B\u0103i\" \/>\n<meta property=\"og:description\" content=\"O escapada romantica premium, dedicata cuplurilor care isi doresc liniste, rasfat si o experienta speciala.\" \/>\n<meta property=\"og:url\" content=\"https:\/\/www.vatabai.ro\/en\/valentines-day\/\" \/>\n<meta property=\"og:site_name\" content=\"Complex Balneo Termal Va\u021ba B\u0103i\" \/>\n<meta property=\"article:modified_time\" content=\"2026-01-12T10:08:26+00:00\" \/>\n<meta property=\"og:image\" content=\"https:\/\/www.vatabai.ro\/wp-content\/uploads\/2026\/01\/WhatsApp-Image-2026-01-10-at-19.10.13.jpeg\" \/>\n\t<meta property=\"og:image:width\" content=\"1018\" \/>\n\t<meta property=\"og:image:height\" content=\"848\" \/>\n\t<meta property=\"og:image:type\" content=\"image\/jpeg\" \/>\n<meta name=\"twitter:card\" content=\"summary_large_image\" \/>\n<meta name=\"twitter:label1\" content=\"Est. reading time\" \/>\n\t<meta name=\"twitter:data1\" content=\"2 minutes\" \/>\n<script type=\"application\/ld+json\" class=\"yoast-schema-graph\">{\"@context\":\"https:\/\/schema.org\",\"@graph\":[{\"@type\":\"WebPage\",\"@id\":\"https:\/\/www.vatabai.ro\/valentines-day\/\",\"url\":\"https:\/\/www.vatabai.ro\/valentines-day\/\",\"name\":\"Valentine\u2019s Day - Complex Balneo Termal Va\u021ba B\u0103i\",\"isPartOf\":{\"@id\":\"https:\/\/www.vatabai.ro\/#website\"},\"primaryImageOfPage\":{\"@id\":\"https:\/\/www.vatabai.ro\/valentines-day\/#primaryimage\"},\"image\":{\"@id\":\"https:\/\/www.vatabai.ro\/valentines-day\/#primaryimage\"},\"thumbnailUrl\":\"https:\/\/www.vatabai.ro\/wp-content\/uploads\/2026\/01\/WhatsApp-Image-2026-01-10-at-19.10.13.jpeg\",\"datePublished\":\"2026-01-12T10:01:48+00:00\",\"dateModified\":\"2026-01-12T10:08:26+00:00\",\"description\":\"O escapada romantica premium, dedicata cuplurilor care isi doresc liniste, rasfat si o experienta speciala.\",\"breadcrumb\":{\"@id\":\"https:\/\/www.vatabai.ro\/valentines-day\/#breadcrumb\"},\"inLanguage\":\"en-GB\",\"potentialAction\":[{\"@type\":\"ReadAction\",\"target\":[\"https:\/\/www.vatabai.ro\/valentines-day\/\"]}]},{\"@type\":\"ImageObject\",\"inLanguage\":\"en-GB\",\"@id\":\"https:\/\/www.vatabai.ro\/valentines-day\/#primaryimage\",\"url\":\"https:\/\/www.vatabai.ro\/wp-content\/uploads\/2026\/01\/WhatsApp-Image-2026-01-10-at-19.10.13.jpeg\",\"contentUrl\":\"https:\/\/www.vatabai.ro\/wp-content\/uploads\/2026\/01\/WhatsApp-Image-2026-01-10-at-19.10.13.jpeg\",\"width\":1018,\"height\":848},{\"@type\":\"BreadcrumbList\",\"@id\":\"https:\/\/www.vatabai.ro\/valentines-day\/#breadcrumb\",\"itemListElement\":[{\"@type\":\"ListItem\",\"position\":1,\"name\":\"Home\",\"item\":\"https:\/\/www.vatabai.ro\/\"},{\"@type\":\"ListItem\",\"position\":2,\"name\":\"Valentine\u2019s Day\"}]},{\"@type\":\"WebSite\",\"@id\":\"https:\/\/www.vatabai.ro\/#website\",\"url\":\"https:\/\/www.vatabai.ro\/\",\"name\":\"Complex Balneo Termal Va\u021ba B\u0103i\",\"description\":\"\",\"alternateName\":\"Va\u021ba B\u0103i\",\"potentialAction\":[{\"@type\":\"SearchAction\",\"target\":{\"@type\":\"EntryPoint\",\"urlTemplate\":\"https:\/\/www.vatabai.ro\/?s={search_term_string}\"},\"query-input\":{\"@type\":\"PropertyValueSpecification\",\"valueRequired\":true,\"valueName\":\"search_term_string\"}}],\"inLanguage\":\"en-GB\"}]}<\/script>\n<!-- \/ Yoast SEO plugin. -->","yoast_head_json":{"title":"Valentine\u2019s Day - Complex Balneo Termal Va\u021ba B\u0103i","description":"O escapada romantica premium, dedicata cuplurilor care isi doresc liniste, rasfat si o experienta speciala.","robots":{"index":"index","follow":"follow","max-snippet":"max-snippet:-1","max-image-preview":"max-image-preview:large","max-video-preview":"max-video-preview:-1"},"canonical":"https:\/\/www.vatabai.ro\/en\/valentines-day\/","og_locale":"en_GB","og_type":"article","og_title":"Valentine\u2019s Day - Complex Balneo Termal Va\u021ba B\u0103i","og_description":"O escapada romantica premium, dedicata cuplurilor care isi doresc liniste, rasfat si o experienta speciala.","og_url":"https:\/\/www.vatabai.ro\/en\/valentines-day\/","og_site_name":"Complex Balneo Termal Va\u021ba B\u0103i","article_modified_time":"2026-01-12T10:08:26+00:00","og_image":[{"width":1018,"height":848,"url":"https:\/\/www.vatabai.ro\/wp-content\/uploads\/2026\/01\/WhatsApp-Image-2026-01-10-at-19.10.13.jpeg","type":"image\/jpeg"}],"twitter_card":"summary_large_image","twitter_misc":{"Est. reading time":"2 minutes"},"schema":{"@context":"https:\/\/schema.org","@graph":[{"@type":"WebPage","@id":"https:\/\/www.vatabai.ro\/valentines-day\/","url":"https:\/\/www.vatabai.ro\/valentines-day\/","name":"Valentine\u2019s Day - Complex Balneo Termal Va\u021ba B\u0103i","isPartOf":{"@id":"https:\/\/www.vatabai.ro\/#website"},"primaryImageOfPage":{"@id":"https:\/\/www.vatabai.ro\/valentines-day\/#primaryimage"},"image":{"@id":"https:\/\/www.vatabai.ro\/valentines-day\/#primaryimage"},"thumbnailUrl":"https:\/\/www.vatabai.ro\/wp-content\/uploads\/2026\/01\/WhatsApp-Image-2026-01-10-at-19.10.13.jpeg","datePublished":"2026-01-12T10:01:48+00:00","dateModified":"2026-01-12T10:08:26+00:00","description":"O escapada romantica premium, dedicata cuplurilor care isi doresc liniste, rasfat si o experienta speciala.","breadcrumb":{"@id":"https:\/\/www.vatabai.ro\/valentines-day\/#breadcrumb"},"inLanguage":"en-GB","potentialAction":[{"@type":"ReadAction","target":["https:\/\/www.vatabai.ro\/valentines-day\/"]}]},{"@type":"ImageObject","inLanguage":"en-GB","@id":"https:\/\/www.vatabai.ro\/valentines-day\/#primaryimage","url":"https:\/\/www.vatabai.ro\/wp-content\/uploads\/2026\/01\/WhatsApp-Image-2026-01-10-at-19.10.13.jpeg","contentUrl":"https:\/\/www.vatabai.ro\/wp-content\/uploads\/2026\/01\/WhatsApp-Image-2026-01-10-at-19.10.13.jpeg","width":1018,"height":848},{"@type":"BreadcrumbList","@id":"https:\/\/www.vatabai.ro\/valentines-day\/#breadcrumb","itemListElement":[{"@type":"ListItem","position":1,"name":"Home","item":"https:\/\/www.vatabai.ro\/"},{"@type":"ListItem","position":2,"name":"Valentine\u2019s Day"}]},{"@type":"WebSite","@id":"https:\/\/www.vatabai.ro\/#website","url":"https:\/\/www.vatabai.ro\/","name":"Complex Balneo Termal Va\u021ba B\u0103i","description":"","alternateName":"Va\u021ba B\u0103i","potentialAction":[{"@type":"SearchAction","target":{"@type":"EntryPoint","urlTemplate":"https:\/\/www.vatabai.ro\/?s={search_term_string}"},"query-input":{"@type":"PropertyValueSpecification","valueRequired":true,"valueName":"search_term_string"}}],"inLanguage":"en-GB"}]}},"_links":{"self":[{"href":"https:\/\/www.vatabai.ro\/en\/wp-json\/wp\/v2\/pages\/5827","targetHints":{"allow":["GET"]}}],"collection":[{"href":"https:\/\/www.vatabai.ro\/en\/wp-json\/wp\/v2\/pages"}],"about":[{"href":"https:\/\/www.vatabai.ro\/en\/wp-json\/wp\/v2\/types\/page"}],"author":[{"embeddable":true,"href":"https:\/\/www.vatabai.ro\/en\/wp-json\/wp\/v2\/users\/1"}],"replies":[{"embeddable":true,"href":"https:\/\/www.vatabai.ro\/en\/wp-json\/wp\/v2\/comments?post=5827"}],"version-history":[{"count":10,"href":"https:\/\/www.vatabai.ro\/en\/wp-json\/wp\/v2\/pages\/5827\/revisions"}],"predecessor-version":[{"id":5841,"href":"https:\/\/www.vatabai.ro\/en\/wp-json\/wp\/v2\/pages\/5827\/revisions\/5841"}],"wp:featuredmedia":[{"embeddable":true,"href":"https:\/\/www.vatabai.ro\/en\/wp-json\/wp\/v2\/media\/5828"}],"wp:attachment":[{"href":"https:\/\/www.vatabai.ro\/en\/wp-json\/wp\/v2\/media?parent=5827"}],"curies":[{"name":"wp","href":"https:\/\/api.w.org\/{rel}","templated":true}]}}