{"id":5766,"date":"2025-12-16T16:09:12","date_gmt":"2025-12-16T16:09:12","guid":{"rendered":"https:\/\/www.vatabai.ro\/?page_id=5766"},"modified":"2025-12-16T16:36:37","modified_gmt":"2025-12-16T16:36:37","slug":"vouchere-cadou","status":"publish","type":"page","link":"https:\/\/www.vatabai.ro\/en\/vouchere-cadou\/","title":{"rendered":"Vouchere cadou"},"content":{"rendered":"<div data-elementor-type=\"wp-page\" data-elementor-id=\"5766\" class=\"elementor elementor-5766\">\n\t\t\t\t\t\t<section class=\"elementor-section elementor-top-section elementor-element elementor-element-b753460 elementor-section-height-min-height cs-section-content-fullwidth cs-parallax-on-scroll cs_scroll_y_80 elementor-section-boxed elementor-section-height-default elementor-section-items-middle\" data-id=\"b753460\" data-element_type=\"section\" data-settings=\"{&quot;background_background&quot;:&quot;slideshow&quot;,&quot;background_slideshow_gallery&quot;:[{&quot;id&quot;:5053,&quot;url&quot;:&quot;https:\\\/\\\/www.vatabai.ro\\\/wp-content\\\/uploads\\\/2025\\\/09\\\/VB12-1679.jpg&quot;},{&quot;id&quot;:5054,&quot;url&quot;:&quot;https:\\\/\\\/www.vatabai.ro\\\/wp-content\\\/uploads\\\/2025\\\/09\\\/VB12-1703-1.jpg&quot;},{&quot;id&quot;:5052,&quot;url&quot;:&quot;https:\\\/\\\/www.vatabai.ro\\\/wp-content\\\/uploads\\\/2025\\\/09\\\/VB12-1609-1.jpg&quot;},{&quot;id&quot;:5038,&quot;url&quot;:&quot;https:\\\/\\\/www.vatabai.ro\\\/wp-content\\\/uploads\\\/2025\\\/09\\\/VB11-1101.jpg&quot;},{&quot;id&quot;:5040,&quot;url&quot;:&quot;https:\\\/\\\/www.vatabai.ro\\\/wp-content\\\/uploads\\\/2025\\\/09\\\/VB11-1125-Copy.jpg&quot;},{&quot;id&quot;:5037,&quot;url&quot;:&quot;https:\\\/\\\/www.vatabai.ro\\\/wp-content\\\/uploads\\\/2025\\\/09\\\/VB11-1091.jpg&quot;},{&quot;id&quot;:5036,&quot;url&quot;:&quot;https:\\\/\\\/www.vatabai.ro\\\/wp-content\\\/uploads\\\/2025\\\/09\\\/VB11-1088.jpg&quot;},{&quot;id&quot;:5039,&quot;url&quot;:&quot;https:\\\/\\\/www.vatabai.ro\\\/wp-content\\\/uploads\\\/2025\\\/09\\\/VB11-1109-Copy.jpg&quot;},{&quot;id&quot;:5041,&quot;url&quot;:&quot;https:\\\/\\\/www.vatabai.ro\\\/wp-content\\\/uploads\\\/2025\\\/09\\\/VB11-1130.jpg&quot;},{&quot;id&quot;:5042,&quot;url&quot;:&quot;https:\\\/\\\/www.vatabai.ro\\\/wp-content\\\/uploads\\\/2025\\\/09\\\/VB11-1131.jpg&quot;},{&quot;id&quot;:5043,&quot;url&quot;:&quot;https:\\\/\\\/www.vatabai.ro\\\/wp-content\\\/uploads\\\/2025\\\/09\\\/VB11-1143.jpg&quot;},{&quot;id&quot;:5044,&quot;url&quot;:&quot;https:\\\/\\\/www.vatabai.ro\\\/wp-content\\\/uploads\\\/2025\\\/09\\\/VB11-1173.jpg&quot;},{&quot;id&quot;:5045,&quot;url&quot;:&quot;https:\\\/\\\/www.vatabai.ro\\\/wp-content\\\/uploads\\\/2025\\\/09\\\/VB11-1237.jpg&quot;},{&quot;id&quot;:5046,&quot;url&quot;:&quot;https:\\\/\\\/www.vatabai.ro\\\/wp-content\\\/uploads\\\/2025\\\/09\\\/VB12-1457.jpg&quot;},{&quot;id&quot;:5047,&quot;url&quot;:&quot;https:\\\/\\\/www.vatabai.ro\\\/wp-content\\\/uploads\\\/2025\\\/09\\\/VB12-1500.jpg&quot;},{&quot;id&quot;:5048,&quot;url&quot;:&quot;https:\\\/\\\/www.vatabai.ro\\\/wp-content\\\/uploads\\\/2025\\\/09\\\/VB12-1541.jpg&quot;},{&quot;id&quot;:5049,&quot;url&quot;:&quot;https:\\\/\\\/www.vatabai.ro\\\/wp-content\\\/uploads\\\/2025\\\/09\\\/VB12-1580.jpg&quot;},{&quot;id&quot;:5050,&quot;url&quot;:&quot;https:\\\/\\\/www.vatabai.ro\\\/wp-content\\\/uploads\\\/2025\\\/09\\\/VB12-1581-1.jpg&quot;},{&quot;id&quot;:5051,&quot;url&quot;:&quot;https:\\\/\\\/www.vatabai.ro\\\/wp-content\\\/uploads\\\/2025\\\/09\\\/VB12-1593-1.jpg&quot;},{&quot;id&quot;:5055,&quot;url&quot;:&quot;https:\\\/\\\/www.vatabai.ro\\\/wp-content\\\/uploads\\\/2025\\\/09\\\/VB12-1724-1.jpg&quot;},{&quot;id&quot;:5056,&quot;url&quot;:&quot;https:\\\/\\\/www.vatabai.ro\\\/wp-content\\\/uploads\\\/2025\\\/09\\\/VB13-2146.jpg&quot;},{&quot;id&quot;:5057,&quot;url&quot;:&quot;https:\\\/\\\/www.vatabai.ro\\\/wp-content\\\/uploads\\\/2025\\\/09\\\/VB13-2148.jpg&quot;},{&quot;id&quot;:5058,&quot;url&quot;:&quot;https:\\\/\\\/www.vatabai.ro\\\/wp-content\\\/uploads\\\/2025\\\/09\\\/VB13-2169.jpg&quot;},{&quot;id&quot;:5059,&quot;url&quot;:&quot;https:\\\/\\\/www.vatabai.ro\\\/wp-content\\\/uploads\\\/2025\\\/09\\\/VB13-2174.jpg&quot;},{&quot;id&quot;:5060,&quot;url&quot;:&quot;https:\\\/\\\/www.vatabai.ro\\\/wp-content\\\/uploads\\\/2025\\\/09\\\/VB13-2177.jpg&quot;},{&quot;id&quot;:5061,&quot;url&quot;:&quot;https:\\\/\\\/www.vatabai.ro\\\/wp-content\\\/uploads\\\/2025\\\/09\\\/VB13-2183.jpg&quot;},{&quot;id&quot;:5062,&quot;url&quot;:&quot;https:\\\/\\\/www.vatabai.ro\\\/wp-content\\\/uploads\\\/2025\\\/09\\\/VB13-2184.jpg&quot;},{&quot;id&quot;:5063,&quot;url&quot;:&quot;https:\\\/\\\/www.vatabai.ro\\\/wp-content\\\/uploads\\\/2025\\\/09\\\/VB13-2185.jpg&quot;},{&quot;id&quot;:5064,&quot;url&quot;:&quot;https:\\\/\\\/www.vatabai.ro\\\/wp-content\\\/uploads\\\/2025\\\/09\\\/VB13-2186.jpg&quot;},{&quot;id&quot;:5065,&quot;url&quot;:&quot;https:\\\/\\\/www.vatabai.ro\\\/wp-content\\\/uploads\\\/2025\\\/09\\\/VB13-2190.jpg&quot;},{&quot;id&quot;:5066,&quot;url&quot;:&quot;https:\\\/\\\/www.vatabai.ro\\\/wp-content\\\/uploads\\\/2025\\\/09\\\/VB13-2197.jpg&quot;},{&quot;id&quot;:5067,&quot;url&quot;:&quot;https:\\\/\\\/www.vatabai.ro\\\/wp-content\\\/uploads\\\/2025\\\/09\\\/VB13-2202.jpg&quot;},{&quot;id&quot;:5068,&quot;url&quot;:&quot;https:\\\/\\\/www.vatabai.ro\\\/wp-content\\\/uploads\\\/2025\\\/09\\\/VB13-2210.jpg&quot;}],&quot;background_slideshow_ken_burns&quot;:&quot;yes&quot;,&quot;background_slideshow_loop&quot;:&quot;yes&quot;,&quot;background_slideshow_slide_duration&quot;:5000,&quot;background_slideshow_slide_transition&quot;:&quot;fade&quot;,&quot;background_slideshow_transition_duration&quot;:500,&quot;background_slideshow_ken_burns_zoom_direction&quot;:&quot;in&quot;}\" data-cs-parallax-y=\"80\">\n\t\t\t\t\t\t\t<div class=\"elementor-background-overlay\"><\/div>\n\t\t\t\t\t\t\t<div class=\"elementor-container elementor-column-gap-no\">\n\t\t\t\t\t<div class=\"elementor-column elementor-col-100 elementor-top-column elementor-element elementor-element-6927fd1 dark-color\" data-id=\"6927fd1\" data-element_type=\"column\">\n\t\t\t<div class=\"elementor-widget-wrap elementor-element-populated\">\n\t\t\t\t\t\t<div class=\"elementor-element elementor-element-cbcd6c2 elementor-widget elementor-widget-cs_title\" data-id=\"cbcd6c2\" data-element_type=\"widget\" data-widget_type=\"cs_title.default\">\n\t\t\t\t<div class=\"elementor-widget-container\">\n\t\t\t\t\t\n        <div class=\"cs-title-wrap text-center\">\t            <div class=\"cs-subtitle-wrap\"><span class=\"cs-subtitle color-white\">D\u0103ruie\u0219te timp, lini\u0219te \u0219i r\u0103sf\u0103\u021b<\/span><\/div>\t            <h1 class=\"cs-title\">\n\t                VOUCHERE CADOU\t            <\/h1>\t            <div class=\"cs-title-text\">\n\t                <p>Exist\u0103 cadouri care se uit\u0103 \u0219i cadouri care se simt.<br data-start=\"295\" data-end=\"298\" \/>Voucherele cadou Va\u021ba B\u0103i sunt o invita\u021bie la relaxare autentic\u0103, \u00eentr-un loc unde apa termal\u0103, natura \u0219i lini\u0219tea se \u00eent\u00e2lnesc pentru a crea o experien\u021b\u0103 complet\u0103 de refacere.<\/p>\t            <\/div>        <\/div>\t\t\t\t<\/div>\n\t\t\t\t<\/div>\n\t\t\t\t\t<\/div>\n\t\t<\/div>\n\t\t\t\t\t<\/div>\n\t\t<\/section>\n\t\t<div class=\"elementor-element elementor-element-beea090 e-flex e-con-boxed e-con e-parent\" data-id=\"beea090\" data-element_type=\"container\">\n\t\t\t\t\t<div class=\"e-con-inner\">\n\t\t\t\t<div class=\"elementor-element elementor-element-e05fdda elementor-widget elementor-widget-cs_products\" data-id=\"e05fdda\" data-element_type=\"widget\" data-widget_type=\"cs_products.default\">\n\t\t\t\t<div class=\"elementor-widget-container\">\n\t\t\t\t\t            <div class=\"woocommerce\">\n    \t\t\t<ul class=\"products columns-3\">\n    \t\t\t\t<li class=\"product type-product post-5747 status-publish instock product_cat-daily-spa has-post-thumbnail virtual purchasable product-type-gift-card first\">\n\t\t\t\t\t \t\t\t<div class=\"product-image\"><a href=\"https:\/\/www.vatabai.ro\/en\/product\/voucher-cadou-vata-daily-spa\/\" class=\"woocommerce-LoopProduct-link woocommerce-loop-product__link\"><img fetchpriority=\"high\" decoding=\"async\" width=\"1000\" height=\"1000\" src=\"https:\/\/www.vatabai.ro\/wp-content\/uploads\/2025\/12\/daily-spa-marti-joi-1-1000x1000.png\" class=\"attachment-woocommerce_thumbnail size-woocommerce_thumbnail\" alt=\"Voucher Cadou pentru 2 persoane - Va\u021ba Daily SPA\" srcset=\"https:\/\/www.vatabai.ro\/wp-content\/uploads\/2025\/12\/daily-spa-marti-joi-1-1000x1000.png 1000w, https:\/\/www.vatabai.ro\/wp-content\/uploads\/2025\/12\/daily-spa-marti-joi-1-150x150.png 150w, https:\/\/www.vatabai.ro\/wp-content\/uploads\/2025\/12\/daily-spa-marti-joi-1-600x600.png 600w, https:\/\/www.vatabai.ro\/wp-content\/uploads\/2025\/12\/daily-spa-marti-joi-1-300x300.png 300w\" sizes=\"(max-width: 1000px) 100vw, 1000px\" \/><\/a><a href=\"https:\/\/www.vatabai.ro\/en\/product\/voucher-cadou-vata-daily-spa\/\" aria-describedby=\"woocommerce_loop_add_to_cart_link_describedby_5747\" data-quantity=\"1\" class=\"button product_type_gift-card add_to_cart_button\" data-product_id=\"5747\" data-product_sku=\"\" aria-label=\"Read more about \u201cVoucher Cadou pentru 2 persoane - Va\u021ba Daily SPA\u201d\" rel=\"nofollow\" data-no-translation-aria-label=\"\">Select amount<\/a>\t<span id=\"woocommerce_loop_add_to_cart_link_describedby_5747\" class=\"screen-reader-text\">\n\t\t\t<\/span>\n\t\t<\/div><a href=\"https:\/\/www.vatabai.ro\/en\/product\/voucher-cadou-vata-daily-spa\/\" class=\"woocommerce-LoopProduct-link woocommerce-loop-product__link\"><h2 class=\"woocommerce-loop-product__title\">Voucher Cadou pentru 2 persoane &#8211; Va\u021ba Daily SPA<\/h2>\n\t<span class=\"price\"><span class=\"woocommerce-Price-amount amount\"><bdi>600,00&nbsp;<span class=\"woocommerce-Price-currencySymbol\">lei<\/span><\/bdi><\/span><\/span>\n<\/a>    \t\t\t\t<\/li>\n    \t\t\t\t<li class=\"product type-product post-5775 status-publish instock product_cat-daily-spa has-post-thumbnail virtual purchasable product-type-gift-card\">\n\t\t\t\t\t \t\t\t<div class=\"product-image\"><a href=\"https:\/\/www.vatabai.ro\/en\/product\/voucher-cadou-pentru-2-persoane-vata-daily-spa-weekend\/\" class=\"woocommerce-LoopProduct-link woocommerce-loop-product__link\"><img decoding=\"async\" width=\"1000\" height=\"1000\" src=\"https:\/\/www.vatabai.ro\/wp-content\/uploads\/2025\/12\/daily-spa-vineri-duminica-1-1000x1000.png\" class=\"attachment-woocommerce_thumbnail size-woocommerce_thumbnail\" alt=\"Voucher Cadou pentru 2 persoane - Va\u021ba Daily SPA Weekend\" srcset=\"https:\/\/www.vatabai.ro\/wp-content\/uploads\/2025\/12\/daily-spa-vineri-duminica-1-1000x1000.png 1000w, https:\/\/www.vatabai.ro\/wp-content\/uploads\/2025\/12\/daily-spa-vineri-duminica-1-150x150.png 150w, https:\/\/www.vatabai.ro\/wp-content\/uploads\/2025\/12\/daily-spa-vineri-duminica-1-600x600.png 600w, https:\/\/www.vatabai.ro\/wp-content\/uploads\/2025\/12\/daily-spa-vineri-duminica-1-300x300.png 300w\" sizes=\"(max-width: 1000px) 100vw, 1000px\" \/><\/a><a href=\"https:\/\/www.vatabai.ro\/en\/product\/voucher-cadou-pentru-2-persoane-vata-daily-spa-weekend\/\" aria-describedby=\"woocommerce_loop_add_to_cart_link_describedby_5775\" data-quantity=\"1\" class=\"button product_type_gift-card add_to_cart_button\" data-product_id=\"5775\" data-product_sku=\"\" aria-label=\"Read more about \u201cVoucher Cadou pentru 2 persoane - Va\u021ba Daily SPA Weekend\u201d\" rel=\"nofollow\" data-no-translation-aria-label=\"\">Select amount<\/a>\t<span id=\"woocommerce_loop_add_to_cart_link_describedby_5775\" class=\"screen-reader-text\">\n\t\t\t<\/span>\n\t\t<\/div><a href=\"https:\/\/www.vatabai.ro\/en\/product\/voucher-cadou-pentru-2-persoane-vata-daily-spa-weekend\/\" class=\"woocommerce-LoopProduct-link woocommerce-loop-product__link\"><h2 class=\"woocommerce-loop-product__title\">Voucher Cadou pentru 2 persoane &#8211; Va\u021ba Daily SPA Weekend<\/h2>\n\t<span class=\"price\"><span class=\"woocommerce-Price-amount amount\"><bdi>700,00&nbsp;<span class=\"woocommerce-Price-currencySymbol\">lei<\/span><\/bdi><\/span><\/span>\n<\/a>    \t\t\t\t<\/li>\n    \t\t\t\t<li class=\"product type-product post-5781 status-publish instock product_cat-vata-wellness has-post-thumbnail virtual purchasable product-type-gift-card last\">\n\t\t\t\t\t \t\t\t<div class=\"product-image\"><a href=\"https:\/\/www.vatabai.ro\/en\/product\/voucher-cadou-vata-wellness-apartament-premium-double-2-pers\/\" class=\"woocommerce-LoopProduct-link woocommerce-loop-product__link\"><img decoding=\"async\" width=\"1000\" height=\"1000\" src=\"https:\/\/www.vatabai.ro\/wp-content\/uploads\/2025\/12\/Voucher-wellness-la-Vata-Thermal-Spa-1-1000x1000.png\" class=\"attachment-woocommerce_thumbnail size-woocommerce_thumbnail\" alt=\"Voucher Cadou Va\u021ba Wellness - Apartament Premium - Double (2 pers.)\" srcset=\"https:\/\/www.vatabai.ro\/wp-content\/uploads\/2025\/12\/Voucher-wellness-la-Vata-Thermal-Spa-1-1000x1000.png 1000w, https:\/\/www.vatabai.ro\/wp-content\/uploads\/2025\/12\/Voucher-wellness-la-Vata-Thermal-Spa-1-150x150.png 150w, https:\/\/www.vatabai.ro\/wp-content\/uploads\/2025\/12\/Voucher-wellness-la-Vata-Thermal-Spa-1-600x600.png 600w, https:\/\/www.vatabai.ro\/wp-content\/uploads\/2025\/12\/Voucher-wellness-la-Vata-Thermal-Spa-1-300x300.png 300w\" sizes=\"(max-width: 1000px) 100vw, 1000px\" \/><\/a><a href=\"https:\/\/www.vatabai.ro\/en\/product\/voucher-cadou-vata-wellness-apartament-premium-double-2-pers\/\" aria-describedby=\"woocommerce_loop_add_to_cart_link_describedby_5781\" data-quantity=\"1\" class=\"button product_type_gift-card add_to_cart_button\" data-product_id=\"5781\" data-product_sku=\"\" aria-label=\"Read more about \u201cVoucher Cadou Va\u021ba Wellness - Apartament Premium - Double (2 pers.)\u201d\" rel=\"nofollow\" data-no-translation-aria-label=\"\">Select amount<\/a>\t<span id=\"woocommerce_loop_add_to_cart_link_describedby_5781\" class=\"screen-reader-text\">\n\t\t\t<\/span>\n\t\t<\/div><a href=\"https:\/\/www.vatabai.ro\/en\/product\/voucher-cadou-vata-wellness-apartament-premium-double-2-pers\/\" class=\"woocommerce-LoopProduct-link woocommerce-loop-product__link\"><h2 class=\"woocommerce-loop-product__title\">Voucher Cadou Va\u021ba Wellness &#8211; Apartament Premium &#8211; Double (2 pers.)<\/h2>\n\t<span class=\"price\"><span class=\"woocommerce-Price-amount amount\"><bdi>1.950,00&nbsp;<span class=\"woocommerce-Price-currencySymbol\">lei<\/span><\/bdi><\/span><\/span>\n<\/a>    \t\t\t\t<\/li>    \t\t\t<\/ul>            <\/div>\t\t\t\t<\/div>\n\t\t\t\t<\/div>\n\t\t\t\t\t<\/div>\n\t\t\t\t<\/div>\n\t\t<div class=\"elementor-element elementor-element-8ada10f e-flex e-con-boxed e-con e-parent\" data-id=\"8ada10f\" data-element_type=\"container\">\n\t\t\t\t\t<div class=\"e-con-inner\">\n\t\t\t\t<div class=\"elementor-element elementor-element-df9944e elementor-widget elementor-widget-html\" data-id=\"df9944e\" data-element_type=\"widget\" data-widget_type=\"html.default\">\n\t\t\t\t<div class=\"elementor-widget-container\">\n\t\t\t\t\t<style>\n    \na.button.product_type_gift-card.add_to_cart_button{display:none !important;}\n\n.woocommerce ul.products li.product .product-image img{border-radius:10px;}\n    \n<\/style>\t\t\t\t<\/div>\n\t\t\t\t<\/div>\n\t\t\t\t\t<\/div>\n\t\t\t\t<\/div>\n\t\t\t\t<\/div>","protected":false},"excerpt":{"rendered":"<p>D\u0103ruie\u0219te timp, lini\u0219te \u0219i r\u0103sf\u0103\u021b VOUCHERE CADOU Exist\u0103 cadouri care se uit\u0103 \u0219i cadouri care se simt.Voucherele cadou Va\u021ba B\u0103i sunt o invita\u021bie la relaxare autentic\u0103, \u00eentr-un loc unde apa termal\u0103, natura \u0219i lini\u0219tea se \u00eent\u00e2lnesc pentru a crea o experien\u021b\u0103 complet\u0103 de refacere. Select amount Voucher Cadou pentru 2 persoane &#8211; Va\u021ba Daily SPA &#8230;<\/p>","protected":false},"author":1,"featured_media":0,"parent":0,"menu_order":0,"comment_status":"closed","ping_status":"closed","template":"elementor_header_footer","meta":{"cozystay_single_page_hide_site_header":"","cozystay_single_page_site_header_source":"","cozystay_single_page_custom_site_header":"0","cozystay_single_page_custom_sticky_site_header":"0","cozystay_single_page_hide_page_title":"","cozystay_single_page_header_section_size":"","cozystay_single_page_header_background_color":"","cozystay_single_page_header_background_position_x":"center","cozystay_single_page_header_background_position_y":"center","cozystay_single_page_header_background_size":"cover","cozystay_single_page_header_background_repeat":"off","cozystay_single_page_header_background_scroll":"on","cozystay_single_page_header_text_color":"","cozystay_single_page_header_show_breadcrumb":"","cozystay_single_page_site_footer_hide_main":"","cozystay_single_custom_site_footer_main_source":"","cozystay_single_custom_site_footer_main":"0","cozystay_single_page_site_footer_hide_above":"","cozystay_single_custom_site_footer_above_source":"","cozystay_single_custom_site_footer_above":"0","cozystay_single_page_site_footer_hide_instagram":"","cozystay_single_page_site_footer_hide_bottom":"","cozystay_single_custom_mobile_menu_source":"","cozystay_single_custom_mobile_menu":"0","cozystay_single_custom_mobile_menu_animation":"","cozystay_single_custom_mobile_menu_width":"","cozystay_single_custom_mobile_menu_custom_width":375,"footnotes":""},"class_list":["post-5766","page","type-page","status-publish","hentry"],"yoast_head":"<!-- This site is optimized with the Yoast SEO plugin v24.6 - https:\/\/yoast.com\/wordpress\/plugins\/seo\/ -->\n<title>Vouchere cadou - Complex Balneo Termal Va\u021ba B\u0103i<\/title>\n<meta name=\"robots\" content=\"index, follow, max-snippet:-1, max-image-preview:large, max-video-preview:-1\" \/>\n<link rel=\"canonical\" href=\"https:\/\/www.vatabai.ro\/en\/vouchere-cadou\/\" \/>\n<meta property=\"og:locale\" content=\"en_GB\" \/>\n<meta property=\"og:type\" content=\"article\" \/>\n<meta property=\"og:title\" content=\"Vouchere cadou - Complex Balneo Termal Va\u021ba B\u0103i\" \/>\n<meta property=\"og:description\" content=\"D\u0103ruie\u0219te timp, lini\u0219te \u0219i r\u0103sf\u0103\u021b VOUCHERE CADOU Exist\u0103 cadouri care se uit\u0103 \u0219i cadouri care se simt.Voucherele cadou Va\u021ba B\u0103i sunt o invita\u021bie la relaxare autentic\u0103, \u00eentr-un loc unde apa termal\u0103, natura \u0219i lini\u0219tea se \u00eent\u00e2lnesc pentru a crea o experien\u021b\u0103 complet\u0103 de refacere. Select amount Voucher Cadou pentru 2 persoane &#8211; Va\u021ba Daily SPA ...\" \/>\n<meta property=\"og:url\" content=\"https:\/\/www.vatabai.ro\/en\/vouchere-cadou\/\" \/>\n<meta property=\"og:site_name\" content=\"Complex Balneo Termal Va\u021ba B\u0103i\" \/>\n<meta property=\"article:modified_time\" content=\"2025-12-16T16:36:37+00:00\" \/>\n<meta property=\"og:image\" content=\"https:\/\/www.vatabai.ro\/wp-content\/uploads\/2025\/12\/daily-spa-marti-joi-1-1000x1000.png\" \/>\n<meta name=\"twitter:card\" content=\"summary_large_image\" \/>\n<meta name=\"twitter:label1\" content=\"Est. reading time\" \/>\n\t<meta name=\"twitter:data1\" content=\"2 minutes\" \/>\n<script type=\"application\/ld+json\" class=\"yoast-schema-graph\">{\"@context\":\"https:\/\/schema.org\",\"@graph\":[{\"@type\":\"WebPage\",\"@id\":\"https:\/\/www.vatabai.ro\/vouchere-cadou\/\",\"url\":\"https:\/\/www.vatabai.ro\/vouchere-cadou\/\",\"name\":\"Vouchere cadou - Complex Balneo Termal Va\u021ba B\u0103i\",\"isPartOf\":{\"@id\":\"https:\/\/www.vatabai.ro\/#website\"},\"primaryImageOfPage\":{\"@id\":\"https:\/\/www.vatabai.ro\/vouchere-cadou\/#primaryimage\"},\"image\":{\"@id\":\"https:\/\/www.vatabai.ro\/vouchere-cadou\/#primaryimage\"},\"thumbnailUrl\":\"https:\/\/www.vatabai.ro\/wp-content\/uploads\/2025\/12\/daily-spa-marti-joi-1-1000x1000.png\",\"datePublished\":\"2025-12-16T16:09:12+00:00\",\"dateModified\":\"2025-12-16T16:36:37+00:00\",\"breadcrumb\":{\"@id\":\"https:\/\/www.vatabai.ro\/vouchere-cadou\/#breadcrumb\"},\"inLanguage\":\"en-GB\",\"potentialAction\":[{\"@type\":\"ReadAction\",\"target\":[\"https:\/\/www.vatabai.ro\/vouchere-cadou\/\"]}]},{\"@type\":\"ImageObject\",\"inLanguage\":\"en-GB\",\"@id\":\"https:\/\/www.vatabai.ro\/vouchere-cadou\/#primaryimage\",\"url\":\"https:\/\/www.vatabai.ro\/wp-content\/uploads\/2025\/12\/daily-spa-marti-joi-1-1000x1000.png\",\"contentUrl\":\"https:\/\/www.vatabai.ro\/wp-content\/uploads\/2025\/12\/daily-spa-marti-joi-1-1000x1000.png\"},{\"@type\":\"BreadcrumbList\",\"@id\":\"https:\/\/www.vatabai.ro\/vouchere-cadou\/#breadcrumb\",\"itemListElement\":[{\"@type\":\"ListItem\",\"position\":1,\"name\":\"Home\",\"item\":\"https:\/\/www.vatabai.ro\/\"},{\"@type\":\"ListItem\",\"position\":2,\"name\":\"Vouchere cadou\"}]},{\"@type\":\"WebSite\",\"@id\":\"https:\/\/www.vatabai.ro\/#website\",\"url\":\"https:\/\/www.vatabai.ro\/\",\"name\":\"Complex Balneo Termal Va\u021ba B\u0103i\",\"description\":\"\",\"alternateName\":\"Va\u021ba B\u0103i\",\"potentialAction\":[{\"@type\":\"SearchAction\",\"target\":{\"@type\":\"EntryPoint\",\"urlTemplate\":\"https:\/\/www.vatabai.ro\/?s={search_term_string}\"},\"query-input\":{\"@type\":\"PropertyValueSpecification\",\"valueRequired\":true,\"valueName\":\"search_term_string\"}}],\"inLanguage\":\"en-GB\"}]}<\/script>\n<!-- \/ Yoast SEO plugin. -->","yoast_head_json":{"title":"Vouchere cadou - Complex Balneo Termal Va\u021ba B\u0103i","robots":{"index":"index","follow":"follow","max-snippet":"max-snippet:-1","max-image-preview":"max-image-preview:large","max-video-preview":"max-video-preview:-1"},"canonical":"https:\/\/www.vatabai.ro\/en\/vouchere-cadou\/","og_locale":"en_GB","og_type":"article","og_title":"Vouchere cadou - Complex Balneo Termal Va\u021ba B\u0103i","og_description":"D\u0103ruie\u0219te timp, lini\u0219te \u0219i r\u0103sf\u0103\u021b VOUCHERE CADOU Exist\u0103 cadouri care se uit\u0103 \u0219i cadouri care se simt.Voucherele cadou Va\u021ba B\u0103i sunt o invita\u021bie la relaxare autentic\u0103, \u00eentr-un loc unde apa termal\u0103, natura \u0219i lini\u0219tea se \u00eent\u00e2lnesc pentru a crea o experien\u021b\u0103 complet\u0103 de refacere. Select amount Voucher Cadou pentru 2 persoane &#8211; Va\u021ba Daily SPA ...","og_url":"https:\/\/www.vatabai.ro\/en\/vouchere-cadou\/","og_site_name":"Complex Balneo Termal Va\u021ba B\u0103i","article_modified_time":"2025-12-16T16:36:37+00:00","og_image":[{"url":"https:\/\/www.vatabai.ro\/wp-content\/uploads\/2025\/12\/daily-spa-marti-joi-1-1000x1000.png","type":"","width":"","height":""}],"twitter_card":"summary_large_image","twitter_misc":{"Est. reading time":"2 minutes"},"schema":{"@context":"https:\/\/schema.org","@graph":[{"@type":"WebPage","@id":"https:\/\/www.vatabai.ro\/vouchere-cadou\/","url":"https:\/\/www.vatabai.ro\/vouchere-cadou\/","name":"Vouchere cadou - Complex Balneo Termal Va\u021ba B\u0103i","isPartOf":{"@id":"https:\/\/www.vatabai.ro\/#website"},"primaryImageOfPage":{"@id":"https:\/\/www.vatabai.ro\/vouchere-cadou\/#primaryimage"},"image":{"@id":"https:\/\/www.vatabai.ro\/vouchere-cadou\/#primaryimage"},"thumbnailUrl":"https:\/\/www.vatabai.ro\/wp-content\/uploads\/2025\/12\/daily-spa-marti-joi-1-1000x1000.png","datePublished":"2025-12-16T16:09:12+00:00","dateModified":"2025-12-16T16:36:37+00:00","breadcrumb":{"@id":"https:\/\/www.vatabai.ro\/vouchere-cadou\/#breadcrumb"},"inLanguage":"en-GB","potentialAction":[{"@type":"ReadAction","target":["https:\/\/www.vatabai.ro\/vouchere-cadou\/"]}]},{"@type":"ImageObject","inLanguage":"en-GB","@id":"https:\/\/www.vatabai.ro\/vouchere-cadou\/#primaryimage","url":"https:\/\/www.vatabai.ro\/wp-content\/uploads\/2025\/12\/daily-spa-marti-joi-1-1000x1000.png","contentUrl":"https:\/\/www.vatabai.ro\/wp-content\/uploads\/2025\/12\/daily-spa-marti-joi-1-1000x1000.png"},{"@type":"BreadcrumbList","@id":"https:\/\/www.vatabai.ro\/vouchere-cadou\/#breadcrumb","itemListElement":[{"@type":"ListItem","position":1,"name":"Home","item":"https:\/\/www.vatabai.ro\/"},{"@type":"ListItem","position":2,"name":"Vouchere cadou"}]},{"@type":"WebSite","@id":"https:\/\/www.vatabai.ro\/#website","url":"https:\/\/www.vatabai.ro\/","name":"Complex Balneo Termal Va\u021ba B\u0103i","description":"","alternateName":"Va\u021ba B\u0103i","potentialAction":[{"@type":"SearchAction","target":{"@type":"EntryPoint","urlTemplate":"https:\/\/www.vatabai.ro\/?s={search_term_string}"},"query-input":{"@type":"PropertyValueSpecification","valueRequired":true,"valueName":"search_term_string"}}],"inLanguage":"en-GB"}]}},"_links":{"self":[{"href":"https:\/\/www.vatabai.ro\/en\/wp-json\/wp\/v2\/pages\/5766","targetHints":{"allow":["GET"]}}],"collection":[{"href":"https:\/\/www.vatabai.ro\/en\/wp-json\/wp\/v2\/pages"}],"about":[{"href":"https:\/\/www.vatabai.ro\/en\/wp-json\/wp\/v2\/types\/page"}],"author":[{"embeddable":true,"href":"https:\/\/www.vatabai.ro\/en\/wp-json\/wp\/v2\/users\/1"}],"replies":[{"embeddable":true,"href":"https:\/\/www.vatabai.ro\/en\/wp-json\/wp\/v2\/comments?post=5766"}],"version-history":[{"count":16,"href":"https:\/\/www.vatabai.ro\/en\/wp-json\/wp\/v2\/pages\/5766\/revisions"}],"predecessor-version":[{"id":5796,"href":"https:\/\/www.vatabai.ro\/en\/wp-json\/wp\/v2\/pages\/5766\/revisions\/5796"}],"wp:attachment":[{"href":"https:\/\/www.vatabai.ro\/en\/wp-json\/wp\/v2\/media?parent=5766"}],"curies":[{"name":"wp","href":"https:\/\/api.w.org\/{rel}","templated":true}]}}