{"id":5598,"date":"2025-10-13T09:35:49","date_gmt":"2025-10-13T09:35:49","guid":{"rendered":"https:\/\/www.vatabai.ro\/?page_id=5598"},"modified":"2025-11-24T17:24:30","modified_gmt":"2025-11-24T17:24:30","slug":"craciun-la-vata-thermal-spa","status":"publish","type":"page","link":"https:\/\/www.vatabai.ro\/en\/craciun-la-vata-thermal-spa\/","title":{"rendered":"Cr\u0103ciun la Va\u021ba Thermal Spa"},"content":{"rendered":"<div data-elementor-type=\"wp-page\" data-elementor-id=\"5598\" class=\"elementor elementor-5598\">\n\t\t\t\t\t\t<section class=\"elementor-section elementor-top-section elementor-element elementor-element-3fc9577 elementor-section-height-min-height cs-section-content-fullwidth cs-parallax-on-scroll cs_scroll_y_80 elementor-section-boxed elementor-section-height-default elementor-section-items-middle\" data-id=\"3fc9577\" data-element_type=\"section\" data-settings=\"{&quot;background_background&quot;:&quot;slideshow&quot;,&quot;background_slideshow_gallery&quot;:[{&quot;id&quot;:5611,&quot;url&quot;:&quot;https:\\\/\\\/www.vatabai.ro\\\/wp-content\\\/uploads\\\/2025\\\/10\\\/Craciun-la-Vata-Thermal-Spa-A4.jpg&quot;}],&quot;background_slideshow_ken_burns&quot;:&quot;yes&quot;,&quot;background_slideshow_loop&quot;:&quot;yes&quot;,&quot;background_slideshow_slide_duration&quot;:5000,&quot;background_slideshow_slide_transition&quot;:&quot;fade&quot;,&quot;background_slideshow_transition_duration&quot;:500,&quot;background_slideshow_ken_burns_zoom_direction&quot;:&quot;in&quot;}\" data-cs-parallax-y=\"80\">\n\t\t\t\t\t\t\t<div class=\"elementor-background-overlay\"><\/div>\n\t\t\t\t\t\t\t<div class=\"elementor-container elementor-column-gap-no\">\n\t\t\t\t\t<div class=\"elementor-column elementor-col-100 elementor-top-column elementor-element elementor-element-030555e dark-color\" data-id=\"030555e\" data-element_type=\"column\">\n\t\t\t<div class=\"elementor-widget-wrap elementor-element-populated\">\n\t\t\t\t\t\t<div class=\"elementor-element elementor-element-b4e3a11 elementor-widget elementor-widget-cs_title\" data-id=\"b4e3a11\" data-element_type=\"widget\" data-widget_type=\"cs_title.default\">\n\t\t\t\t<div class=\"elementor-widget-container\">\n\t\t\t\t\t\n        <div class=\"cs-title-wrap text-center\">\t            <div class=\"cs-subtitle-wrap\"><span class=\"cs-subtitle color-white\">Offers<\/span><\/div>\t            <h1 class=\"cs-title\">\n\t                 Cr\u0103ciun la Va\u021ba Thermal Spa\t            <\/h1>\t            <div class=\"cs-title-text\">\n\t                <p><img decoding=\"async\" class=\"wp-image-5672 aligncenter\" src=\"https:\/\/www.vatabai.ro\/wp-content\/uploads\/2025\/11\/pngtree-distressed-red-sold-out-stamp-with-stars-png-image_16958308-300x300.webp\" alt=\"\" width=\"175\" height=\"175\" srcset=\"https:\/\/www.vatabai.ro\/wp-content\/uploads\/2025\/11\/pngtree-distressed-red-sold-out-stamp-with-stars-png-image_16958308-300x300.webp 300w, https:\/\/www.vatabai.ro\/wp-content\/uploads\/2025\/11\/pngtree-distressed-red-sold-out-stamp-with-stars-png-image_16958308-150x150.webp 150w, https:\/\/www.vatabai.ro\/wp-content\/uploads\/2025\/11\/pngtree-distressed-red-sold-out-stamp-with-stars-png-image_16958308-12x12.webp 12w, https:\/\/www.vatabai.ro\/wp-content\/uploads\/2025\/11\/pngtree-distressed-red-sold-out-stamp-with-stars-png-image_16958308-255x255.webp 255w, https:\/\/www.vatabai.ro\/wp-content\/uploads\/2025\/11\/pngtree-distressed-red-sold-out-stamp-with-stars-png-image_16958308.webp 360w\" sizes=\"(max-width: 175px) 100vw, 175px\" \/><\/p>\t            <\/div>        <\/div>\t\t\t\t<\/div>\n\t\t\t\t<\/div>\n\t\t\t\t\t<\/div>\n\t\t<\/div>\n\t\t\t\t\t<\/div>\n\t\t<\/section>\n\t\t\t\t<section class=\"elementor-section elementor-top-section elementor-element elementor-element-a88b6c7 elementor-section-content-middle elementor-reverse-mobile elementor-section-boxed elementor-section-height-default elementor-section-height-default\" data-id=\"a88b6c7\" data-element_type=\"section\" data-settings=\"{&quot;background_background&quot;:&quot;classic&quot;}\">\n\t\t\t\t\t\t<div class=\"elementor-container elementor-column-gap-no\">\n\t\t\t\t\t<div class=\"elementor-column elementor-col-50 elementor-top-column elementor-element elementor-element-cab817d\" data-id=\"cab817d\" data-element_type=\"column\">\n\t\t\t<div class=\"elementor-widget-wrap elementor-element-populated\">\n\t\t\t\t\t\t<div class=\"elementor-element elementor-element-ec6de31 cs-animation-small-offset elementor-invisible elementor-widget elementor-widget-image\" data-id=\"ec6de31\" data-element_type=\"widget\" data-settings=\"{&quot;_animation&quot;:&quot;fadeInUp&quot;,&quot;_animation_delay&quot;:150}\" data-widget_type=\"image.default\">\n\t\t\t\t<div class=\"elementor-widget-container\">\n\t\t\t\t\t\t\t\t\t\t\t\t\t\t\t<img fetchpriority=\"high\" decoding=\"async\" width=\"1093\" height=\"1638\" src=\"https:\/\/www.vatabai.ro\/wp-content\/uploads\/2025\/09\/VB11-1131.jpg\" class=\"attachment-full size-full wp-image-5042\" alt=\"\" srcset=\"https:\/\/www.vatabai.ro\/wp-content\/uploads\/2025\/09\/VB11-1131.jpg 1093w, https:\/\/www.vatabai.ro\/wp-content\/uploads\/2025\/09\/VB11-1131-1000x1499.jpg 1000w, https:\/\/www.vatabai.ro\/wp-content\/uploads\/2025\/09\/VB11-1131-100x150.jpg 100w, https:\/\/www.vatabai.ro\/wp-content\/uploads\/2025\/09\/VB11-1131-200x300.jpg 200w, https:\/\/www.vatabai.ro\/wp-content\/uploads\/2025\/09\/VB11-1131-683x1024.jpg 683w, https:\/\/www.vatabai.ro\/wp-content\/uploads\/2025\/09\/VB11-1131-768x1151.jpg 768w, https:\/\/www.vatabai.ro\/wp-content\/uploads\/2025\/09\/VB11-1131-1025x1536.jpg 1025w, https:\/\/www.vatabai.ro\/wp-content\/uploads\/2025\/09\/VB11-1131-8x12.jpg 8w, https:\/\/www.vatabai.ro\/wp-content\/uploads\/2025\/09\/VB11-1131-780x1169.jpg 780w, https:\/\/www.vatabai.ro\/wp-content\/uploads\/2025\/09\/VB11-1131-600x899.jpg 600w, https:\/\/www.vatabai.ro\/wp-content\/uploads\/2025\/09\/VB11-1131-550x824.jpg 550w, https:\/\/www.vatabai.ro\/wp-content\/uploads\/2025\/09\/VB11-1131-370x554.jpg 370w, https:\/\/www.vatabai.ro\/wp-content\/uploads\/2025\/09\/VB11-1131-255x382.jpg 255w\" sizes=\"(max-width: 1093px) 100vw, 1093px\" \/>\t\t\t\t\t\t\t\t\t\t\t\t\t\t\t<\/div>\n\t\t\t\t<\/div>\n\t\t\t\t\t<\/div>\n\t\t<\/div>\n\t\t\t\t<div class=\"elementor-column elementor-col-50 elementor-top-column elementor-element elementor-element-7b6124b\" data-id=\"7b6124b\" data-element_type=\"column\">\n\t\t\t<div class=\"elementor-widget-wrap elementor-element-populated\">\n\t\t\t\t\t\t<div class=\"elementor-element elementor-element-76c1cdc elementor-widget elementor-widget-cs_title\" data-id=\"76c1cdc\" data-element_type=\"widget\" data-widget_type=\"cs_title.default\">\n\t\t\t\t<div class=\"elementor-widget-container\">\n\t\t\t\t\t\n        <div class=\"cs-title-wrap\">\t            <div class=\"cs-subtitle-wrap\"><span class=\"cs-subtitle\">Special offer <\/span><\/div>\t            <h4 class=\"cs-title\">\n\t                \ud83c\udf84 Cr\u0103ciun la Va\u021ba Thermal Spa\t            <\/h4>\t            <div class=\"cs-title-text\">\n\t                <p><strong><em>23 \u2013 28 decembrie<\/em><\/strong><\/p><p>Pachete disponibile pentru <strong>3, 4 sau 5 nop\u021bi<\/strong>, cu check-in \u00een 23 sau 24 decembrie, \u00een func\u021bie de preferin\u021ba oaspe\u021bilor.<\/p><p><strong>Hotel Phoenix | Pensiune complet\u0103 | Acces Spa<\/strong><\/p><p><strong>Ce te a\u0219teapt\u0103<\/strong><\/p><ul><li>Tradi\u021bia t\u0103ierii porcului \u0219i pomana porcului<\/li><li>Cin\u0103 de Ajun cu colinde \u0219i bucate tradi\u021bionale<\/li><li>Pr\u00e2nzuri la Foi\u0219or, cu muzic\u0103 \u0219i vin fiert<\/li><li>Cin\u0103 festiv\u0103 de Cr\u0103ciun cu colinde \u0219i surprize<\/li><li>La check-in, fiecare oaspete prime\u0219te o <strong>experien\u021b\u0103 Spa special\u0103<\/strong>, ce aduce echilibru \u0219i relaxare \u2013 o procedur\u0103 wellness cu masaj de relaxare, baie cu lapte sau vin, drenaj limfatic, saun\u0103 cu ozon sau floating Pyramid<\/li><\/ul>\t            <\/div>        <\/div>\t\t\t\t<\/div>\n\t\t\t\t<\/div>\n\t\t\t\t\t<\/div>\n\t\t<\/div>\n\t\t\t\t\t<\/div>\n\t\t<\/section>\n\t\t<div class=\"elementor-element elementor-element-9cd684c e-flex e-con-boxed e-con e-parent\" data-id=\"9cd684c\" data-element_type=\"container\">\n\t\t\t\t\t<div class=\"e-con-inner\">\n\t\t\t\t<div class=\"elementor-element elementor-element-4d5a715 elementor-widget elementor-widget-cs_title\" data-id=\"4d5a715\" data-element_type=\"widget\" data-widget_type=\"cs_title.default\">\n\t\t\t\t<div class=\"elementor-widget-container\">\n\t\t\t\t\t\n        <div class=\"cs-title-wrap\">\t            <div class=\"cs-title-text\">\n\t                <h3><strong>Tarife<\/strong><\/h3><h5>\u00a0<\/h5><p><strong>Pachet 3 nop\u021bi<\/strong><\/p><p>\u2022 Mansard\u0103: 1.740 lei (1 pers.) | 2.550 lei (2 pers.)<br \/>\u2022 Dubl\u0103: 2.040 lei (1 pers.) | 2.850 lei (2 pers.)<br \/>\u2022 Apartament Premium: 2.340 lei (1 pers.) | 3.240 lei (2 pers.) | 3.990 lei (3 pers.)<\/p><p><strong>Pachet 4 nop\u021bi<\/strong><\/p><p>\u2022 Mansard\u0103: 2.600 lei (1 pers.) | 3.300 lei (2 pers.)<br \/>\u2022 Dubl\u0103: 2.880 lei (1 pers.) | 3.600 lei (2 pers.)<br \/>\u2022 Apartament Premium: 3.080 lei (1 pers.) | 3.900 lei (2 pers.) | 4.700 lei (3 pers.)<\/p><p><strong>Pachet 5 nop\u021bi<\/strong><\/p><p>\u2022 Mansard\u0103: 3.050 lei (1 pers.) | 3.850 lei (2 pers.)<br \/>\u2022 Dubl\u0103: 3.500 lei (1 pers.) | 4.350 lei (2 pers.)<br \/>\u2022 Apartament Premium: 3.800 lei (1 pers.) | 4.500 lei (2 pers.) | 5.500 lei (3 pers.)<\/p><p><strong>Pentru rezerv\u0103ri \u0219i informa\u021bii: <\/strong>\u00a00729 427 335<\/p>\t            <\/div>        <\/div>\t\t\t\t<\/div>\n\t\t\t\t<\/div>\n\t\t\t\t\t<\/div>\n\t\t\t\t<\/div>\n\t\t\t\t<\/div>","protected":false},"excerpt":{"rendered":"<p>Oferte Cr\u0103ciun la Va\u021ba Thermal Spa Ofert\u0103 special\u0103 \ud83c\udf84 Cr\u0103ciun la Va\u021ba Thermal Spa 23 \u2013 28 decembrie Pachete disponibile pentru 3, 4 sau 5 nop\u021bi, cu check-in \u00een 23 sau 24 decembrie, \u00een func\u021bie de preferin\u021ba oaspe\u021bilor. Hotel Phoenix | Pensiune complet\u0103 | Acces Spa Ce te a\u0219teapt\u0103 Tradi\u021bia t\u0103ierii porcului \u0219i pomana porcului &#8230;<\/p>","protected":false},"author":1,"featured_media":0,"parent":0,"menu_order":0,"comment_status":"closed","ping_status":"closed","template":"elementor_header_footer","meta":{"cozystay_single_page_hide_site_header":"","cozystay_single_page_site_header_source":"","cozystay_single_page_custom_site_header":"0","cozystay_single_page_custom_sticky_site_header":"0","cozystay_single_page_hide_page_title":"","cozystay_single_page_header_section_size":"","cozystay_single_page_header_background_color":"","cozystay_single_page_header_background_position_x":"center","cozystay_single_page_header_background_position_y":"center","cozystay_single_page_header_background_size":"cover","cozystay_single_page_header_background_repeat":"off","cozystay_single_page_header_background_scroll":"on","cozystay_single_page_header_text_color":"","cozystay_single_page_header_show_breadcrumb":"","cozystay_single_page_site_footer_hide_main":"","cozystay_single_custom_site_footer_main_source":"","cozystay_single_custom_site_footer_main":"0","cozystay_single_page_site_footer_hide_above":"","cozystay_single_custom_site_footer_above_source":"","cozystay_single_custom_site_footer_above":"0","cozystay_single_page_site_footer_hide_instagram":"","cozystay_single_page_site_footer_hide_bottom":"","cozystay_single_custom_mobile_menu_source":"","cozystay_single_custom_mobile_menu":"0","cozystay_single_custom_mobile_menu_animation":"","cozystay_single_custom_mobile_menu_width":"","cozystay_single_custom_mobile_menu_custom_width":375,"footnotes":""},"class_list":["post-5598","page","type-page","status-publish","hentry"],"yoast_head":"<!-- This site is optimized with the Yoast SEO plugin v24.6 - https:\/\/yoast.com\/wordpress\/plugins\/seo\/ -->\n<title>Cr\u0103ciun la Va\u021ba Thermal Spa - Complex Balneo Termal Va\u021ba B\u0103i<\/title>\n<meta name=\"robots\" content=\"index, follow, max-snippet:-1, max-image-preview:large, max-video-preview:-1\" \/>\n<link rel=\"canonical\" href=\"https:\/\/www.vatabai.ro\/en\/craciun-la-vata-thermal-spa\/\" \/>\n<meta property=\"og:locale\" content=\"en_GB\" \/>\n<meta property=\"og:type\" content=\"article\" \/>\n<meta property=\"og:title\" content=\"Cr\u0103ciun la Va\u021ba Thermal Spa - Complex Balneo Termal Va\u021ba B\u0103i\" \/>\n<meta property=\"og:description\" content=\"Oferte Cr\u0103ciun la Va\u021ba Thermal Spa Ofert\u0103 special\u0103 \ud83c\udf84 Cr\u0103ciun la Va\u021ba Thermal Spa 23 \u2013 28 decembrie Pachete disponibile pentru 3, 4 sau 5 nop\u021bi, cu check-in \u00een 23 sau 24 decembrie, \u00een func\u021bie de preferin\u021ba oaspe\u021bilor. Hotel Phoenix | Pensiune complet\u0103 | Acces Spa Ce te a\u0219teapt\u0103 Tradi\u021bia t\u0103ierii porcului \u0219i pomana porcului ...\" \/>\n<meta property=\"og:url\" content=\"https:\/\/www.vatabai.ro\/en\/craciun-la-vata-thermal-spa\/\" \/>\n<meta property=\"og:site_name\" content=\"Complex Balneo Termal Va\u021ba B\u0103i\" \/>\n<meta property=\"article:modified_time\" content=\"2025-11-24T17:24:30+00:00\" \/>\n<meta property=\"og:image\" content=\"https:\/\/www.vatabai.ro\/wp-content\/uploads\/2025\/11\/pngtree-distressed-red-sold-out-stamp-with-stars-png-image_16958308-300x300.webp\" \/>\n<meta name=\"twitter:card\" content=\"summary_large_image\" \/>\n<meta name=\"twitter:label1\" content=\"Est. reading time\" \/>\n\t<meta name=\"twitter:data1\" content=\"2 minutes\" \/>\n<script type=\"application\/ld+json\" class=\"yoast-schema-graph\">{\"@context\":\"https:\/\/schema.org\",\"@graph\":[{\"@type\":\"WebPage\",\"@id\":\"https:\/\/www.vatabai.ro\/craciun-la-vata-thermal-spa\/\",\"url\":\"https:\/\/www.vatabai.ro\/craciun-la-vata-thermal-spa\/\",\"name\":\"Cr\u0103ciun la Va\u021ba Thermal Spa - Complex Balneo Termal Va\u021ba B\u0103i\",\"isPartOf\":{\"@id\":\"https:\/\/www.vatabai.ro\/#website\"},\"primaryImageOfPage\":{\"@id\":\"https:\/\/www.vatabai.ro\/craciun-la-vata-thermal-spa\/#primaryimage\"},\"image\":{\"@id\":\"https:\/\/www.vatabai.ro\/craciun-la-vata-thermal-spa\/#primaryimage\"},\"thumbnailUrl\":\"https:\/\/www.vatabai.ro\/wp-content\/uploads\/2025\/11\/pngtree-distressed-red-sold-out-stamp-with-stars-png-image_16958308-300x300.webp\",\"datePublished\":\"2025-10-13T09:35:49+00:00\",\"dateModified\":\"2025-11-24T17:24:30+00:00\",\"breadcrumb\":{\"@id\":\"https:\/\/www.vatabai.ro\/craciun-la-vata-thermal-spa\/#breadcrumb\"},\"inLanguage\":\"en-GB\",\"potentialAction\":[{\"@type\":\"ReadAction\",\"target\":[\"https:\/\/www.vatabai.ro\/craciun-la-vata-thermal-spa\/\"]}]},{\"@type\":\"ImageObject\",\"inLanguage\":\"en-GB\",\"@id\":\"https:\/\/www.vatabai.ro\/craciun-la-vata-thermal-spa\/#primaryimage\",\"url\":\"https:\/\/www.vatabai.ro\/wp-content\/uploads\/2025\/11\/pngtree-distressed-red-sold-out-stamp-with-stars-png-image_16958308-300x300.webp\",\"contentUrl\":\"https:\/\/www.vatabai.ro\/wp-content\/uploads\/2025\/11\/pngtree-distressed-red-sold-out-stamp-with-stars-png-image_16958308-300x300.webp\"},{\"@type\":\"BreadcrumbList\",\"@id\":\"https:\/\/www.vatabai.ro\/craciun-la-vata-thermal-spa\/#breadcrumb\",\"itemListElement\":[{\"@type\":\"ListItem\",\"position\":1,\"name\":\"Home\",\"item\":\"https:\/\/www.vatabai.ro\/\"},{\"@type\":\"ListItem\",\"position\":2,\"name\":\"Cr\u0103ciun la Va\u021ba Thermal Spa\"}]},{\"@type\":\"WebSite\",\"@id\":\"https:\/\/www.vatabai.ro\/#website\",\"url\":\"https:\/\/www.vatabai.ro\/\",\"name\":\"Complex Balneo Termal Va\u021ba B\u0103i\",\"description\":\"\",\"alternateName\":\"Va\u021ba B\u0103i\",\"potentialAction\":[{\"@type\":\"SearchAction\",\"target\":{\"@type\":\"EntryPoint\",\"urlTemplate\":\"https:\/\/www.vatabai.ro\/?s={search_term_string}\"},\"query-input\":{\"@type\":\"PropertyValueSpecification\",\"valueRequired\":true,\"valueName\":\"search_term_string\"}}],\"inLanguage\":\"en-GB\"}]}<\/script>\n<!-- \/ Yoast SEO plugin. -->","yoast_head_json":{"title":"Cr\u0103ciun la Va\u021ba Thermal Spa - Complex Balneo Termal Va\u021ba B\u0103i","robots":{"index":"index","follow":"follow","max-snippet":"max-snippet:-1","max-image-preview":"max-image-preview:large","max-video-preview":"max-video-preview:-1"},"canonical":"https:\/\/www.vatabai.ro\/en\/craciun-la-vata-thermal-spa\/","og_locale":"en_GB","og_type":"article","og_title":"Cr\u0103ciun la Va\u021ba Thermal Spa - Complex Balneo Termal Va\u021ba B\u0103i","og_description":"Oferte Cr\u0103ciun la Va\u021ba Thermal Spa Ofert\u0103 special\u0103 \ud83c\udf84 Cr\u0103ciun la Va\u021ba Thermal Spa 23 \u2013 28 decembrie Pachete disponibile pentru 3, 4 sau 5 nop\u021bi, cu check-in \u00een 23 sau 24 decembrie, \u00een func\u021bie de preferin\u021ba oaspe\u021bilor. Hotel Phoenix | Pensiune complet\u0103 | Acces Spa Ce te a\u0219teapt\u0103 Tradi\u021bia t\u0103ierii porcului \u0219i pomana porcului ...","og_url":"https:\/\/www.vatabai.ro\/en\/craciun-la-vata-thermal-spa\/","og_site_name":"Complex Balneo Termal Va\u021ba B\u0103i","article_modified_time":"2025-11-24T17:24:30+00:00","og_image":[{"url":"https:\/\/www.vatabai.ro\/wp-content\/uploads\/2025\/11\/pngtree-distressed-red-sold-out-stamp-with-stars-png-image_16958308-300x300.webp","type":"","width":"","height":""}],"twitter_card":"summary_large_image","twitter_misc":{"Est. reading time":"2 minutes"},"schema":{"@context":"https:\/\/schema.org","@graph":[{"@type":"WebPage","@id":"https:\/\/www.vatabai.ro\/craciun-la-vata-thermal-spa\/","url":"https:\/\/www.vatabai.ro\/craciun-la-vata-thermal-spa\/","name":"Cr\u0103ciun la Va\u021ba Thermal Spa - Complex Balneo Termal Va\u021ba B\u0103i","isPartOf":{"@id":"https:\/\/www.vatabai.ro\/#website"},"primaryImageOfPage":{"@id":"https:\/\/www.vatabai.ro\/craciun-la-vata-thermal-spa\/#primaryimage"},"image":{"@id":"https:\/\/www.vatabai.ro\/craciun-la-vata-thermal-spa\/#primaryimage"},"thumbnailUrl":"https:\/\/www.vatabai.ro\/wp-content\/uploads\/2025\/11\/pngtree-distressed-red-sold-out-stamp-with-stars-png-image_16958308-300x300.webp","datePublished":"2025-10-13T09:35:49+00:00","dateModified":"2025-11-24T17:24:30+00:00","breadcrumb":{"@id":"https:\/\/www.vatabai.ro\/craciun-la-vata-thermal-spa\/#breadcrumb"},"inLanguage":"en-GB","potentialAction":[{"@type":"ReadAction","target":["https:\/\/www.vatabai.ro\/craciun-la-vata-thermal-spa\/"]}]},{"@type":"ImageObject","inLanguage":"en-GB","@id":"https:\/\/www.vatabai.ro\/craciun-la-vata-thermal-spa\/#primaryimage","url":"https:\/\/www.vatabai.ro\/wp-content\/uploads\/2025\/11\/pngtree-distressed-red-sold-out-stamp-with-stars-png-image_16958308-300x300.webp","contentUrl":"https:\/\/www.vatabai.ro\/wp-content\/uploads\/2025\/11\/pngtree-distressed-red-sold-out-stamp-with-stars-png-image_16958308-300x300.webp"},{"@type":"BreadcrumbList","@id":"https:\/\/www.vatabai.ro\/craciun-la-vata-thermal-spa\/#breadcrumb","itemListElement":[{"@type":"ListItem","position":1,"name":"Home","item":"https:\/\/www.vatabai.ro\/"},{"@type":"ListItem","position":2,"name":"Cr\u0103ciun la Va\u021ba Thermal Spa"}]},{"@type":"WebSite","@id":"https:\/\/www.vatabai.ro\/#website","url":"https:\/\/www.vatabai.ro\/","name":"Complex Balneo Termal Va\u021ba B\u0103i","description":"","alternateName":"Va\u021ba B\u0103i","potentialAction":[{"@type":"SearchAction","target":{"@type":"EntryPoint","urlTemplate":"https:\/\/www.vatabai.ro\/?s={search_term_string}"},"query-input":{"@type":"PropertyValueSpecification","valueRequired":true,"valueName":"search_term_string"}}],"inLanguage":"en-GB"}]}},"_links":{"self":[{"href":"https:\/\/www.vatabai.ro\/en\/wp-json\/wp\/v2\/pages\/5598","targetHints":{"allow":["GET"]}}],"collection":[{"href":"https:\/\/www.vatabai.ro\/en\/wp-json\/wp\/v2\/pages"}],"about":[{"href":"https:\/\/www.vatabai.ro\/en\/wp-json\/wp\/v2\/types\/page"}],"author":[{"embeddable":true,"href":"https:\/\/www.vatabai.ro\/en\/wp-json\/wp\/v2\/users\/1"}],"replies":[{"embeddable":true,"href":"https:\/\/www.vatabai.ro\/en\/wp-json\/wp\/v2\/comments?post=5598"}],"version-history":[{"count":19,"href":"https:\/\/www.vatabai.ro\/en\/wp-json\/wp\/v2\/pages\/5598\/revisions"}],"predecessor-version":[{"id":5678,"href":"https:\/\/www.vatabai.ro\/en\/wp-json\/wp\/v2\/pages\/5598\/revisions\/5678"}],"wp:attachment":[{"href":"https:\/\/www.vatabai.ro\/en\/wp-json\/wp\/v2\/media?parent=5598"}],"curies":[{"name":"wp","href":"https:\/\/api.w.org\/{rel}","templated":true}]}}