{"id":5553,"date":"2025-10-11T13:43:10","date_gmt":"2025-10-11T13:43:10","guid":{"rendered":"https:\/\/www.vatabai.ro\/?page_id=5553"},"modified":"2025-11-24T17:24:25","modified_gmt":"2025-11-24T17:24:25","slug":"oferta-1-decembrie","status":"publish","type":"page","link":"https:\/\/www.vatabai.ro\/en\/oferta-1-decembrie\/","title":{"rendered":"Oferta 1 Decembrie"},"content":{"rendered":"<div data-elementor-type=\"wp-page\" data-elementor-id=\"5553\" class=\"elementor elementor-5553\">\n\t\t\t\t\t\t<section class=\"elementor-section elementor-top-section elementor-element elementor-element-409fb2e elementor-section-height-min-height cs-section-content-fullwidth cs-parallax-on-scroll cs_scroll_y_80 elementor-section-boxed elementor-section-height-default elementor-section-items-middle\" data-id=\"409fb2e\" data-element_type=\"section\" data-settings=\"{&quot;background_background&quot;:&quot;slideshow&quot;,&quot;background_slideshow_gallery&quot;:[{&quot;id&quot;:5556,&quot;url&quot;:&quot;https:\\\/\\\/www.vatabai.ro\\\/wp-content\\\/uploads\\\/2025\\\/10\\\/1-decembrie.jpg&quot;}],&quot;background_slideshow_ken_burns&quot;:&quot;yes&quot;,&quot;background_slideshow_loop&quot;:&quot;yes&quot;,&quot;background_slideshow_slide_duration&quot;:5000,&quot;background_slideshow_slide_transition&quot;:&quot;fade&quot;,&quot;background_slideshow_transition_duration&quot;:500,&quot;background_slideshow_ken_burns_zoom_direction&quot;:&quot;in&quot;}\" data-cs-parallax-y=\"80\">\n\t\t\t\t\t\t\t<div class=\"elementor-background-overlay\"><\/div>\n\t\t\t\t\t\t\t<div class=\"elementor-container elementor-column-gap-no\">\n\t\t\t\t\t<div class=\"elementor-column elementor-col-100 elementor-top-column elementor-element elementor-element-d988d6d dark-color\" data-id=\"d988d6d\" data-element_type=\"column\">\n\t\t\t<div class=\"elementor-widget-wrap elementor-element-populated\">\n\t\t\t\t\t\t<div class=\"elementor-element elementor-element-729917d elementor-widget elementor-widget-cs_title\" data-id=\"729917d\" data-element_type=\"widget\" data-widget_type=\"cs_title.default\">\n\t\t\t\t<div class=\"elementor-widget-container\">\n\t\t\t\t\t\n        <div class=\"cs-title-wrap text-center\">\t            <div class=\"cs-subtitle-wrap\"><span class=\"cs-subtitle color-white\">Offers<\/span><\/div>\t            <h1 class=\"cs-title\">\n\t                1 DECEMBRIE LA VA\u021aA THERMAL SPA\n\t            <\/h1>\t            <div class=\"cs-title-text\">\n\t                <p><img decoding=\"async\" class=\"wp-image-5672 aligncenter\" src=\"https:\/\/www.vatabai.ro\/wp-content\/uploads\/2025\/11\/pngtree-distressed-red-sold-out-stamp-with-stars-png-image_16958308-300x300.webp\" alt=\"\" width=\"175\" height=\"175\" srcset=\"https:\/\/www.vatabai.ro\/wp-content\/uploads\/2025\/11\/pngtree-distressed-red-sold-out-stamp-with-stars-png-image_16958308-300x300.webp 300w, https:\/\/www.vatabai.ro\/wp-content\/uploads\/2025\/11\/pngtree-distressed-red-sold-out-stamp-with-stars-png-image_16958308-150x150.webp 150w, https:\/\/www.vatabai.ro\/wp-content\/uploads\/2025\/11\/pngtree-distressed-red-sold-out-stamp-with-stars-png-image_16958308-12x12.webp 12w, https:\/\/www.vatabai.ro\/wp-content\/uploads\/2025\/11\/pngtree-distressed-red-sold-out-stamp-with-stars-png-image_16958308-255x255.webp 255w, https:\/\/www.vatabai.ro\/wp-content\/uploads\/2025\/11\/pngtree-distressed-red-sold-out-stamp-with-stars-png-image_16958308.webp 360w\" sizes=\"(max-width: 175px) 100vw, 175px\" \/><\/p>\t            <\/div>        <\/div>\t\t\t\t<\/div>\n\t\t\t\t<\/div>\n\t\t\t\t\t<\/div>\n\t\t<\/div>\n\t\t\t\t\t<\/div>\n\t\t<\/section>\n\t\t\t\t<section class=\"elementor-section elementor-top-section elementor-element elementor-element-64d8d7b elementor-section-content-middle elementor-reverse-mobile elementor-section-boxed elementor-section-height-default elementor-section-height-default\" data-id=\"64d8d7b\" data-element_type=\"section\" data-settings=\"{&quot;background_background&quot;:&quot;classic&quot;}\">\n\t\t\t\t\t\t<div class=\"elementor-container elementor-column-gap-no\">\n\t\t\t\t\t<div class=\"elementor-column elementor-col-50 elementor-top-column elementor-element elementor-element-9332a56\" data-id=\"9332a56\" data-element_type=\"column\">\n\t\t\t<div class=\"elementor-widget-wrap elementor-element-populated\">\n\t\t\t\t\t\t<div class=\"elementor-element elementor-element-142cbbc cs-animation-small-offset elementor-invisible elementor-widget elementor-widget-image\" data-id=\"142cbbc\" data-element_type=\"widget\" data-settings=\"{&quot;_animation&quot;:&quot;fadeInUp&quot;,&quot;_animation_delay&quot;:150}\" data-widget_type=\"image.default\">\n\t\t\t\t<div class=\"elementor-widget-container\">\n\t\t\t\t\t\t\t\t\t\t\t\t\t\t\t<img fetchpriority=\"high\" decoding=\"async\" width=\"1093\" height=\"1638\" src=\"https:\/\/www.vatabai.ro\/wp-content\/uploads\/2025\/09\/VB11-1131.jpg\" class=\"attachment-full size-full wp-image-5042\" alt=\"\" srcset=\"https:\/\/www.vatabai.ro\/wp-content\/uploads\/2025\/09\/VB11-1131.jpg 1093w, https:\/\/www.vatabai.ro\/wp-content\/uploads\/2025\/09\/VB11-1131-1000x1499.jpg 1000w, https:\/\/www.vatabai.ro\/wp-content\/uploads\/2025\/09\/VB11-1131-100x150.jpg 100w, https:\/\/www.vatabai.ro\/wp-content\/uploads\/2025\/09\/VB11-1131-200x300.jpg 200w, https:\/\/www.vatabai.ro\/wp-content\/uploads\/2025\/09\/VB11-1131-683x1024.jpg 683w, https:\/\/www.vatabai.ro\/wp-content\/uploads\/2025\/09\/VB11-1131-768x1151.jpg 768w, https:\/\/www.vatabai.ro\/wp-content\/uploads\/2025\/09\/VB11-1131-1025x1536.jpg 1025w, https:\/\/www.vatabai.ro\/wp-content\/uploads\/2025\/09\/VB11-1131-8x12.jpg 8w, https:\/\/www.vatabai.ro\/wp-content\/uploads\/2025\/09\/VB11-1131-780x1169.jpg 780w, https:\/\/www.vatabai.ro\/wp-content\/uploads\/2025\/09\/VB11-1131-600x899.jpg 600w, https:\/\/www.vatabai.ro\/wp-content\/uploads\/2025\/09\/VB11-1131-550x824.jpg 550w, https:\/\/www.vatabai.ro\/wp-content\/uploads\/2025\/09\/VB11-1131-370x554.jpg 370w, https:\/\/www.vatabai.ro\/wp-content\/uploads\/2025\/09\/VB11-1131-255x382.jpg 255w\" sizes=\"(max-width: 1093px) 100vw, 1093px\" \/>\t\t\t\t\t\t\t\t\t\t\t\t\t\t\t<\/div>\n\t\t\t\t<\/div>\n\t\t\t\t\t<\/div>\n\t\t<\/div>\n\t\t\t\t<div class=\"elementor-column elementor-col-50 elementor-top-column elementor-element elementor-element-d06f54a\" data-id=\"d06f54a\" data-element_type=\"column\">\n\t\t\t<div class=\"elementor-widget-wrap elementor-element-populated\">\n\t\t\t\t\t\t<div class=\"elementor-element elementor-element-00a0c38 elementor-widget elementor-widget-cs_title\" data-id=\"00a0c38\" data-element_type=\"widget\" data-widget_type=\"cs_title.default\">\n\t\t\t\t<div class=\"elementor-widget-container\">\n\t\t\t\t\t\n        <div class=\"cs-title-wrap\">\t            <div class=\"cs-subtitle-wrap\"><span class=\"cs-subtitle\">Special offer <\/span><\/div>\t            <h4 class=\"cs-title\">\n\t                1 DECEMBRIE LA VA\u021aA THERMAL SPA\n\t            <\/h4>\t            <div class=\"cs-title-text\">\n\t                <p><strong>\ud83c\uddf7\ud83c\uddf4 SEJUR DE 1 DECEMBRIE \u2013 HOTEL PHOENIX | VA\u021aA B\u0102I<\/strong><\/p><p><strong>28 noiembrie \u2013 1 decembrie (3 nop\u021bi)<\/strong><\/p><p><strong>Cazare cu DEMIPENSIUNE (mic dejun &amp; cin\u0103)<\/strong><\/p><p><em>Pr\u00e2nzul se serve\u0219te separat, <strong>contra cost<\/strong>, la Foi\u0219or.<\/em><\/p><p><strong>Ce te a\u0219teapt\u0103:<\/strong><\/p><ul><li><strong>Cin\u0103 tradi\u021bional\u0103 de bun venit<\/strong><\/li><li><strong>Cin\u0103 festiv\u0103 de 1 Decembrie <\/strong>cu\u00a0muzic\u0103 popular\u0103 \u0219i atmosfer\u0103 autentic rom\u00e2neasc\u0103<\/li><li><strong>Petrecere cu DJ<\/strong> \u0219i b\u0103uturi tematice la Lounge Bar<\/li><li><strong>Surpriz\u0103 la check-in:<\/strong> fiecare oaspete prime\u0219te o <strong>experien\u021b\u0103 SPA personalizat\u0103<\/strong>, la alegere:<ul><li>masaj de relaxare<\/li><li>baie cu lapte sau vin<\/li><li>lymphatic drainage massage<\/li><li>saun\u0103 cu ozon<\/li><li>floating Pyramid<\/li><\/ul><\/li><\/ul>\t            <\/div>        <\/div>\t\t\t\t<\/div>\n\t\t\t\t<\/div>\n\t\t\t\t\t<\/div>\n\t\t<\/div>\n\t\t\t\t\t<\/div>\n\t\t<\/section>\n\t\t\t\t<section class=\"elementor-section elementor-top-section elementor-element elementor-element-39c6dfe elementor-section-content-middle elementor-reverse-mobile elementor-section-boxed elementor-section-height-default elementor-section-height-default\" data-id=\"39c6dfe\" data-element_type=\"section\" data-settings=\"{&quot;background_background&quot;:&quot;classic&quot;}\">\n\t\t\t\t\t\t<div class=\"elementor-container elementor-column-gap-no\">\n\t\t\t\t\t<div class=\"elementor-column elementor-col-100 elementor-top-column elementor-element elementor-element-c19b184\" data-id=\"c19b184\" data-element_type=\"column\">\n\t\t\t<div class=\"elementor-widget-wrap elementor-element-populated\">\n\t\t\t\t\t\t<div class=\"elementor-element elementor-element-45c952e elementor-widget elementor-widget-cs_title\" data-id=\"45c952e\" data-element_type=\"widget\" data-widget_type=\"cs_title.default\">\n\t\t\t\t<div class=\"elementor-widget-container\">\n\t\t\t\t\t\n        <div class=\"cs-title-wrap\">\t            <div class=\"cs-title-text\">\n\t                <p><strong>Experien\u021ba gastronomic\u0103 de la Foi\u0219or (contra cost):<\/strong><\/p><p>Pr\u00e2nzuri tradi\u021bionale \u0219i deserturi locale, preg\u0103tite ca odinioar\u0103: gula\u0219 la ceaun,\u00a0 pl\u0103cint\u0103 de Va\u021ba, fasole cu ciolan, deserturi de cas\u0103 \u0219i b\u0103uturi tradi\u021bionale<\/p><p><em>(Pr\u00e2nzul nu este inclus \u00een pachetul de demipensiune.)<\/em><\/p><p><strong>Acces inclus \u00een pachet:<\/strong><\/p><ul><li>Zon\u0103 <strong>SPA &amp; relaxare<\/strong> \u2013 piscin\u0103 termal\u0103, saun\u0103, jacuzzi<\/li><li>Halate \u0219i prosoape pentru oaspe\u021bi<\/li><li>Wi-Fi gratuit, parcare \u0219i alte facilit\u0103\u021bi hoteliere<\/li><\/ul><p><strong>TARIFE PACHET (3 nop\u021bi):<\/strong><\/p><p>\u2022 <strong data-start=\"89\" data-end=\"101\">Mansard\u0103<\/strong> \u2013 1650 lei pentru 1 persoan\u0103 \/ 2460 lei pentru 2 persoane<br data-start=\"159\" data-end=\"162\" \/>\u2022 <strong data-start=\"164\" data-end=\"173\">Dubl\u0103<\/strong> \u2013 1950 lei pentru 1 persoan\u0103 \/ 2760 lei pentru 2 persoane<br data-start=\"231\" data-end=\"234\" \/>\u2022 <strong data-start=\"236\" data-end=\"258\">Apartament Premium<\/strong> \u2013 2160 lei pentru 1 persoan\u0103 \/ 3150 lei pentru 2 persoane \/ 3810 lei pentru 3 persoane<\/p><p><strong>Tarifele includ:<\/strong> cazare 3 nop\u021bi, mic dejun &amp; cin\u0103 (demipensiune), acces SPA, evenimentele tematice \u0219i experien\u021ba wellness cadou.<\/p><p><strong>Pr\u00e2nzul la Foi\u0219or este op\u021bional \u0219i se achit\u0103 separat.<\/strong><\/p>\t            <\/div>        <\/div>\t\t\t\t<\/div>\n\t\t\t\t<\/div>\n\t\t\t\t\t<\/div>\n\t\t<\/div>\n\t\t\t\t\t<\/div>\n\t\t<\/section>\n\t\t\t\t<\/div>","protected":false},"excerpt":{"rendered":"<p>Oferte 1 DECEMBRIE LA VA\u021aA THERMAL SPA Ofert\u0103 special\u0103 1 DECEMBRIE LA VA\u021aA THERMAL SPA \ud83c\uddf7\ud83c\uddf4 SEJUR DE 1 DECEMBRIE \u2013 HOTEL PHOENIX | VA\u021aA B\u0102I 28 noiembrie \u2013 1 decembrie (3 nop\u021bi) Cazare cu DEMIPENSIUNE (mic dejun &amp; cin\u0103) Pr\u00e2nzul se serve\u0219te separat, contra cost, la Foi\u0219or. Ce te a\u0219teapt\u0103: Cin\u0103 tradi\u021bional\u0103 de bun &#8230;<\/p>","protected":false},"author":1,"featured_media":0,"parent":0,"menu_order":0,"comment_status":"closed","ping_status":"closed","template":"elementor_header_footer","meta":{"cozystay_single_page_hide_site_header":"","cozystay_single_page_site_header_source":"","cozystay_single_page_custom_site_header":"0","cozystay_single_page_custom_sticky_site_header":"0","cozystay_single_page_hide_page_title":"","cozystay_single_page_header_section_size":"","cozystay_single_page_header_background_color":"","cozystay_single_page_header_background_position_x":"center","cozystay_single_page_header_background_position_y":"center","cozystay_single_page_header_background_size":"cover","cozystay_single_page_header_background_repeat":"off","cozystay_single_page_header_background_scroll":"on","cozystay_single_page_header_text_color":"","cozystay_single_page_header_show_breadcrumb":"","cozystay_single_page_site_footer_hide_main":"","cozystay_single_custom_site_footer_main_source":"","cozystay_single_custom_site_footer_main":"0","cozystay_single_page_site_footer_hide_above":"","cozystay_single_custom_site_footer_above_source":"","cozystay_single_custom_site_footer_above":"0","cozystay_single_page_site_footer_hide_instagram":"","cozystay_single_page_site_footer_hide_bottom":"","cozystay_single_custom_mobile_menu_source":"","cozystay_single_custom_mobile_menu":"0","cozystay_single_custom_mobile_menu_animation":"","cozystay_single_custom_mobile_menu_width":"","cozystay_single_custom_mobile_menu_custom_width":375,"footnotes":""},"class_list":["post-5553","page","type-page","status-publish","hentry"],"yoast_head":"<!-- This site is optimized with the Yoast SEO plugin v24.6 - https:\/\/yoast.com\/wordpress\/plugins\/seo\/ -->\n<title>Oferta 1 Decembrie - Complex Balneo Termal Va\u021ba B\u0103i<\/title>\n<meta name=\"robots\" content=\"index, follow, max-snippet:-1, max-image-preview:large, max-video-preview:-1\" \/>\n<link rel=\"canonical\" href=\"https:\/\/www.vatabai.ro\/en\/oferta-1-decembrie\/\" \/>\n<meta property=\"og:locale\" content=\"en_GB\" \/>\n<meta property=\"og:type\" content=\"article\" \/>\n<meta property=\"og:title\" content=\"Oferta 1 Decembrie - Complex Balneo Termal Va\u021ba B\u0103i\" \/>\n<meta property=\"og:description\" content=\"Oferte 1 DECEMBRIE LA VA\u021aA THERMAL SPA Ofert\u0103 special\u0103 1 DECEMBRIE LA VA\u021aA THERMAL SPA \ud83c\uddf7\ud83c\uddf4 SEJUR DE 1 DECEMBRIE \u2013 HOTEL PHOENIX | VA\u021aA B\u0102I 28 noiembrie \u2013 1 decembrie (3 nop\u021bi) Cazare cu DEMIPENSIUNE (mic dejun &amp; cin\u0103) Pr\u00e2nzul se serve\u0219te separat, contra cost, la Foi\u0219or. Ce te a\u0219teapt\u0103: Cin\u0103 tradi\u021bional\u0103 de bun ...\" \/>\n<meta property=\"og:url\" content=\"https:\/\/www.vatabai.ro\/en\/oferta-1-decembrie\/\" \/>\n<meta property=\"og:site_name\" content=\"Complex Balneo Termal Va\u021ba B\u0103i\" \/>\n<meta property=\"article:modified_time\" content=\"2025-11-24T17:24:25+00:00\" \/>\n<meta property=\"og:image\" content=\"https:\/\/www.vatabai.ro\/wp-content\/uploads\/2025\/11\/pngtree-distressed-red-sold-out-stamp-with-stars-png-image_16958308-300x300.webp\" \/>\n<meta name=\"twitter:card\" content=\"summary_large_image\" \/>\n<meta name=\"twitter:label1\" content=\"Est. reading time\" \/>\n\t<meta name=\"twitter:data1\" content=\"2 minutes\" \/>\n<script type=\"application\/ld+json\" class=\"yoast-schema-graph\">{\"@context\":\"https:\/\/schema.org\",\"@graph\":[{\"@type\":\"WebPage\",\"@id\":\"https:\/\/www.vatabai.ro\/oferta-1-decembrie\/\",\"url\":\"https:\/\/www.vatabai.ro\/oferta-1-decembrie\/\",\"name\":\"Oferta 1 Decembrie - Complex Balneo Termal Va\u021ba B\u0103i\",\"isPartOf\":{\"@id\":\"https:\/\/www.vatabai.ro\/#website\"},\"primaryImageOfPage\":{\"@id\":\"https:\/\/www.vatabai.ro\/oferta-1-decembrie\/#primaryimage\"},\"image\":{\"@id\":\"https:\/\/www.vatabai.ro\/oferta-1-decembrie\/#primaryimage\"},\"thumbnailUrl\":\"https:\/\/www.vatabai.ro\/wp-content\/uploads\/2025\/11\/pngtree-distressed-red-sold-out-stamp-with-stars-png-image_16958308-300x300.webp\",\"datePublished\":\"2025-10-11T13:43:10+00:00\",\"dateModified\":\"2025-11-24T17:24:25+00:00\",\"breadcrumb\":{\"@id\":\"https:\/\/www.vatabai.ro\/oferta-1-decembrie\/#breadcrumb\"},\"inLanguage\":\"en-GB\",\"potentialAction\":[{\"@type\":\"ReadAction\",\"target\":[\"https:\/\/www.vatabai.ro\/oferta-1-decembrie\/\"]}]},{\"@type\":\"ImageObject\",\"inLanguage\":\"en-GB\",\"@id\":\"https:\/\/www.vatabai.ro\/oferta-1-decembrie\/#primaryimage\",\"url\":\"https:\/\/www.vatabai.ro\/wp-content\/uploads\/2025\/11\/pngtree-distressed-red-sold-out-stamp-with-stars-png-image_16958308-300x300.webp\",\"contentUrl\":\"https:\/\/www.vatabai.ro\/wp-content\/uploads\/2025\/11\/pngtree-distressed-red-sold-out-stamp-with-stars-png-image_16958308-300x300.webp\"},{\"@type\":\"BreadcrumbList\",\"@id\":\"https:\/\/www.vatabai.ro\/oferta-1-decembrie\/#breadcrumb\",\"itemListElement\":[{\"@type\":\"ListItem\",\"position\":1,\"name\":\"Home\",\"item\":\"https:\/\/www.vatabai.ro\/\"},{\"@type\":\"ListItem\",\"position\":2,\"name\":\"Oferta 1 Decembrie\"}]},{\"@type\":\"WebSite\",\"@id\":\"https:\/\/www.vatabai.ro\/#website\",\"url\":\"https:\/\/www.vatabai.ro\/\",\"name\":\"Complex Balneo Termal Va\u021ba B\u0103i\",\"description\":\"\",\"alternateName\":\"Va\u021ba B\u0103i\",\"potentialAction\":[{\"@type\":\"SearchAction\",\"target\":{\"@type\":\"EntryPoint\",\"urlTemplate\":\"https:\/\/www.vatabai.ro\/?s={search_term_string}\"},\"query-input\":{\"@type\":\"PropertyValueSpecification\",\"valueRequired\":true,\"valueName\":\"search_term_string\"}}],\"inLanguage\":\"en-GB\"}]}<\/script>\n<!-- \/ Yoast SEO plugin. -->","yoast_head_json":{"title":"Oferta 1 Decembrie - Complex Balneo Termal Va\u021ba B\u0103i","robots":{"index":"index","follow":"follow","max-snippet":"max-snippet:-1","max-image-preview":"max-image-preview:large","max-video-preview":"max-video-preview:-1"},"canonical":"https:\/\/www.vatabai.ro\/en\/oferta-1-decembrie\/","og_locale":"en_GB","og_type":"article","og_title":"Oferta 1 Decembrie - Complex Balneo Termal Va\u021ba B\u0103i","og_description":"Oferte 1 DECEMBRIE LA VA\u021aA THERMAL SPA Ofert\u0103 special\u0103 1 DECEMBRIE LA VA\u021aA THERMAL SPA \ud83c\uddf7\ud83c\uddf4 SEJUR DE 1 DECEMBRIE \u2013 HOTEL PHOENIX | VA\u021aA B\u0102I 28 noiembrie \u2013 1 decembrie (3 nop\u021bi) Cazare cu DEMIPENSIUNE (mic dejun &amp; cin\u0103) Pr\u00e2nzul se serve\u0219te separat, contra cost, la Foi\u0219or. Ce te a\u0219teapt\u0103: Cin\u0103 tradi\u021bional\u0103 de bun ...","og_url":"https:\/\/www.vatabai.ro\/en\/oferta-1-decembrie\/","og_site_name":"Complex Balneo Termal Va\u021ba B\u0103i","article_modified_time":"2025-11-24T17:24:25+00:00","og_image":[{"url":"https:\/\/www.vatabai.ro\/wp-content\/uploads\/2025\/11\/pngtree-distressed-red-sold-out-stamp-with-stars-png-image_16958308-300x300.webp","type":"","width":"","height":""}],"twitter_card":"summary_large_image","twitter_misc":{"Est. reading time":"2 minutes"},"schema":{"@context":"https:\/\/schema.org","@graph":[{"@type":"WebPage","@id":"https:\/\/www.vatabai.ro\/oferta-1-decembrie\/","url":"https:\/\/www.vatabai.ro\/oferta-1-decembrie\/","name":"Oferta 1 Decembrie - Complex Balneo Termal Va\u021ba B\u0103i","isPartOf":{"@id":"https:\/\/www.vatabai.ro\/#website"},"primaryImageOfPage":{"@id":"https:\/\/www.vatabai.ro\/oferta-1-decembrie\/#primaryimage"},"image":{"@id":"https:\/\/www.vatabai.ro\/oferta-1-decembrie\/#primaryimage"},"thumbnailUrl":"https:\/\/www.vatabai.ro\/wp-content\/uploads\/2025\/11\/pngtree-distressed-red-sold-out-stamp-with-stars-png-image_16958308-300x300.webp","datePublished":"2025-10-11T13:43:10+00:00","dateModified":"2025-11-24T17:24:25+00:00","breadcrumb":{"@id":"https:\/\/www.vatabai.ro\/oferta-1-decembrie\/#breadcrumb"},"inLanguage":"en-GB","potentialAction":[{"@type":"ReadAction","target":["https:\/\/www.vatabai.ro\/oferta-1-decembrie\/"]}]},{"@type":"ImageObject","inLanguage":"en-GB","@id":"https:\/\/www.vatabai.ro\/oferta-1-decembrie\/#primaryimage","url":"https:\/\/www.vatabai.ro\/wp-content\/uploads\/2025\/11\/pngtree-distressed-red-sold-out-stamp-with-stars-png-image_16958308-300x300.webp","contentUrl":"https:\/\/www.vatabai.ro\/wp-content\/uploads\/2025\/11\/pngtree-distressed-red-sold-out-stamp-with-stars-png-image_16958308-300x300.webp"},{"@type":"BreadcrumbList","@id":"https:\/\/www.vatabai.ro\/oferta-1-decembrie\/#breadcrumb","itemListElement":[{"@type":"ListItem","position":1,"name":"Home","item":"https:\/\/www.vatabai.ro\/"},{"@type":"ListItem","position":2,"name":"Oferta 1 Decembrie"}]},{"@type":"WebSite","@id":"https:\/\/www.vatabai.ro\/#website","url":"https:\/\/www.vatabai.ro\/","name":"Complex Balneo Termal Va\u021ba B\u0103i","description":"","alternateName":"Va\u021ba B\u0103i","potentialAction":[{"@type":"SearchAction","target":{"@type":"EntryPoint","urlTemplate":"https:\/\/www.vatabai.ro\/?s={search_term_string}"},"query-input":{"@type":"PropertyValueSpecification","valueRequired":true,"valueName":"search_term_string"}}],"inLanguage":"en-GB"}]}},"_links":{"self":[{"href":"https:\/\/www.vatabai.ro\/en\/wp-json\/wp\/v2\/pages\/5553","targetHints":{"allow":["GET"]}}],"collection":[{"href":"https:\/\/www.vatabai.ro\/en\/wp-json\/wp\/v2\/pages"}],"about":[{"href":"https:\/\/www.vatabai.ro\/en\/wp-json\/wp\/v2\/types\/page"}],"author":[{"embeddable":true,"href":"https:\/\/www.vatabai.ro\/en\/wp-json\/wp\/v2\/users\/1"}],"replies":[{"embeddable":true,"href":"https:\/\/www.vatabai.ro\/en\/wp-json\/wp\/v2\/comments?post=5553"}],"version-history":[{"count":25,"href":"https:\/\/www.vatabai.ro\/en\/wp-json\/wp\/v2\/pages\/5553\/revisions"}],"predecessor-version":[{"id":5675,"href":"https:\/\/www.vatabai.ro\/en\/wp-json\/wp\/v2\/pages\/5553\/revisions\/5675"}],"wp:attachment":[{"href":"https:\/\/www.vatabai.ro\/en\/wp-json\/wp\/v2\/media?parent=5553"}],"curies":[{"name":"wp","href":"https:\/\/api.w.org\/{rel}","templated":true}]}}