{"id":5519,"date":"2025-10-10T13:24:54","date_gmt":"2025-10-10T13:24:54","guid":{"rendered":"https:\/\/www.vatabai.ro\/?page_id=5519"},"modified":"2025-10-10T13:33:20","modified_gmt":"2025-10-10T13:33:20","slug":"pachet-halloween-retro-weekend","status":"publish","type":"page","link":"https:\/\/www.vatabai.ro\/en\/pachet-halloween-retro-weekend\/","title":{"rendered":"Pachet Halloween Retro Weekend"},"content":{"rendered":"<div data-elementor-type=\"wp-page\" data-elementor-id=\"5519\" class=\"elementor elementor-5519\">\n\t\t\t\t\t\t<section class=\"elementor-section elementor-top-section elementor-element elementor-element-c109a26 elementor-section-height-min-height cs-section-content-fullwidth cs-parallax-on-scroll cs_scroll_y_80 elementor-section-boxed elementor-section-height-default elementor-section-items-middle\" data-id=\"c109a26\" data-element_type=\"section\" data-settings=\"{&quot;background_background&quot;:&quot;classic&quot;}\" data-cs-parallax-y=\"80\" style=\"background-image: none;\" data-cs-background-image=\"https:\/\/www.vatabai.ro\/wp-content\/uploads\/2025\/10\/haloween.jpg\">\n\t\t\t\t\t\t\t<div class=\"elementor-background-overlay\"><\/div>\n\t\t\t\t\t\t\t<div class=\"elementor-container elementor-column-gap-no\">\n\t\t\t\t\t<div class=\"elementor-column elementor-col-100 elementor-top-column elementor-element elementor-element-6136735 dark-color\" data-id=\"6136735\" data-element_type=\"column\">\n\t\t\t<div class=\"elementor-widget-wrap elementor-element-populated\">\n\t\t\t\t\t\t<div class=\"elementor-element elementor-element-ef7d909 elementor-widget elementor-widget-cs_title\" data-id=\"ef7d909\" data-element_type=\"widget\" data-widget_type=\"cs_title.default\">\n\t\t\t\t<div class=\"elementor-widget-container\">\n\t\t\t\t\t\n        <div class=\"cs-title-wrap text-center\">\t            <div class=\"cs-subtitle-wrap\"><span class=\"cs-subtitle color-white\">Offers<\/span><\/div>\t            <h1 class=\"cs-title\">\n\t                Halloween Retro Weekend\t            <\/h1>        <\/div>\t\t\t\t<\/div>\n\t\t\t\t<\/div>\n\t\t\t\t\t<\/div>\n\t\t<\/div>\n\t\t\t\t\t<\/div>\n\t\t<\/section>\n\t\t\t\t<section class=\"elementor-section elementor-top-section elementor-element elementor-element-099523d elementor-section-content-middle elementor-section-boxed elementor-section-height-default elementor-section-height-default\" data-id=\"099523d\" data-element_type=\"section\" data-settings=\"{&quot;background_background&quot;:&quot;classic&quot;}\">\n\t\t\t\t\t\t<div class=\"elementor-container elementor-column-gap-no\">\n\t\t\t\t\t<div class=\"elementor-column elementor-col-50 elementor-top-column elementor-element elementor-element-c9f4839\" data-id=\"c9f4839\" data-element_type=\"column\">\n\t\t\t<div class=\"elementor-widget-wrap elementor-element-populated\">\n\t\t\t\t\t\t<div class=\"elementor-element elementor-element-102e63a cs-animation-small-offset elementor-invisible elementor-widget elementor-widget-image\" data-id=\"102e63a\" data-element_type=\"widget\" data-settings=\"{&quot;_animation&quot;:&quot;fadeInUp&quot;,&quot;_animation_delay&quot;:150}\" data-widget_type=\"image.default\">\n\t\t\t\t<div class=\"elementor-widget-container\">\n\t\t\t\t\t\t\t\t\t\t\t\t\t\t\t<img fetchpriority=\"high\" decoding=\"async\" width=\"1064\" height=\"1500\" src=\"https:\/\/www.vatabai.ro\/wp-content\/uploads\/2025\/10\/halloween-spa.jpg\" class=\"attachment-full size-full wp-image-5536\" alt=\"\" srcset=\"https:\/\/www.vatabai.ro\/wp-content\/uploads\/2025\/10\/halloween-spa.jpg 1064w, https:\/\/www.vatabai.ro\/wp-content\/uploads\/2025\/10\/halloween-spa-106x150.jpg 106w, https:\/\/www.vatabai.ro\/wp-content\/uploads\/2025\/10\/halloween-spa-1000x1410.jpg 1000w, https:\/\/www.vatabai.ro\/wp-content\/uploads\/2025\/10\/halloween-spa-213x300.jpg 213w, https:\/\/www.vatabai.ro\/wp-content\/uploads\/2025\/10\/halloween-spa-726x1024.jpg 726w, https:\/\/www.vatabai.ro\/wp-content\/uploads\/2025\/10\/halloween-spa-768x1083.jpg 768w, https:\/\/www.vatabai.ro\/wp-content\/uploads\/2025\/10\/halloween-spa-9x12.jpg 9w, https:\/\/www.vatabai.ro\/wp-content\/uploads\/2025\/10\/halloween-spa-780x1100.jpg 780w, https:\/\/www.vatabai.ro\/wp-content\/uploads\/2025\/10\/halloween-spa-600x846.jpg 600w, https:\/\/www.vatabai.ro\/wp-content\/uploads\/2025\/10\/halloween-spa-550x775.jpg 550w, https:\/\/www.vatabai.ro\/wp-content\/uploads\/2025\/10\/halloween-spa-370x522.jpg 370w, https:\/\/www.vatabai.ro\/wp-content\/uploads\/2025\/10\/halloween-spa-255x359.jpg 255w\" sizes=\"(max-width: 1064px) 100vw, 1064px\" \/>\t\t\t\t\t\t\t\t\t\t\t\t\t\t\t<\/div>\n\t\t\t\t<\/div>\n\t\t\t\t\t<\/div>\n\t\t<\/div>\n\t\t\t\t<div class=\"elementor-column elementor-col-50 elementor-top-column elementor-element elementor-element-9e55588\" data-id=\"9e55588\" data-element_type=\"column\">\n\t\t\t<div class=\"elementor-widget-wrap elementor-element-populated\">\n\t\t\t\t\t\t<div class=\"elementor-element elementor-element-77f9edf elementor-widget elementor-widget-cs_title\" data-id=\"77f9edf\" data-element_type=\"widget\" data-widget_type=\"cs_title.default\">\n\t\t\t\t<div class=\"elementor-widget-container\">\n\t\t\t\t\t\n        <div class=\"cs-title-wrap\">\t            <div class=\"cs-subtitle-wrap\"><span class=\"cs-subtitle\">Special offer <\/span><\/div>\t            <h4 class=\"cs-title\">\n\t                Halloween Retro Weekend @ Va\u021ba Thermal Spa\n\t            <\/h4>\t            <div class=\"cs-title-text\">\n\t                <p><strong data-start=\"97\" data-end=\"137\">31 octombrie \u2013 2 noiembrie (2 nop\u021bi)<\/strong><\/p><p>Hotel Phoenix | Demipensiune | Acces Spa<\/p><p><strong data-start=\"191\" data-end=\"210\">Ce te a\u0219teapt\u0103:<\/strong><br data-start=\"210\" data-end=\"213\" \/>\u2022 Cin\u0103 cu degustare de vinuri Domeniile Vata \u2013 Crama <em data-start=\"266\" data-end=\"281\">Seara pe Deal<\/em><br data-start=\"281\" data-end=\"284\" \/>\u2022 Pr\u00e2nz la Foi\u0219or, pl\u0103cint\u0103 cu dovleac, vin &amp; muzic\u0103<br data-start=\"336\" data-end=\"339\" \/>\u2022 Petrecere cu DJ &amp; b\u0103uturi tematice la Lounge Bar<br data-start=\"389\" data-end=\"392\" \/>\u2022 La check-in, fiecare oaspete prime\u0219te o surpriz\u0103 special\u0103: o experien\u021b\u0103 SPA ce aduce echilibru \u0219i relaxare \u2013 o procedur\u0103 wellness la alegere:<br data-start=\"535\" data-end=\"538\" \/>masaj de relaxare, baie cu lapte sau vin, drenaj limfatic, saun\u0103 cu ozon sau <em data-start=\"617\" data-end=\"635\">floating Pyramid<\/em><\/p><p><strong data-start=\"642\" data-end=\"653\">Rates are as follow:<\/strong><br data-start=\"653\" data-end=\"656\" \/>\u2022 <strong data-start=\"658\" data-end=\"671\">Mansard\u0103:<\/strong> 1.150 lei (1 pers.) | 1.750 lei (2 pers.)<br data-start=\"713\" data-end=\"716\" \/>\u2022 <strong data-start=\"718\" data-end=\"728\">Dubl\u0103:<\/strong> 1.450 lei (1 pers.) | 1.950 lei (2 pers.)<br data-start=\"770\" data-end=\"773\" \/>\u2022 <strong data-start=\"775\" data-end=\"798\">Apartament Premium:<\/strong> 1.750 lei (1 pers.) | 2.250 lei (2 pers.) | 3.000 lei (3 pers.)<\/p>\t            <\/div>        <\/div>\t\t\t\t<\/div>\n\t\t\t\t<\/div>\n\t\t\t\t\t<\/div>\n\t\t<\/div>\n\t\t\t\t\t<\/div>\n\t\t<\/section>\n\t\t\t\t<\/div>","protected":false},"excerpt":{"rendered":"<p>Oferte Halloween Retro Weekend Ofert\u0103 special\u0103 Halloween Retro Weekend @ Va\u021ba Thermal Spa 31 octombrie \u2013 2 noiembrie (2 nop\u021bi) Hotel Phoenix | Demipensiune | Acces Spa Ce te a\u0219teapt\u0103:\u2022 Cin\u0103 cu degustare de vinuri Domeniile Vata \u2013 Crama Seara pe Deal\u2022 Pr\u00e2nz la Foi\u0219or, pl\u0103cint\u0103 cu dovleac, vin &amp; muzic\u0103\u2022 Petrecere cu DJ &amp; &#8230;<\/p>","protected":false},"author":1,"featured_media":0,"parent":0,"menu_order":0,"comment_status":"closed","ping_status":"closed","template":"elementor_header_footer","meta":{"cozystay_single_page_hide_site_header":"","cozystay_single_page_site_header_source":"","cozystay_single_page_custom_site_header":"0","cozystay_single_page_custom_sticky_site_header":"0","cozystay_single_page_hide_page_title":"","cozystay_single_page_header_section_size":"","cozystay_single_page_header_background_color":"","cozystay_single_page_header_background_position_x":"center","cozystay_single_page_header_background_position_y":"center","cozystay_single_page_header_background_size":"cover","cozystay_single_page_header_background_repeat":"off","cozystay_single_page_header_background_scroll":"on","cozystay_single_page_header_text_color":"","cozystay_single_page_header_show_breadcrumb":"","cozystay_single_page_site_footer_hide_main":"","cozystay_single_custom_site_footer_main_source":"","cozystay_single_custom_site_footer_main":"0","cozystay_single_page_site_footer_hide_above":"","cozystay_single_custom_site_footer_above_source":"","cozystay_single_custom_site_footer_above":"0","cozystay_single_page_site_footer_hide_instagram":"","cozystay_single_page_site_footer_hide_bottom":"","cozystay_single_custom_mobile_menu_source":"","cozystay_single_custom_mobile_menu":"0","cozystay_single_custom_mobile_menu_animation":"","cozystay_single_custom_mobile_menu_width":"","cozystay_single_custom_mobile_menu_custom_width":375,"footnotes":""},"class_list":["post-5519","page","type-page","status-publish","hentry"],"yoast_head":"<!-- This site is optimized with the Yoast SEO plugin v24.6 - https:\/\/yoast.com\/wordpress\/plugins\/seo\/ -->\n<title>Pachet Halloween Retro Weekend - Complex Balneo Termal Va\u021ba B\u0103i<\/title>\n<meta name=\"robots\" content=\"index, follow, max-snippet:-1, max-image-preview:large, max-video-preview:-1\" \/>\n<link rel=\"canonical\" href=\"https:\/\/www.vatabai.ro\/en\/pachet-halloween-retro-weekend\/\" \/>\n<meta property=\"og:locale\" content=\"en_GB\" \/>\n<meta property=\"og:type\" content=\"article\" \/>\n<meta property=\"og:title\" content=\"Pachet Halloween Retro Weekend - Complex Balneo Termal Va\u021ba B\u0103i\" \/>\n<meta property=\"og:description\" content=\"Oferte Halloween Retro Weekend Ofert\u0103 special\u0103 Halloween Retro Weekend @ Va\u021ba Thermal Spa 31 octombrie \u2013 2 noiembrie (2 nop\u021bi) Hotel Phoenix | Demipensiune | Acces Spa Ce te a\u0219teapt\u0103:\u2022 Cin\u0103 cu degustare de vinuri Domeniile Vata \u2013 Crama Seara pe Deal\u2022 Pr\u00e2nz la Foi\u0219or, pl\u0103cint\u0103 cu dovleac, vin &amp; muzic\u0103\u2022 Petrecere cu DJ &amp; ...\" \/>\n<meta property=\"og:url\" content=\"https:\/\/www.vatabai.ro\/en\/pachet-halloween-retro-weekend\/\" \/>\n<meta property=\"og:site_name\" content=\"Complex Balneo Termal Va\u021ba B\u0103i\" \/>\n<meta property=\"article:modified_time\" content=\"2025-10-10T13:33:20+00:00\" \/>\n<meta property=\"og:image\" content=\"https:\/\/www.vatabai.ro\/wp-content\/uploads\/2025\/10\/halloween-spa.jpg\" \/>\n\t<meta property=\"og:image:width\" content=\"1064\" \/>\n\t<meta property=\"og:image:height\" content=\"1500\" \/>\n\t<meta property=\"og:image:type\" content=\"image\/jpeg\" \/>\n<meta name=\"twitter:card\" content=\"summary_large_image\" \/>\n<meta name=\"twitter:label1\" content=\"Est. reading time\" \/>\n\t<meta name=\"twitter:data1\" content=\"1 minute\" \/>\n<script type=\"application\/ld+json\" class=\"yoast-schema-graph\">{\"@context\":\"https:\/\/schema.org\",\"@graph\":[{\"@type\":\"WebPage\",\"@id\":\"https:\/\/www.vatabai.ro\/pachet-halloween-retro-weekend\/\",\"url\":\"https:\/\/www.vatabai.ro\/pachet-halloween-retro-weekend\/\",\"name\":\"Pachet Halloween Retro Weekend - Complex Balneo Termal Va\u021ba B\u0103i\",\"isPartOf\":{\"@id\":\"https:\/\/www.vatabai.ro\/#website\"},\"primaryImageOfPage\":{\"@id\":\"https:\/\/www.vatabai.ro\/pachet-halloween-retro-weekend\/#primaryimage\"},\"image\":{\"@id\":\"https:\/\/www.vatabai.ro\/pachet-halloween-retro-weekend\/#primaryimage\"},\"thumbnailUrl\":\"https:\/\/www.vatabai.ro\/wp-content\/uploads\/2025\/10\/halloween-spa.jpg\",\"datePublished\":\"2025-10-10T13:24:54+00:00\",\"dateModified\":\"2025-10-10T13:33:20+00:00\",\"breadcrumb\":{\"@id\":\"https:\/\/www.vatabai.ro\/pachet-halloween-retro-weekend\/#breadcrumb\"},\"inLanguage\":\"en-GB\",\"potentialAction\":[{\"@type\":\"ReadAction\",\"target\":[\"https:\/\/www.vatabai.ro\/pachet-halloween-retro-weekend\/\"]}]},{\"@type\":\"ImageObject\",\"inLanguage\":\"en-GB\",\"@id\":\"https:\/\/www.vatabai.ro\/pachet-halloween-retro-weekend\/#primaryimage\",\"url\":\"https:\/\/www.vatabai.ro\/wp-content\/uploads\/2025\/10\/halloween-spa.jpg\",\"contentUrl\":\"https:\/\/www.vatabai.ro\/wp-content\/uploads\/2025\/10\/halloween-spa.jpg\"},{\"@type\":\"BreadcrumbList\",\"@id\":\"https:\/\/www.vatabai.ro\/pachet-halloween-retro-weekend\/#breadcrumb\",\"itemListElement\":[{\"@type\":\"ListItem\",\"position\":1,\"name\":\"Home\",\"item\":\"https:\/\/www.vatabai.ro\/\"},{\"@type\":\"ListItem\",\"position\":2,\"name\":\"Pachet Halloween Retro Weekend\"}]},{\"@type\":\"WebSite\",\"@id\":\"https:\/\/www.vatabai.ro\/#website\",\"url\":\"https:\/\/www.vatabai.ro\/\",\"name\":\"Complex Balneo Termal Va\u021ba B\u0103i\",\"description\":\"\",\"alternateName\":\"Va\u021ba B\u0103i\",\"potentialAction\":[{\"@type\":\"SearchAction\",\"target\":{\"@type\":\"EntryPoint\",\"urlTemplate\":\"https:\/\/www.vatabai.ro\/?s={search_term_string}\"},\"query-input\":{\"@type\":\"PropertyValueSpecification\",\"valueRequired\":true,\"valueName\":\"search_term_string\"}}],\"inLanguage\":\"en-GB\"}]}<\/script>\n<!-- \/ Yoast SEO plugin. -->","yoast_head_json":{"title":"Pachet Halloween Retro Weekend - Complex Balneo Termal Va\u021ba B\u0103i","robots":{"index":"index","follow":"follow","max-snippet":"max-snippet:-1","max-image-preview":"max-image-preview:large","max-video-preview":"max-video-preview:-1"},"canonical":"https:\/\/www.vatabai.ro\/en\/pachet-halloween-retro-weekend\/","og_locale":"en_GB","og_type":"article","og_title":"Pachet Halloween Retro Weekend - Complex Balneo Termal Va\u021ba B\u0103i","og_description":"Oferte Halloween Retro Weekend Ofert\u0103 special\u0103 Halloween Retro Weekend @ Va\u021ba Thermal Spa 31 octombrie \u2013 2 noiembrie (2 nop\u021bi) Hotel Phoenix | Demipensiune | Acces Spa Ce te a\u0219teapt\u0103:\u2022 Cin\u0103 cu degustare de vinuri Domeniile Vata \u2013 Crama Seara pe Deal\u2022 Pr\u00e2nz la Foi\u0219or, pl\u0103cint\u0103 cu dovleac, vin &amp; muzic\u0103\u2022 Petrecere cu DJ &amp; ...","og_url":"https:\/\/www.vatabai.ro\/en\/pachet-halloween-retro-weekend\/","og_site_name":"Complex Balneo Termal Va\u021ba B\u0103i","article_modified_time":"2025-10-10T13:33:20+00:00","og_image":[{"width":1064,"height":1500,"url":"https:\/\/www.vatabai.ro\/wp-content\/uploads\/2025\/10\/halloween-spa.jpg","type":"image\/jpeg"}],"twitter_card":"summary_large_image","twitter_misc":{"Est. reading time":"1 minute"},"schema":{"@context":"https:\/\/schema.org","@graph":[{"@type":"WebPage","@id":"https:\/\/www.vatabai.ro\/pachet-halloween-retro-weekend\/","url":"https:\/\/www.vatabai.ro\/pachet-halloween-retro-weekend\/","name":"Pachet Halloween Retro Weekend - Complex Balneo Termal Va\u021ba B\u0103i","isPartOf":{"@id":"https:\/\/www.vatabai.ro\/#website"},"primaryImageOfPage":{"@id":"https:\/\/www.vatabai.ro\/pachet-halloween-retro-weekend\/#primaryimage"},"image":{"@id":"https:\/\/www.vatabai.ro\/pachet-halloween-retro-weekend\/#primaryimage"},"thumbnailUrl":"https:\/\/www.vatabai.ro\/wp-content\/uploads\/2025\/10\/halloween-spa.jpg","datePublished":"2025-10-10T13:24:54+00:00","dateModified":"2025-10-10T13:33:20+00:00","breadcrumb":{"@id":"https:\/\/www.vatabai.ro\/pachet-halloween-retro-weekend\/#breadcrumb"},"inLanguage":"en-GB","potentialAction":[{"@type":"ReadAction","target":["https:\/\/www.vatabai.ro\/pachet-halloween-retro-weekend\/"]}]},{"@type":"ImageObject","inLanguage":"en-GB","@id":"https:\/\/www.vatabai.ro\/pachet-halloween-retro-weekend\/#primaryimage","url":"https:\/\/www.vatabai.ro\/wp-content\/uploads\/2025\/10\/halloween-spa.jpg","contentUrl":"https:\/\/www.vatabai.ro\/wp-content\/uploads\/2025\/10\/halloween-spa.jpg"},{"@type":"BreadcrumbList","@id":"https:\/\/www.vatabai.ro\/pachet-halloween-retro-weekend\/#breadcrumb","itemListElement":[{"@type":"ListItem","position":1,"name":"Home","item":"https:\/\/www.vatabai.ro\/"},{"@type":"ListItem","position":2,"name":"Pachet Halloween Retro Weekend"}]},{"@type":"WebSite","@id":"https:\/\/www.vatabai.ro\/#website","url":"https:\/\/www.vatabai.ro\/","name":"Complex Balneo Termal Va\u021ba B\u0103i","description":"","alternateName":"Va\u021ba B\u0103i","potentialAction":[{"@type":"SearchAction","target":{"@type":"EntryPoint","urlTemplate":"https:\/\/www.vatabai.ro\/?s={search_term_string}"},"query-input":{"@type":"PropertyValueSpecification","valueRequired":true,"valueName":"search_term_string"}}],"inLanguage":"en-GB"}]}},"_links":{"self":[{"href":"https:\/\/www.vatabai.ro\/en\/wp-json\/wp\/v2\/pages\/5519","targetHints":{"allow":["GET"]}}],"collection":[{"href":"https:\/\/www.vatabai.ro\/en\/wp-json\/wp\/v2\/pages"}],"about":[{"href":"https:\/\/www.vatabai.ro\/en\/wp-json\/wp\/v2\/types\/page"}],"author":[{"embeddable":true,"href":"https:\/\/www.vatabai.ro\/en\/wp-json\/wp\/v2\/users\/1"}],"replies":[{"embeddable":true,"href":"https:\/\/www.vatabai.ro\/en\/wp-json\/wp\/v2\/comments?post=5519"}],"version-history":[{"count":19,"href":"https:\/\/www.vatabai.ro\/en\/wp-json\/wp\/v2\/pages\/5519\/revisions"}],"predecessor-version":[{"id":5545,"href":"https:\/\/www.vatabai.ro\/en\/wp-json\/wp\/v2\/pages\/5519\/revisions\/5545"}],"wp:attachment":[{"href":"https:\/\/www.vatabai.ro\/en\/wp-json\/wp\/v2\/media?parent=5519"}],"curies":[{"name":"wp","href":"https:\/\/api.w.org\/{rel}","templated":true}]}}