{"id":5271,"date":"2025-09-22T09:13:18","date_gmt":"2025-09-22T09:13:18","guid":{"rendered":"https:\/\/www.vatabai.ro\/?page_id=5271"},"modified":"2025-09-23T08:33:57","modified_gmt":"2025-09-23T08:33:57","slug":"vata-night-spa","status":"publish","type":"page","link":"https:\/\/www.vatabai.ro\/en\/vata-night-spa\/","title":{"rendered":"Va\u021ba Night Spa"},"content":{"rendered":"<div data-elementor-type=\"wp-page\" data-elementor-id=\"5271\" class=\"elementor elementor-5271\">\n\t\t\t\t\t\t<section class=\"elementor-section elementor-top-section elementor-element elementor-element-c4d1f97 elementor-section-height-min-height cs-section-content-fullwidth cs-parallax-on-scroll cs_scroll_y_80 elementor-section-boxed elementor-section-height-default elementor-section-items-middle\" data-id=\"c4d1f97\" data-element_type=\"section\" data-settings=\"{&quot;background_background&quot;:&quot;slideshow&quot;,&quot;background_slideshow_gallery&quot;:[{&quot;id&quot;:5053,&quot;url&quot;:&quot;https:\\\/\\\/www.vatabai.ro\\\/wp-content\\\/uploads\\\/2025\\\/09\\\/VB12-1679.jpg&quot;},{&quot;id&quot;:5054,&quot;url&quot;:&quot;https:\\\/\\\/www.vatabai.ro\\\/wp-content\\\/uploads\\\/2025\\\/09\\\/VB12-1703-1.jpg&quot;},{&quot;id&quot;:5052,&quot;url&quot;:&quot;https:\\\/\\\/www.vatabai.ro\\\/wp-content\\\/uploads\\\/2025\\\/09\\\/VB12-1609-1.jpg&quot;},{&quot;id&quot;:5038,&quot;url&quot;:&quot;https:\\\/\\\/www.vatabai.ro\\\/wp-content\\\/uploads\\\/2025\\\/09\\\/VB11-1101.jpg&quot;},{&quot;id&quot;:5040,&quot;url&quot;:&quot;https:\\\/\\\/www.vatabai.ro\\\/wp-content\\\/uploads\\\/2025\\\/09\\\/VB11-1125-Copy.jpg&quot;},{&quot;id&quot;:5037,&quot;url&quot;:&quot;https:\\\/\\\/www.vatabai.ro\\\/wp-content\\\/uploads\\\/2025\\\/09\\\/VB11-1091.jpg&quot;},{&quot;id&quot;:5036,&quot;url&quot;:&quot;https:\\\/\\\/www.vatabai.ro\\\/wp-content\\\/uploads\\\/2025\\\/09\\\/VB11-1088.jpg&quot;},{&quot;id&quot;:5039,&quot;url&quot;:&quot;https:\\\/\\\/www.vatabai.ro\\\/wp-content\\\/uploads\\\/2025\\\/09\\\/VB11-1109-Copy.jpg&quot;},{&quot;id&quot;:5041,&quot;url&quot;:&quot;https:\\\/\\\/www.vatabai.ro\\\/wp-content\\\/uploads\\\/2025\\\/09\\\/VB11-1130.jpg&quot;},{&quot;id&quot;:5042,&quot;url&quot;:&quot;https:\\\/\\\/www.vatabai.ro\\\/wp-content\\\/uploads\\\/2025\\\/09\\\/VB11-1131.jpg&quot;},{&quot;id&quot;:5043,&quot;url&quot;:&quot;https:\\\/\\\/www.vatabai.ro\\\/wp-content\\\/uploads\\\/2025\\\/09\\\/VB11-1143.jpg&quot;},{&quot;id&quot;:5044,&quot;url&quot;:&quot;https:\\\/\\\/www.vatabai.ro\\\/wp-content\\\/uploads\\\/2025\\\/09\\\/VB11-1173.jpg&quot;},{&quot;id&quot;:5045,&quot;url&quot;:&quot;https:\\\/\\\/www.vatabai.ro\\\/wp-content\\\/uploads\\\/2025\\\/09\\\/VB11-1237.jpg&quot;},{&quot;id&quot;:5046,&quot;url&quot;:&quot;https:\\\/\\\/www.vatabai.ro\\\/wp-content\\\/uploads\\\/2025\\\/09\\\/VB12-1457.jpg&quot;},{&quot;id&quot;:5047,&quot;url&quot;:&quot;https:\\\/\\\/www.vatabai.ro\\\/wp-content\\\/uploads\\\/2025\\\/09\\\/VB12-1500.jpg&quot;},{&quot;id&quot;:5048,&quot;url&quot;:&quot;https:\\\/\\\/www.vatabai.ro\\\/wp-content\\\/uploads\\\/2025\\\/09\\\/VB12-1541.jpg&quot;},{&quot;id&quot;:5049,&quot;url&quot;:&quot;https:\\\/\\\/www.vatabai.ro\\\/wp-content\\\/uploads\\\/2025\\\/09\\\/VB12-1580.jpg&quot;},{&quot;id&quot;:5050,&quot;url&quot;:&quot;https:\\\/\\\/www.vatabai.ro\\\/wp-content\\\/uploads\\\/2025\\\/09\\\/VB12-1581-1.jpg&quot;},{&quot;id&quot;:5051,&quot;url&quot;:&quot;https:\\\/\\\/www.vatabai.ro\\\/wp-content\\\/uploads\\\/2025\\\/09\\\/VB12-1593-1.jpg&quot;},{&quot;id&quot;:5055,&quot;url&quot;:&quot;https:\\\/\\\/www.vatabai.ro\\\/wp-content\\\/uploads\\\/2025\\\/09\\\/VB12-1724-1.jpg&quot;},{&quot;id&quot;:5056,&quot;url&quot;:&quot;https:\\\/\\\/www.vatabai.ro\\\/wp-content\\\/uploads\\\/2025\\\/09\\\/VB13-2146.jpg&quot;},{&quot;id&quot;:5057,&quot;url&quot;:&quot;https:\\\/\\\/www.vatabai.ro\\\/wp-content\\\/uploads\\\/2025\\\/09\\\/VB13-2148.jpg&quot;},{&quot;id&quot;:5058,&quot;url&quot;:&quot;https:\\\/\\\/www.vatabai.ro\\\/wp-content\\\/uploads\\\/2025\\\/09\\\/VB13-2169.jpg&quot;},{&quot;id&quot;:5059,&quot;url&quot;:&quot;https:\\\/\\\/www.vatabai.ro\\\/wp-content\\\/uploads\\\/2025\\\/09\\\/VB13-2174.jpg&quot;},{&quot;id&quot;:5060,&quot;url&quot;:&quot;https:\\\/\\\/www.vatabai.ro\\\/wp-content\\\/uploads\\\/2025\\\/09\\\/VB13-2177.jpg&quot;},{&quot;id&quot;:5061,&quot;url&quot;:&quot;https:\\\/\\\/www.vatabai.ro\\\/wp-content\\\/uploads\\\/2025\\\/09\\\/VB13-2183.jpg&quot;},{&quot;id&quot;:5062,&quot;url&quot;:&quot;https:\\\/\\\/www.vatabai.ro\\\/wp-content\\\/uploads\\\/2025\\\/09\\\/VB13-2184.jpg&quot;},{&quot;id&quot;:5063,&quot;url&quot;:&quot;https:\\\/\\\/www.vatabai.ro\\\/wp-content\\\/uploads\\\/2025\\\/09\\\/VB13-2185.jpg&quot;},{&quot;id&quot;:5064,&quot;url&quot;:&quot;https:\\\/\\\/www.vatabai.ro\\\/wp-content\\\/uploads\\\/2025\\\/09\\\/VB13-2186.jpg&quot;},{&quot;id&quot;:5065,&quot;url&quot;:&quot;https:\\\/\\\/www.vatabai.ro\\\/wp-content\\\/uploads\\\/2025\\\/09\\\/VB13-2190.jpg&quot;},{&quot;id&quot;:5066,&quot;url&quot;:&quot;https:\\\/\\\/www.vatabai.ro\\\/wp-content\\\/uploads\\\/2025\\\/09\\\/VB13-2197.jpg&quot;},{&quot;id&quot;:5067,&quot;url&quot;:&quot;https:\\\/\\\/www.vatabai.ro\\\/wp-content\\\/uploads\\\/2025\\\/09\\\/VB13-2202.jpg&quot;},{&quot;id&quot;:5068,&quot;url&quot;:&quot;https:\\\/\\\/www.vatabai.ro\\\/wp-content\\\/uploads\\\/2025\\\/09\\\/VB13-2210.jpg&quot;}],&quot;background_slideshow_ken_burns&quot;:&quot;yes&quot;,&quot;background_slideshow_loop&quot;:&quot;yes&quot;,&quot;background_slideshow_slide_duration&quot;:5000,&quot;background_slideshow_slide_transition&quot;:&quot;fade&quot;,&quot;background_slideshow_transition_duration&quot;:500,&quot;background_slideshow_ken_burns_zoom_direction&quot;:&quot;in&quot;}\" data-cs-parallax-y=\"80\">\n\t\t\t\t\t\t\t<div class=\"elementor-background-overlay\"><\/div>\n\t\t\t\t\t\t\t<div class=\"elementor-container elementor-column-gap-no\">\n\t\t\t\t\t<div class=\"elementor-column elementor-col-100 elementor-top-column elementor-element elementor-element-cfefd7c dark-color\" data-id=\"cfefd7c\" data-element_type=\"column\">\n\t\t\t<div class=\"elementor-widget-wrap elementor-element-populated\">\n\t\t\t\t\t\t<div class=\"elementor-element elementor-element-4485249 elementor-widget elementor-widget-cs_title\" data-id=\"4485249\" data-element_type=\"widget\" data-widget_type=\"cs_title.default\">\n\t\t\t\t<div class=\"elementor-widget-container\">\n\t\t\t\t\t\n        <div class=\"cs-title-wrap text-center\">\t            <div class=\"cs-subtitle-wrap\"><span class=\"cs-subtitle color-white\">Offers<\/span><\/div>\t            <h1 class=\"cs-title\">\n\t                Va\u021ba Night SPA\t            <\/h1>        <\/div>\t\t\t\t<\/div>\n\t\t\t\t<\/div>\n\t\t\t\t\t<\/div>\n\t\t<\/div>\n\t\t\t\t\t<\/div>\n\t\t<\/section>\n\t\t\t\t<section class=\"elementor-section elementor-top-section elementor-element elementor-element-60c8837 elementor-section-content-middle elementor-reverse-mobile elementor-section-boxed elementor-section-height-default elementor-section-height-default\" data-id=\"60c8837\" data-element_type=\"section\" data-settings=\"{&quot;background_background&quot;:&quot;classic&quot;}\">\n\t\t\t\t\t\t<div class=\"elementor-container elementor-column-gap-no\">\n\t\t\t\t\t<div class=\"elementor-column elementor-col-100 elementor-top-column elementor-element elementor-element-3c420f2\" data-id=\"3c420f2\" data-element_type=\"column\">\n\t\t\t<div class=\"elementor-widget-wrap elementor-element-populated\">\n\t\t\t\t\t\t<div class=\"elementor-element elementor-element-d626971 elementor-widget elementor-widget-cs_title\" data-id=\"d626971\" data-element_type=\"widget\" data-widget_type=\"cs_title.default\">\n\t\t\t\t<div class=\"elementor-widget-container\">\n\t\t\t\t\t\n        <div class=\"cs-title-wrap\">\t            <div class=\"cs-title-text\">\n\t                <p><strong>Acces 1 zi:<\/strong> \u00a021:00 \u2013 24:00<br \/><strong>Acces privat pentru grupuri<\/strong> <em>(minim 10 persoane)<\/em><\/p><p><strong>Include:<\/strong><\/p><ul><li style=\"list-style-type: none;\"><ul><li>2 bazine interioare cu ap\u0103 termal\u0103<\/li><li>Bazin cu ap\u0103 s\u0103rat\u0103 himalayan\u0103<\/li><li>Bazin rustic cu f\u00e2n &amp; zon\u0103 rustic\u0103 de relaxare<\/li><li>Saun\u0103 uscat\u0103, umed\u0103 \u0219i cu aromaterapie<\/li><li>Piscin\u0103 interioar\u0103 &amp; zon\u0103 de relaxare<\/li><li>Jacuzzi exterior \u0219i gr\u0103din\u0103<\/li><li>Salin\u0103 (Salt Cave)<\/li><li>Lounge bar<\/li><li>Halat , prosoape<\/li><\/ul><\/li><\/ul><p><strong>Tarif:<\/strong><\/p><ul><li><strong>1.000 lei \/ grup<\/strong> (minim 10 persoane) &#8211;\u00a0 100 lei\/ persoan\u0103<\/li><\/ul>\t            <\/div>        <\/div>\t\t\t\t<\/div>\n\t\t\t\t<\/div>\n\t\t\t\t\t<\/div>\n\t\t<\/div>\n\t\t\t\t\t<\/div>\n\t\t<\/section>\n\t\t\t\t<\/div>","protected":false},"excerpt":{"rendered":"<p>Oferte Va\u021ba Night SPA Acces 1 zi: \u00a021:00 \u2013 24:00Acces privat pentru grupuri (minim 10 persoane) Include: 2 bazine interioare cu ap\u0103 termal\u0103 Bazin cu ap\u0103 s\u0103rat\u0103 himalayan\u0103 Bazin rustic cu f\u00e2n &amp; zon\u0103 rustic\u0103 de relaxare Saun\u0103 uscat\u0103, umed\u0103 \u0219i cu aromaterapie Piscin\u0103 interioar\u0103 &amp; zon\u0103 de relaxare Jacuzzi exterior \u0219i gr\u0103din\u0103 Salin\u0103 (Salt &#8230;<\/p>","protected":false},"author":1,"featured_media":0,"parent":0,"menu_order":0,"comment_status":"closed","ping_status":"closed","template":"elementor_header_footer","meta":{"cozystay_single_page_hide_site_header":"","cozystay_single_page_site_header_source":"","cozystay_single_page_custom_site_header":"0","cozystay_single_page_custom_sticky_site_header":"0","cozystay_single_page_hide_page_title":"","cozystay_single_page_header_section_size":"","cozystay_single_page_header_background_color":"","cozystay_single_page_header_background_position_x":"center","cozystay_single_page_header_background_position_y":"center","cozystay_single_page_header_background_size":"cover","cozystay_single_page_header_background_repeat":"off","cozystay_single_page_header_background_scroll":"on","cozystay_single_page_header_text_color":"","cozystay_single_page_header_show_breadcrumb":"","cozystay_single_page_site_footer_hide_main":"","cozystay_single_custom_site_footer_main_source":"","cozystay_single_custom_site_footer_main":"0","cozystay_single_page_site_footer_hide_above":"","cozystay_single_custom_site_footer_above_source":"","cozystay_single_custom_site_footer_above":"0","cozystay_single_page_site_footer_hide_instagram":"","cozystay_single_page_site_footer_hide_bottom":"","cozystay_single_custom_mobile_menu_source":"","cozystay_single_custom_mobile_menu":"0","cozystay_single_custom_mobile_menu_animation":"","cozystay_single_custom_mobile_menu_width":"","cozystay_single_custom_mobile_menu_custom_width":375,"footnotes":""},"class_list":["post-5271","page","type-page","status-publish","hentry"],"yoast_head":"<!-- This site is optimized with the Yoast SEO plugin v24.6 - https:\/\/yoast.com\/wordpress\/plugins\/seo\/ -->\n<title>Va\u021ba Night Spa - Complex Balneo Termal Va\u021ba B\u0103i<\/title>\n<meta name=\"robots\" content=\"index, follow, max-snippet:-1, max-image-preview:large, max-video-preview:-1\" \/>\n<link rel=\"canonical\" href=\"https:\/\/www.vatabai.ro\/en\/vata-night-spa\/\" \/>\n<meta property=\"og:locale\" content=\"en_GB\" \/>\n<meta property=\"og:type\" content=\"article\" \/>\n<meta property=\"og:title\" content=\"Va\u021ba Night Spa - Complex Balneo Termal Va\u021ba B\u0103i\" \/>\n<meta property=\"og:description\" content=\"Oferte Va\u021ba Night SPA Acces 1 zi: \u00a021:00 \u2013 24:00Acces privat pentru grupuri (minim 10 persoane) Include: 2 bazine interioare cu ap\u0103 termal\u0103 Bazin cu ap\u0103 s\u0103rat\u0103 himalayan\u0103 Bazin rustic cu f\u00e2n &amp; zon\u0103 rustic\u0103 de relaxare Saun\u0103 uscat\u0103, umed\u0103 \u0219i cu aromaterapie Piscin\u0103 interioar\u0103 &amp; zon\u0103 de relaxare Jacuzzi exterior \u0219i gr\u0103din\u0103 Salin\u0103 (Salt ...\" \/>\n<meta property=\"og:url\" content=\"https:\/\/www.vatabai.ro\/en\/vata-night-spa\/\" \/>\n<meta property=\"og:site_name\" content=\"Complex Balneo Termal Va\u021ba B\u0103i\" \/>\n<meta property=\"article:modified_time\" content=\"2025-09-23T08:33:57+00:00\" \/>\n<meta property=\"og:image\" content=\"https:\/\/www.vatabai.ro\/wp-content\/uploads\/2025\/02\/DE4B1187.jpg\" \/>\n\t<meta property=\"og:image:width\" content=\"2304\" \/>\n\t<meta property=\"og:image:height\" content=\"1536\" \/>\n\t<meta property=\"og:image:type\" content=\"image\/jpeg\" \/>\n<meta name=\"twitter:card\" content=\"summary_large_image\" \/>\n<meta name=\"twitter:label1\" content=\"Est. reading time\" \/>\n\t<meta name=\"twitter:data1\" content=\"1 minute\" \/>\n<script type=\"application\/ld+json\" class=\"yoast-schema-graph\">{\"@context\":\"https:\/\/schema.org\",\"@graph\":[{\"@type\":\"WebPage\",\"@id\":\"https:\/\/www.vatabai.ro\/vata-night-spa\/\",\"url\":\"https:\/\/www.vatabai.ro\/vata-night-spa\/\",\"name\":\"Va\u021ba Night Spa - Complex Balneo Termal Va\u021ba B\u0103i\",\"isPartOf\":{\"@id\":\"https:\/\/www.vatabai.ro\/#website\"},\"datePublished\":\"2025-09-22T09:13:18+00:00\",\"dateModified\":\"2025-09-23T08:33:57+00:00\",\"breadcrumb\":{\"@id\":\"https:\/\/www.vatabai.ro\/vata-night-spa\/#breadcrumb\"},\"inLanguage\":\"en-GB\",\"potentialAction\":[{\"@type\":\"ReadAction\",\"target\":[\"https:\/\/www.vatabai.ro\/vata-night-spa\/\"]}]},{\"@type\":\"BreadcrumbList\",\"@id\":\"https:\/\/www.vatabai.ro\/vata-night-spa\/#breadcrumb\",\"itemListElement\":[{\"@type\":\"ListItem\",\"position\":1,\"name\":\"Home\",\"item\":\"https:\/\/www.vatabai.ro\/\"},{\"@type\":\"ListItem\",\"position\":2,\"name\":\"Va\u021ba Night Spa\"}]},{\"@type\":\"WebSite\",\"@id\":\"https:\/\/www.vatabai.ro\/#website\",\"url\":\"https:\/\/www.vatabai.ro\/\",\"name\":\"Complex Balneo Termal Va\u021ba B\u0103i\",\"description\":\"\",\"alternateName\":\"Va\u021ba B\u0103i\",\"potentialAction\":[{\"@type\":\"SearchAction\",\"target\":{\"@type\":\"EntryPoint\",\"urlTemplate\":\"https:\/\/www.vatabai.ro\/?s={search_term_string}\"},\"query-input\":{\"@type\":\"PropertyValueSpecification\",\"valueRequired\":true,\"valueName\":\"search_term_string\"}}],\"inLanguage\":\"en-GB\"}]}<\/script>\n<!-- \/ Yoast SEO plugin. -->","yoast_head_json":{"title":"Va\u021ba Night Spa - Complex Balneo Termal Va\u021ba B\u0103i","robots":{"index":"index","follow":"follow","max-snippet":"max-snippet:-1","max-image-preview":"max-image-preview:large","max-video-preview":"max-video-preview:-1"},"canonical":"https:\/\/www.vatabai.ro\/en\/vata-night-spa\/","og_locale":"en_GB","og_type":"article","og_title":"Va\u021ba Night Spa - Complex Balneo Termal Va\u021ba B\u0103i","og_description":"Oferte Va\u021ba Night SPA Acces 1 zi: \u00a021:00 \u2013 24:00Acces privat pentru grupuri (minim 10 persoane) Include: 2 bazine interioare cu ap\u0103 termal\u0103 Bazin cu ap\u0103 s\u0103rat\u0103 himalayan\u0103 Bazin rustic cu f\u00e2n &amp; zon\u0103 rustic\u0103 de relaxare Saun\u0103 uscat\u0103, umed\u0103 \u0219i cu aromaterapie Piscin\u0103 interioar\u0103 &amp; zon\u0103 de relaxare Jacuzzi exterior \u0219i gr\u0103din\u0103 Salin\u0103 (Salt ...","og_url":"https:\/\/www.vatabai.ro\/en\/vata-night-spa\/","og_site_name":"Complex Balneo Termal Va\u021ba B\u0103i","article_modified_time":"2025-09-23T08:33:57+00:00","og_image":[{"width":2304,"height":1536,"url":"https:\/\/www.vatabai.ro\/wp-content\/uploads\/2025\/02\/DE4B1187.jpg","type":"image\/jpeg"}],"twitter_card":"summary_large_image","twitter_misc":{"Est. reading time":"1 minute"},"schema":{"@context":"https:\/\/schema.org","@graph":[{"@type":"WebPage","@id":"https:\/\/www.vatabai.ro\/vata-night-spa\/","url":"https:\/\/www.vatabai.ro\/vata-night-spa\/","name":"Va\u021ba Night Spa - Complex Balneo Termal Va\u021ba B\u0103i","isPartOf":{"@id":"https:\/\/www.vatabai.ro\/#website"},"datePublished":"2025-09-22T09:13:18+00:00","dateModified":"2025-09-23T08:33:57+00:00","breadcrumb":{"@id":"https:\/\/www.vatabai.ro\/vata-night-spa\/#breadcrumb"},"inLanguage":"en-GB","potentialAction":[{"@type":"ReadAction","target":["https:\/\/www.vatabai.ro\/vata-night-spa\/"]}]},{"@type":"BreadcrumbList","@id":"https:\/\/www.vatabai.ro\/vata-night-spa\/#breadcrumb","itemListElement":[{"@type":"ListItem","position":1,"name":"Home","item":"https:\/\/www.vatabai.ro\/"},{"@type":"ListItem","position":2,"name":"Va\u021ba Night Spa"}]},{"@type":"WebSite","@id":"https:\/\/www.vatabai.ro\/#website","url":"https:\/\/www.vatabai.ro\/","name":"Complex Balneo Termal Va\u021ba B\u0103i","description":"","alternateName":"Va\u021ba B\u0103i","potentialAction":[{"@type":"SearchAction","target":{"@type":"EntryPoint","urlTemplate":"https:\/\/www.vatabai.ro\/?s={search_term_string}"},"query-input":{"@type":"PropertyValueSpecification","valueRequired":true,"valueName":"search_term_string"}}],"inLanguage":"en-GB"}]}},"_links":{"self":[{"href":"https:\/\/www.vatabai.ro\/en\/wp-json\/wp\/v2\/pages\/5271","targetHints":{"allow":["GET"]}}],"collection":[{"href":"https:\/\/www.vatabai.ro\/en\/wp-json\/wp\/v2\/pages"}],"about":[{"href":"https:\/\/www.vatabai.ro\/en\/wp-json\/wp\/v2\/types\/page"}],"author":[{"embeddable":true,"href":"https:\/\/www.vatabai.ro\/en\/wp-json\/wp\/v2\/users\/1"}],"replies":[{"embeddable":true,"href":"https:\/\/www.vatabai.ro\/en\/wp-json\/wp\/v2\/comments?post=5271"}],"version-history":[{"count":16,"href":"https:\/\/www.vatabai.ro\/en\/wp-json\/wp\/v2\/pages\/5271\/revisions"}],"predecessor-version":[{"id":5410,"href":"https:\/\/www.vatabai.ro\/en\/wp-json\/wp\/v2\/pages\/5271\/revisions\/5410"}],"wp:attachment":[{"href":"https:\/\/www.vatabai.ro\/en\/wp-json\/wp\/v2\/media?parent=5271"}],"curies":[{"name":"wp","href":"https:\/\/api.w.org\/{rel}","templated":true}]}}