{"id":5270,"date":"2025-09-22T09:13:05","date_gmt":"2025-09-22T09:13:05","guid":{"rendered":"https:\/\/www.vatabai.ro\/?page_id=5270"},"modified":"2026-01-19T13:46:39","modified_gmt":"2026-01-19T13:46:39","slug":"vata-daily-spa","status":"publish","type":"page","link":"https:\/\/www.vatabai.ro\/en\/vata-daily-spa\/","title":{"rendered":"Va\u021ba Daily Spa"},"content":{"rendered":"<div data-elementor-type=\"wp-page\" data-elementor-id=\"5270\" class=\"elementor elementor-5270\">\n\t\t\t\t\t\t<section class=\"elementor-section elementor-top-section elementor-element elementor-element-0c5df65 elementor-section-height-min-height cs-section-content-fullwidth cs-parallax-on-scroll cs_scroll_y_80 elementor-section-boxed elementor-section-height-default elementor-section-items-middle\" data-id=\"0c5df65\" data-element_type=\"section\" data-settings=\"{&quot;background_background&quot;:&quot;slideshow&quot;,&quot;background_slideshow_gallery&quot;:[{&quot;id&quot;:5053,&quot;url&quot;:&quot;https:\\\/\\\/www.vatabai.ro\\\/wp-content\\\/uploads\\\/2025\\\/09\\\/VB12-1679.jpg&quot;},{&quot;id&quot;:5054,&quot;url&quot;:&quot;https:\\\/\\\/www.vatabai.ro\\\/wp-content\\\/uploads\\\/2025\\\/09\\\/VB12-1703-1.jpg&quot;},{&quot;id&quot;:5052,&quot;url&quot;:&quot;https:\\\/\\\/www.vatabai.ro\\\/wp-content\\\/uploads\\\/2025\\\/09\\\/VB12-1609-1.jpg&quot;},{&quot;id&quot;:5038,&quot;url&quot;:&quot;https:\\\/\\\/www.vatabai.ro\\\/wp-content\\\/uploads\\\/2025\\\/09\\\/VB11-1101.jpg&quot;},{&quot;id&quot;:5040,&quot;url&quot;:&quot;https:\\\/\\\/www.vatabai.ro\\\/wp-content\\\/uploads\\\/2025\\\/09\\\/VB11-1125-Copy.jpg&quot;},{&quot;id&quot;:5037,&quot;url&quot;:&quot;https:\\\/\\\/www.vatabai.ro\\\/wp-content\\\/uploads\\\/2025\\\/09\\\/VB11-1091.jpg&quot;},{&quot;id&quot;:5036,&quot;url&quot;:&quot;https:\\\/\\\/www.vatabai.ro\\\/wp-content\\\/uploads\\\/2025\\\/09\\\/VB11-1088.jpg&quot;},{&quot;id&quot;:5039,&quot;url&quot;:&quot;https:\\\/\\\/www.vatabai.ro\\\/wp-content\\\/uploads\\\/2025\\\/09\\\/VB11-1109-Copy.jpg&quot;},{&quot;id&quot;:5041,&quot;url&quot;:&quot;https:\\\/\\\/www.vatabai.ro\\\/wp-content\\\/uploads\\\/2025\\\/09\\\/VB11-1130.jpg&quot;},{&quot;id&quot;:5042,&quot;url&quot;:&quot;https:\\\/\\\/www.vatabai.ro\\\/wp-content\\\/uploads\\\/2025\\\/09\\\/VB11-1131.jpg&quot;},{&quot;id&quot;:5043,&quot;url&quot;:&quot;https:\\\/\\\/www.vatabai.ro\\\/wp-content\\\/uploads\\\/2025\\\/09\\\/VB11-1143.jpg&quot;},{&quot;id&quot;:5044,&quot;url&quot;:&quot;https:\\\/\\\/www.vatabai.ro\\\/wp-content\\\/uploads\\\/2025\\\/09\\\/VB11-1173.jpg&quot;},{&quot;id&quot;:5045,&quot;url&quot;:&quot;https:\\\/\\\/www.vatabai.ro\\\/wp-content\\\/uploads\\\/2025\\\/09\\\/VB11-1237.jpg&quot;},{&quot;id&quot;:5046,&quot;url&quot;:&quot;https:\\\/\\\/www.vatabai.ro\\\/wp-content\\\/uploads\\\/2025\\\/09\\\/VB12-1457.jpg&quot;},{&quot;id&quot;:5047,&quot;url&quot;:&quot;https:\\\/\\\/www.vatabai.ro\\\/wp-content\\\/uploads\\\/2025\\\/09\\\/VB12-1500.jpg&quot;},{&quot;id&quot;:5048,&quot;url&quot;:&quot;https:\\\/\\\/www.vatabai.ro\\\/wp-content\\\/uploads\\\/2025\\\/09\\\/VB12-1541.jpg&quot;},{&quot;id&quot;:5049,&quot;url&quot;:&quot;https:\\\/\\\/www.vatabai.ro\\\/wp-content\\\/uploads\\\/2025\\\/09\\\/VB12-1580.jpg&quot;},{&quot;id&quot;:5050,&quot;url&quot;:&quot;https:\\\/\\\/www.vatabai.ro\\\/wp-content\\\/uploads\\\/2025\\\/09\\\/VB12-1581-1.jpg&quot;},{&quot;id&quot;:5051,&quot;url&quot;:&quot;https:\\\/\\\/www.vatabai.ro\\\/wp-content\\\/uploads\\\/2025\\\/09\\\/VB12-1593-1.jpg&quot;},{&quot;id&quot;:5055,&quot;url&quot;:&quot;https:\\\/\\\/www.vatabai.ro\\\/wp-content\\\/uploads\\\/2025\\\/09\\\/VB12-1724-1.jpg&quot;},{&quot;id&quot;:5056,&quot;url&quot;:&quot;https:\\\/\\\/www.vatabai.ro\\\/wp-content\\\/uploads\\\/2025\\\/09\\\/VB13-2146.jpg&quot;},{&quot;id&quot;:5057,&quot;url&quot;:&quot;https:\\\/\\\/www.vatabai.ro\\\/wp-content\\\/uploads\\\/2025\\\/09\\\/VB13-2148.jpg&quot;},{&quot;id&quot;:5058,&quot;url&quot;:&quot;https:\\\/\\\/www.vatabai.ro\\\/wp-content\\\/uploads\\\/2025\\\/09\\\/VB13-2169.jpg&quot;},{&quot;id&quot;:5059,&quot;url&quot;:&quot;https:\\\/\\\/www.vatabai.ro\\\/wp-content\\\/uploads\\\/2025\\\/09\\\/VB13-2174.jpg&quot;},{&quot;id&quot;:5060,&quot;url&quot;:&quot;https:\\\/\\\/www.vatabai.ro\\\/wp-content\\\/uploads\\\/2025\\\/09\\\/VB13-2177.jpg&quot;},{&quot;id&quot;:5061,&quot;url&quot;:&quot;https:\\\/\\\/www.vatabai.ro\\\/wp-content\\\/uploads\\\/2025\\\/09\\\/VB13-2183.jpg&quot;},{&quot;id&quot;:5062,&quot;url&quot;:&quot;https:\\\/\\\/www.vatabai.ro\\\/wp-content\\\/uploads\\\/2025\\\/09\\\/VB13-2184.jpg&quot;},{&quot;id&quot;:5063,&quot;url&quot;:&quot;https:\\\/\\\/www.vatabai.ro\\\/wp-content\\\/uploads\\\/2025\\\/09\\\/VB13-2185.jpg&quot;},{&quot;id&quot;:5064,&quot;url&quot;:&quot;https:\\\/\\\/www.vatabai.ro\\\/wp-content\\\/uploads\\\/2025\\\/09\\\/VB13-2186.jpg&quot;},{&quot;id&quot;:5065,&quot;url&quot;:&quot;https:\\\/\\\/www.vatabai.ro\\\/wp-content\\\/uploads\\\/2025\\\/09\\\/VB13-2190.jpg&quot;},{&quot;id&quot;:5066,&quot;url&quot;:&quot;https:\\\/\\\/www.vatabai.ro\\\/wp-content\\\/uploads\\\/2025\\\/09\\\/VB13-2197.jpg&quot;},{&quot;id&quot;:5067,&quot;url&quot;:&quot;https:\\\/\\\/www.vatabai.ro\\\/wp-content\\\/uploads\\\/2025\\\/09\\\/VB13-2202.jpg&quot;},{&quot;id&quot;:5068,&quot;url&quot;:&quot;https:\\\/\\\/www.vatabai.ro\\\/wp-content\\\/uploads\\\/2025\\\/09\\\/VB13-2210.jpg&quot;}],&quot;background_slideshow_ken_burns&quot;:&quot;yes&quot;,&quot;background_slideshow_loop&quot;:&quot;yes&quot;,&quot;background_slideshow_slide_duration&quot;:5000,&quot;background_slideshow_slide_transition&quot;:&quot;fade&quot;,&quot;background_slideshow_transition_duration&quot;:500,&quot;background_slideshow_ken_burns_zoom_direction&quot;:&quot;in&quot;}\" data-cs-parallax-y=\"80\">\n\t\t\t\t\t\t\t<div class=\"elementor-background-overlay\"><\/div>\n\t\t\t\t\t\t\t<div class=\"elementor-container elementor-column-gap-no\">\n\t\t\t\t\t<div class=\"elementor-column elementor-col-100 elementor-top-column elementor-element elementor-element-d333fb2 dark-color\" data-id=\"d333fb2\" data-element_type=\"column\">\n\t\t\t<div class=\"elementor-widget-wrap elementor-element-populated\">\n\t\t\t\t\t\t<div class=\"elementor-element elementor-element-7cbaa34 elementor-widget elementor-widget-cs_title\" data-id=\"7cbaa34\" data-element_type=\"widget\" data-widget_type=\"cs_title.default\">\n\t\t\t\t<div class=\"elementor-widget-container\">\n\t\t\t\t\t\n        <div class=\"cs-title-wrap text-center\">\t            <div class=\"cs-subtitle-wrap\"><span class=\"cs-subtitle color-white\">Offers<\/span><\/div>\t            <h1 class=\"cs-title\">\n\t                Va\u021ba Daily SPA\t            <\/h1>        <\/div>\t\t\t\t<\/div>\n\t\t\t\t<\/div>\n\t\t\t\t\t<\/div>\n\t\t<\/div>\n\t\t\t\t\t<\/div>\n\t\t<\/section>\n\t\t\t\t<section class=\"elementor-section elementor-top-section elementor-element elementor-element-167564b elementor-section-content-middle elementor-reverse-mobile elementor-section-boxed elementor-section-height-default elementor-section-height-default\" data-id=\"167564b\" data-element_type=\"section\" data-settings=\"{&quot;background_background&quot;:&quot;classic&quot;}\">\n\t\t\t\t\t\t<div class=\"elementor-container elementor-column-gap-no\">\n\t\t\t\t\t<div class=\"elementor-column elementor-col-100 elementor-top-column elementor-element elementor-element-27cba96\" data-id=\"27cba96\" data-element_type=\"column\">\n\t\t\t<div class=\"elementor-widget-wrap elementor-element-populated\">\n\t\t\t\t\t\t<div class=\"elementor-element elementor-element-a0a9d92 elementor-widget elementor-widget-cs_title\" data-id=\"a0a9d92\" data-element_type=\"widget\" data-widget_type=\"cs_title.default\">\n\t\t\t\t<div class=\"elementor-widget-container\">\n\t\t\t\t\t\n        <div class=\"cs-title-wrap\">\t            <div class=\"cs-title-text\">\n\t                <p><strong>ACCES 1 ZI \u2013 SPA<\/strong><\/p><p><strong>Program acces:<\/strong><br \/>Luni: 12:00 \u2013 20:00 | Mar\u021bi \u2013 Duminic\u0103: 10:00 \u2013 20:00<\/p><p><strong>Accesul include:<\/strong><br \/>&#8211; 2 bazine interioare cu ap\u0103 termal\u0103<br \/>&#8211; Bazin cu ap\u0103 s\u0103rat\u0103 himalayan\u0103<br \/>&#8211; Bazin rustic cu f\u00e2n \u0219i zon\u0103 rustic\u0103 de relaxare<br \/>&#8211; Saun\u0103 uscat\u0103, saun\u0103 umed\u0103 \u0219i saun\u0103 cu aromaterapie<br \/>&#8211; Piscin\u0103 interioar\u0103 \u0219i zon\u0103 de relaxare<br \/>&#8211; Jacuzzi exterior \u0219i gr\u0103din\u0103<br \/>&#8211; Salin\u0103 (Salt Cave)<br \/>&#8211; Lounge bar<\/p><p><strong>Mas\u0103 inclus\u0103:<\/strong><br \/>Pr\u00e2nz: ciorb\u0103 + fel principal + un pahar de vin<br \/>(Conform programului restaurantului: 13:00 \u2013 16:00)<\/p><p><strong>Tarife acces 1 zi<\/strong><br \/>Luni \u2013 Joi: 250 lei \/ 1 persoan\u0103 | 400 lei \/ 2 persoane<br \/>Vineri \u2013 Duminic\u0103: 300 lei \/ 1 persoan\u0103 | 500 lei \/ 2 persoane<\/p><p>Accesul de o zi la spa este o invita\u021bie la relaxare \u0219i stare de bine, \u00eentr-un cadru lini\u0219tit, cu ap\u0103 termal\u0103 \u0219i facilit\u0103\u021bi dedicate refacerii. Fie c\u0103 \u00ee\u021bi dore\u0219ti c\u00e2teva ore de pauz\u0103 sau un moment de r\u0103sf\u0103\u021b, experien\u021ba este g\u00e2ndit\u0103 pentru confort \u0219i echilibru.<\/p>\t            <\/div>        <\/div>\t\t\t\t<\/div>\n\t\t\t\t<\/div>\n\t\t\t\t\t<\/div>\n\t\t<\/div>\n\t\t\t\t\t<\/div>\n\t\t<\/section>\n\t\t\t\t<\/div>","protected":false},"excerpt":{"rendered":"<p>Oferte Va\u021ba Daily SPA ACCES 1 ZI \u2013 SPA Program acces:Luni: 12:00 \u2013 20:00 | Mar\u021bi \u2013 Duminic\u0103: 10:00 \u2013 20:00 Accesul include:&#8211; 2 bazine interioare cu ap\u0103 termal\u0103&#8211; Bazin cu ap\u0103 s\u0103rat\u0103 himalayan\u0103&#8211; Bazin rustic cu f\u00e2n \u0219i zon\u0103 rustic\u0103 de relaxare&#8211; Saun\u0103 uscat\u0103, saun\u0103 umed\u0103 \u0219i saun\u0103 cu aromaterapie&#8211; Piscin\u0103 interioar\u0103 \u0219i zon\u0103 &#8230;<\/p>","protected":false},"author":1,"featured_media":0,"parent":0,"menu_order":0,"comment_status":"closed","ping_status":"closed","template":"elementor_header_footer","meta":{"cozystay_single_page_hide_site_header":"","cozystay_single_page_site_header_source":"","cozystay_single_page_custom_site_header":"0","cozystay_single_page_custom_sticky_site_header":"0","cozystay_single_page_hide_page_title":"","cozystay_single_page_header_section_size":"","cozystay_single_page_header_background_color":"","cozystay_single_page_header_background_position_x":"center","cozystay_single_page_header_background_position_y":"center","cozystay_single_page_header_background_size":"cover","cozystay_single_page_header_background_repeat":"off","cozystay_single_page_header_background_scroll":"on","cozystay_single_page_header_text_color":"","cozystay_single_page_header_show_breadcrumb":"","cozystay_single_page_site_footer_hide_main":"","cozystay_single_custom_site_footer_main_source":"","cozystay_single_custom_site_footer_main":"0","cozystay_single_page_site_footer_hide_above":"","cozystay_single_custom_site_footer_above_source":"","cozystay_single_custom_site_footer_above":"0","cozystay_single_page_site_footer_hide_instagram":"","cozystay_single_page_site_footer_hide_bottom":"","cozystay_single_custom_mobile_menu_source":"","cozystay_single_custom_mobile_menu":"0","cozystay_single_custom_mobile_menu_animation":"","cozystay_single_custom_mobile_menu_width":"","cozystay_single_custom_mobile_menu_custom_width":375,"footnotes":""},"class_list":["post-5270","page","type-page","status-publish","hentry"],"yoast_head":"<!-- This site is optimized with the Yoast SEO plugin v24.6 - https:\/\/yoast.com\/wordpress\/plugins\/seo\/ -->\n<title>Va\u021ba Daily Spa - Complex Balneo Termal Va\u021ba B\u0103i<\/title>\n<meta name=\"robots\" content=\"index, follow, max-snippet:-1, max-image-preview:large, max-video-preview:-1\" \/>\n<link rel=\"canonical\" href=\"https:\/\/www.vatabai.ro\/en\/vata-daily-spa\/\" \/>\n<meta property=\"og:locale\" content=\"en_GB\" \/>\n<meta property=\"og:type\" content=\"article\" \/>\n<meta property=\"og:title\" content=\"Va\u021ba Daily Spa - Complex Balneo Termal Va\u021ba B\u0103i\" \/>\n<meta property=\"og:description\" content=\"Oferte Va\u021ba Daily SPA ACCES 1 ZI \u2013 SPA Program acces:Luni: 12:00 \u2013 20:00 | Mar\u021bi \u2013 Duminic\u0103: 10:00 \u2013 20:00 Accesul include:&#8211; 2 bazine interioare cu ap\u0103 termal\u0103&#8211; Bazin cu ap\u0103 s\u0103rat\u0103 himalayan\u0103&#8211; Bazin rustic cu f\u00e2n \u0219i zon\u0103 rustic\u0103 de relaxare&#8211; Saun\u0103 uscat\u0103, saun\u0103 umed\u0103 \u0219i saun\u0103 cu aromaterapie&#8211; Piscin\u0103 interioar\u0103 \u0219i zon\u0103 ...\" \/>\n<meta property=\"og:url\" content=\"https:\/\/www.vatabai.ro\/en\/vata-daily-spa\/\" \/>\n<meta property=\"og:site_name\" content=\"Complex Balneo Termal Va\u021ba B\u0103i\" \/>\n<meta property=\"article:modified_time\" content=\"2026-01-19T13:46:39+00:00\" \/>\n<meta property=\"og:image\" content=\"https:\/\/www.vatabai.ro\/wp-content\/uploads\/2025\/02\/DE4B1187.jpg\" \/>\n\t<meta property=\"og:image:width\" content=\"2304\" \/>\n\t<meta property=\"og:image:height\" content=\"1536\" \/>\n\t<meta property=\"og:image:type\" content=\"image\/jpeg\" \/>\n<meta name=\"twitter:card\" content=\"summary_large_image\" \/>\n<meta name=\"twitter:label1\" content=\"Est. reading time\" \/>\n\t<meta name=\"twitter:data1\" content=\"1 minute\" \/>\n<script type=\"application\/ld+json\" class=\"yoast-schema-graph\">{\"@context\":\"https:\/\/schema.org\",\"@graph\":[{\"@type\":\"WebPage\",\"@id\":\"https:\/\/www.vatabai.ro\/vata-daily-spa\/\",\"url\":\"https:\/\/www.vatabai.ro\/vata-daily-spa\/\",\"name\":\"Va\u021ba Daily Spa - Complex Balneo Termal Va\u021ba B\u0103i\",\"isPartOf\":{\"@id\":\"https:\/\/www.vatabai.ro\/#website\"},\"datePublished\":\"2025-09-22T09:13:05+00:00\",\"dateModified\":\"2026-01-19T13:46:39+00:00\",\"breadcrumb\":{\"@id\":\"https:\/\/www.vatabai.ro\/vata-daily-spa\/#breadcrumb\"},\"inLanguage\":\"en-GB\",\"potentialAction\":[{\"@type\":\"ReadAction\",\"target\":[\"https:\/\/www.vatabai.ro\/vata-daily-spa\/\"]}]},{\"@type\":\"BreadcrumbList\",\"@id\":\"https:\/\/www.vatabai.ro\/vata-daily-spa\/#breadcrumb\",\"itemListElement\":[{\"@type\":\"ListItem\",\"position\":1,\"name\":\"Home\",\"item\":\"https:\/\/www.vatabai.ro\/\"},{\"@type\":\"ListItem\",\"position\":2,\"name\":\"Va\u021ba Daily Spa\"}]},{\"@type\":\"WebSite\",\"@id\":\"https:\/\/www.vatabai.ro\/#website\",\"url\":\"https:\/\/www.vatabai.ro\/\",\"name\":\"Complex Balneo Termal Va\u021ba B\u0103i\",\"description\":\"\",\"alternateName\":\"Va\u021ba B\u0103i\",\"potentialAction\":[{\"@type\":\"SearchAction\",\"target\":{\"@type\":\"EntryPoint\",\"urlTemplate\":\"https:\/\/www.vatabai.ro\/?s={search_term_string}\"},\"query-input\":{\"@type\":\"PropertyValueSpecification\",\"valueRequired\":true,\"valueName\":\"search_term_string\"}}],\"inLanguage\":\"en-GB\"}]}<\/script>\n<!-- \/ Yoast SEO plugin. -->","yoast_head_json":{"title":"Va\u021ba Daily Spa - Complex Balneo Termal Va\u021ba B\u0103i","robots":{"index":"index","follow":"follow","max-snippet":"max-snippet:-1","max-image-preview":"max-image-preview:large","max-video-preview":"max-video-preview:-1"},"canonical":"https:\/\/www.vatabai.ro\/en\/vata-daily-spa\/","og_locale":"en_GB","og_type":"article","og_title":"Va\u021ba Daily Spa - Complex Balneo Termal Va\u021ba B\u0103i","og_description":"Oferte Va\u021ba Daily SPA ACCES 1 ZI \u2013 SPA Program acces:Luni: 12:00 \u2013 20:00 | Mar\u021bi \u2013 Duminic\u0103: 10:00 \u2013 20:00 Accesul include:&#8211; 2 bazine interioare cu ap\u0103 termal\u0103&#8211; Bazin cu ap\u0103 s\u0103rat\u0103 himalayan\u0103&#8211; Bazin rustic cu f\u00e2n \u0219i zon\u0103 rustic\u0103 de relaxare&#8211; Saun\u0103 uscat\u0103, saun\u0103 umed\u0103 \u0219i saun\u0103 cu aromaterapie&#8211; Piscin\u0103 interioar\u0103 \u0219i zon\u0103 ...","og_url":"https:\/\/www.vatabai.ro\/en\/vata-daily-spa\/","og_site_name":"Complex Balneo Termal Va\u021ba B\u0103i","article_modified_time":"2026-01-19T13:46:39+00:00","og_image":[{"width":2304,"height":1536,"url":"https:\/\/www.vatabai.ro\/wp-content\/uploads\/2025\/02\/DE4B1187.jpg","type":"image\/jpeg"}],"twitter_card":"summary_large_image","twitter_misc":{"Est. reading time":"1 minute"},"schema":{"@context":"https:\/\/schema.org","@graph":[{"@type":"WebPage","@id":"https:\/\/www.vatabai.ro\/vata-daily-spa\/","url":"https:\/\/www.vatabai.ro\/vata-daily-spa\/","name":"Va\u021ba Daily Spa - Complex Balneo Termal Va\u021ba B\u0103i","isPartOf":{"@id":"https:\/\/www.vatabai.ro\/#website"},"datePublished":"2025-09-22T09:13:05+00:00","dateModified":"2026-01-19T13:46:39+00:00","breadcrumb":{"@id":"https:\/\/www.vatabai.ro\/vata-daily-spa\/#breadcrumb"},"inLanguage":"en-GB","potentialAction":[{"@type":"ReadAction","target":["https:\/\/www.vatabai.ro\/vata-daily-spa\/"]}]},{"@type":"BreadcrumbList","@id":"https:\/\/www.vatabai.ro\/vata-daily-spa\/#breadcrumb","itemListElement":[{"@type":"ListItem","position":1,"name":"Home","item":"https:\/\/www.vatabai.ro\/"},{"@type":"ListItem","position":2,"name":"Va\u021ba Daily Spa"}]},{"@type":"WebSite","@id":"https:\/\/www.vatabai.ro\/#website","url":"https:\/\/www.vatabai.ro\/","name":"Complex Balneo Termal Va\u021ba B\u0103i","description":"","alternateName":"Va\u021ba B\u0103i","potentialAction":[{"@type":"SearchAction","target":{"@type":"EntryPoint","urlTemplate":"https:\/\/www.vatabai.ro\/?s={search_term_string}"},"query-input":{"@type":"PropertyValueSpecification","valueRequired":true,"valueName":"search_term_string"}}],"inLanguage":"en-GB"}]}},"_links":{"self":[{"href":"https:\/\/www.vatabai.ro\/en\/wp-json\/wp\/v2\/pages\/5270","targetHints":{"allow":["GET"]}}],"collection":[{"href":"https:\/\/www.vatabai.ro\/en\/wp-json\/wp\/v2\/pages"}],"about":[{"href":"https:\/\/www.vatabai.ro\/en\/wp-json\/wp\/v2\/types\/page"}],"author":[{"embeddable":true,"href":"https:\/\/www.vatabai.ro\/en\/wp-json\/wp\/v2\/users\/1"}],"replies":[{"embeddable":true,"href":"https:\/\/www.vatabai.ro\/en\/wp-json\/wp\/v2\/comments?post=5270"}],"version-history":[{"count":31,"href":"https:\/\/www.vatabai.ro\/en\/wp-json\/wp\/v2\/pages\/5270\/revisions"}],"predecessor-version":[{"id":5866,"href":"https:\/\/www.vatabai.ro\/en\/wp-json\/wp\/v2\/pages\/5270\/revisions\/5866"}],"wp:attachment":[{"href":"https:\/\/www.vatabai.ro\/en\/wp-json\/wp\/v2\/media?parent=5270"}],"curies":[{"name":"wp","href":"https:\/\/api.w.org\/{rel}","templated":true}]}}