{"id":4767,"date":"2025-05-21T16:56:32","date_gmt":"2025-05-21T16:56:32","guid":{"rendered":"https:\/\/www.vatabai.ro\/?page_id=4767"},"modified":"2025-10-20T16:04:36","modified_gmt":"2025-10-20T16:04:36","slug":"politica-de-cazare-pentru-copii","status":"publish","type":"page","link":"https:\/\/www.vatabai.ro\/en\/politica-de-cazare-pentru-copii\/","title":{"rendered":"Politica de cazare pentru copii"},"content":{"rendered":"<div data-elementor-type=\"wp-page\" data-elementor-id=\"4767\" class=\"elementor elementor-4767\">\n\t\t\t\t\t\t<section class=\"elementor-section elementor-top-section elementor-element elementor-element-9a6ea65 elementor-section-height-min-height cs-section-content-fullwidth cs-parallax-on-scroll cs_scroll_y_80 elementor-section-boxed elementor-section-height-default elementor-section-items-middle\" data-id=\"9a6ea65\" data-element_type=\"section\" data-settings=\"{&quot;background_background&quot;:&quot;slideshow&quot;,&quot;background_slideshow_gallery&quot;:[{&quot;id&quot;:2534,&quot;url&quot;:&quot;https:\\\/\\\/www.vatabai.ro\\\/wp-content\\\/uploads\\\/2025\\\/03\\\/acasa-16-scaled.jpg&quot;},{&quot;id&quot;:2533,&quot;url&quot;:&quot;https:\\\/\\\/www.vatabai.ro\\\/wp-content\\\/uploads\\\/2025\\\/03\\\/cazare-phoenix-apartament-premium-15-scaled.jpg&quot;}],&quot;background_slideshow_ken_burns&quot;:&quot;yes&quot;,&quot;background_slideshow_loop&quot;:&quot;yes&quot;,&quot;background_slideshow_slide_duration&quot;:5000,&quot;background_slideshow_slide_transition&quot;:&quot;fade&quot;,&quot;background_slideshow_transition_duration&quot;:500,&quot;background_slideshow_ken_burns_zoom_direction&quot;:&quot;in&quot;}\" data-cs-parallax-y=\"80\">\n\t\t\t\t\t\t\t<div class=\"elementor-background-overlay\"><\/div>\n\t\t\t\t\t\t\t<div class=\"elementor-container elementor-column-gap-no\">\n\t\t\t\t\t<div class=\"elementor-column elementor-col-100 elementor-top-column elementor-element elementor-element-91500e3 dark-color\" data-id=\"91500e3\" data-element_type=\"column\">\n\t\t\t<div class=\"elementor-widget-wrap elementor-element-populated\">\n\t\t\t\t\t\t<div class=\"elementor-element elementor-element-3682987 elementor-widget elementor-widget-cs_title\" data-id=\"3682987\" data-element_type=\"widget\" data-widget_type=\"cs_title.default\">\n\t\t\t\t<div class=\"elementor-widget-container\">\n\t\t\t\t\t\n        <div class=\"cs-title-wrap text-center\">\t            <div class=\"cs-subtitle-wrap\"><span class=\"cs-subtitle color-white\">COMPLEX <br>SPA TERMAL<br> VA\u021aA B\u0102I<\/span><\/div>\t            <h1 class=\"cs-title\">\n\t                Politica de cazare \u0219i acces Spa copii\t            <\/h1>        <\/div>\t\t\t\t<\/div>\n\t\t\t\t<\/div>\n\t\t\t\t\t<\/div>\n\t\t<\/div>\n\t\t\t\t\t<\/div>\n\t\t<\/section>\n\t\t<div class=\"elementor-element elementor-element-dcc1282 e-flex e-con-boxed e-con e-parent\" data-id=\"dcc1282\" data-element_type=\"container\">\n\t\t\t\t\t<div class=\"e-con-inner\">\n\t\t\t\t<div class=\"elementor-element elementor-element-9a1dc57 elementor-widget elementor-widget-text-editor\" data-id=\"9a1dc57\" data-element_type=\"widget\" data-widget_type=\"text-editor.default\">\n\t\t\t\t<div class=\"elementor-widget-container\">\n\t\t\t\t\t\t\t\t\t<h3>Condi\u021bii de cazare \u0219i acces copii<\/h3><h5><strong><br \/><\/strong>Cazare copii<\/h5><p>Copiii cu v\u00e2rsta de p\u00e2n\u0103 la 7 ani beneficiaz\u0103 de gratuitate 100% la cazare.<\/p><p>Copiii cu v\u00e2rsta \u00eentre 7 \u0219i 14 ani beneficiaz\u0103 de 50% reducere din tariful pentru un adult.<\/p><p>Copiii cu v\u00e2rsta de peste 14 ani sunt considera\u021bi adul\u021bi.<\/p><h5>Acces copii \u00een zona Spa<\/h5><p>Copiii pot avea acces la zona Spa doar \u00eenso\u021bi\u021bi \u0219i supraveghea\u021bi de un adult responsabil.<\/p><p>Este important ca cei mici s\u0103 se bucure de relaxare f\u0103r\u0103 a deranja ceilal\u021bi oaspe\u021bi \u2014 v\u0103 rug\u0103m s\u0103 evita\u021bi alergatul, s\u0103riturile \u00een piscine sau stropitul excesiv.<\/p><p>Pentru siguran\u021ba tuturor, personalul Spa \u00ee\u0219i rezerv\u0103 dreptul de a limita accesul \u00een cazul nerespect\u0103rii\u00a0acestor\u00a0reguli.<\/p>\t\t\t\t\t\t\t\t<\/div>\n\t\t\t\t<\/div>\n\t\t\t\t\t<\/div>\n\t\t\t\t<\/div>\n\t\t\t\t<\/div>","protected":false},"excerpt":{"rendered":"<p>COMPLEX BALNEO TERMAL VA\u021aA B\u0102I Politica de cazare \u0219i acces Spa copii Condi\u021bii de cazare \u0219i acces copii Cazare copii Copiii cu v\u00e2rsta de p\u00e2n\u0103 la 7 ani beneficiaz\u0103 de gratuitate 100% la cazare. Copiii cu v\u00e2rsta \u00eentre 7 \u0219i 14 ani beneficiaz\u0103 de 50% reducere din tariful pentru un adult. Copiii cu v\u00e2rsta de &#8230;<\/p>","protected":false},"author":1,"featured_media":0,"parent":0,"menu_order":0,"comment_status":"closed","ping_status":"closed","template":"elementor_header_footer","meta":{"cozystay_single_page_hide_site_header":"","cozystay_single_page_site_header_source":"","cozystay_single_page_custom_site_header":"0","cozystay_single_page_custom_sticky_site_header":"0","cozystay_single_page_hide_page_title":"","cozystay_single_page_header_section_size":"","cozystay_single_page_header_background_color":"","cozystay_single_page_header_background_position_x":"center","cozystay_single_page_header_background_position_y":"center","cozystay_single_page_header_background_size":"cover","cozystay_single_page_header_background_repeat":"off","cozystay_single_page_header_background_scroll":"on","cozystay_single_page_header_text_color":"","cozystay_single_page_header_show_breadcrumb":"","cozystay_single_page_site_footer_hide_main":"","cozystay_single_custom_site_footer_main_source":"","cozystay_single_custom_site_footer_main":"0","cozystay_single_page_site_footer_hide_above":"","cozystay_single_custom_site_footer_above_source":"","cozystay_single_custom_site_footer_above":"0","cozystay_single_page_site_footer_hide_instagram":"","cozystay_single_page_site_footer_hide_bottom":"","cozystay_single_custom_mobile_menu_source":"","cozystay_single_custom_mobile_menu":"0","cozystay_single_custom_mobile_menu_animation":"","cozystay_single_custom_mobile_menu_width":"","cozystay_single_custom_mobile_menu_custom_width":375,"footnotes":""},"class_list":["post-4767","page","type-page","status-publish","hentry"],"yoast_head":"<!-- This site is optimized with the Yoast SEO plugin v24.6 - https:\/\/yoast.com\/wordpress\/plugins\/seo\/ -->\n<title>Politica de cazare pentru copii - Complex Balneo Termal Va\u021ba B\u0103i<\/title>\n<meta name=\"robots\" content=\"index, follow, max-snippet:-1, max-image-preview:large, max-video-preview:-1\" \/>\n<link rel=\"canonical\" href=\"https:\/\/www.vatabai.ro\/en\/politica-de-cazare-pentru-copii\/\" \/>\n<meta property=\"og:locale\" content=\"en_GB\" \/>\n<meta property=\"og:type\" content=\"article\" \/>\n<meta property=\"og:title\" content=\"Politica de cazare pentru copii - Complex Balneo Termal Va\u021ba B\u0103i\" \/>\n<meta property=\"og:description\" content=\"COMPLEX BALNEO TERMAL VA\u021aA B\u0102I Politica de cazare \u0219i acces Spa copii Condi\u021bii de cazare \u0219i acces copii Cazare copii Copiii cu v\u00e2rsta de p\u00e2n\u0103 la 7 ani beneficiaz\u0103 de gratuitate 100% la cazare. Copiii cu v\u00e2rsta \u00eentre 7 \u0219i 14 ani beneficiaz\u0103 de 50% reducere din tariful pentru un adult. Copiii cu v\u00e2rsta de ...\" \/>\n<meta property=\"og:url\" content=\"https:\/\/www.vatabai.ro\/en\/politica-de-cazare-pentru-copii\/\" \/>\n<meta property=\"og:site_name\" content=\"Complex Balneo Termal Va\u021ba B\u0103i\" \/>\n<meta property=\"article:modified_time\" content=\"2025-10-20T16:04:36+00:00\" \/>\n<meta property=\"og:image\" content=\"https:\/\/www.vatabai.ro\/wp-content\/uploads\/2025\/02\/DE4B1187.jpg\" \/>\n\t<meta property=\"og:image:width\" content=\"2304\" \/>\n\t<meta property=\"og:image:height\" content=\"1536\" \/>\n\t<meta property=\"og:image:type\" content=\"image\/jpeg\" \/>\n<meta name=\"twitter:card\" content=\"summary_large_image\" \/>\n<meta name=\"twitter:label1\" content=\"Est. reading time\" \/>\n\t<meta name=\"twitter:data1\" content=\"1 minute\" \/>\n<script type=\"application\/ld+json\" class=\"yoast-schema-graph\">{\"@context\":\"https:\/\/schema.org\",\"@graph\":[{\"@type\":\"WebPage\",\"@id\":\"https:\/\/www.vatabai.ro\/politica-de-cazare-pentru-copii\/\",\"url\":\"https:\/\/www.vatabai.ro\/politica-de-cazare-pentru-copii\/\",\"name\":\"Politica de cazare pentru copii - Complex Balneo Termal Va\u021ba B\u0103i\",\"isPartOf\":{\"@id\":\"https:\/\/www.vatabai.ro\/#website\"},\"datePublished\":\"2025-05-21T16:56:32+00:00\",\"dateModified\":\"2025-10-20T16:04:36+00:00\",\"breadcrumb\":{\"@id\":\"https:\/\/www.vatabai.ro\/politica-de-cazare-pentru-copii\/#breadcrumb\"},\"inLanguage\":\"en-GB\",\"potentialAction\":[{\"@type\":\"ReadAction\",\"target\":[\"https:\/\/www.vatabai.ro\/politica-de-cazare-pentru-copii\/\"]}]},{\"@type\":\"BreadcrumbList\",\"@id\":\"https:\/\/www.vatabai.ro\/politica-de-cazare-pentru-copii\/#breadcrumb\",\"itemListElement\":[{\"@type\":\"ListItem\",\"position\":1,\"name\":\"Home\",\"item\":\"https:\/\/www.vatabai.ro\/\"},{\"@type\":\"ListItem\",\"position\":2,\"name\":\"Politica de cazare pentru copii\"}]},{\"@type\":\"WebSite\",\"@id\":\"https:\/\/www.vatabai.ro\/#website\",\"url\":\"https:\/\/www.vatabai.ro\/\",\"name\":\"Complex Balneo Termal Va\u021ba B\u0103i\",\"description\":\"\",\"alternateName\":\"Va\u021ba B\u0103i\",\"potentialAction\":[{\"@type\":\"SearchAction\",\"target\":{\"@type\":\"EntryPoint\",\"urlTemplate\":\"https:\/\/www.vatabai.ro\/?s={search_term_string}\"},\"query-input\":{\"@type\":\"PropertyValueSpecification\",\"valueRequired\":true,\"valueName\":\"search_term_string\"}}],\"inLanguage\":\"en-GB\"}]}<\/script>\n<!-- \/ Yoast SEO plugin. -->","yoast_head_json":{"title":"Politica de cazare pentru copii - Complex Balneo Termal Va\u021ba B\u0103i","robots":{"index":"index","follow":"follow","max-snippet":"max-snippet:-1","max-image-preview":"max-image-preview:large","max-video-preview":"max-video-preview:-1"},"canonical":"https:\/\/www.vatabai.ro\/en\/politica-de-cazare-pentru-copii\/","og_locale":"en_GB","og_type":"article","og_title":"Politica de cazare pentru copii - Complex Balneo Termal Va\u021ba B\u0103i","og_description":"COMPLEX BALNEO TERMAL VA\u021aA B\u0102I Politica de cazare \u0219i acces Spa copii Condi\u021bii de cazare \u0219i acces copii Cazare copii Copiii cu v\u00e2rsta de p\u00e2n\u0103 la 7 ani beneficiaz\u0103 de gratuitate 100% la cazare. Copiii cu v\u00e2rsta \u00eentre 7 \u0219i 14 ani beneficiaz\u0103 de 50% reducere din tariful pentru un adult. Copiii cu v\u00e2rsta de ...","og_url":"https:\/\/www.vatabai.ro\/en\/politica-de-cazare-pentru-copii\/","og_site_name":"Complex Balneo Termal Va\u021ba B\u0103i","article_modified_time":"2025-10-20T16:04:36+00:00","og_image":[{"width":2304,"height":1536,"url":"https:\/\/www.vatabai.ro\/wp-content\/uploads\/2025\/02\/DE4B1187.jpg","type":"image\/jpeg"}],"twitter_card":"summary_large_image","twitter_misc":{"Est. reading time":"1 minute"},"schema":{"@context":"https:\/\/schema.org","@graph":[{"@type":"WebPage","@id":"https:\/\/www.vatabai.ro\/politica-de-cazare-pentru-copii\/","url":"https:\/\/www.vatabai.ro\/politica-de-cazare-pentru-copii\/","name":"Politica de cazare pentru copii - Complex Balneo Termal Va\u021ba B\u0103i","isPartOf":{"@id":"https:\/\/www.vatabai.ro\/#website"},"datePublished":"2025-05-21T16:56:32+00:00","dateModified":"2025-10-20T16:04:36+00:00","breadcrumb":{"@id":"https:\/\/www.vatabai.ro\/politica-de-cazare-pentru-copii\/#breadcrumb"},"inLanguage":"en-GB","potentialAction":[{"@type":"ReadAction","target":["https:\/\/www.vatabai.ro\/politica-de-cazare-pentru-copii\/"]}]},{"@type":"BreadcrumbList","@id":"https:\/\/www.vatabai.ro\/politica-de-cazare-pentru-copii\/#breadcrumb","itemListElement":[{"@type":"ListItem","position":1,"name":"Home","item":"https:\/\/www.vatabai.ro\/"},{"@type":"ListItem","position":2,"name":"Politica de cazare pentru copii"}]},{"@type":"WebSite","@id":"https:\/\/www.vatabai.ro\/#website","url":"https:\/\/www.vatabai.ro\/","name":"Complex Balneo Termal Va\u021ba B\u0103i","description":"","alternateName":"Va\u021ba B\u0103i","potentialAction":[{"@type":"SearchAction","target":{"@type":"EntryPoint","urlTemplate":"https:\/\/www.vatabai.ro\/?s={search_term_string}"},"query-input":{"@type":"PropertyValueSpecification","valueRequired":true,"valueName":"search_term_string"}}],"inLanguage":"en-GB"}]}},"_links":{"self":[{"href":"https:\/\/www.vatabai.ro\/en\/wp-json\/wp\/v2\/pages\/4767","targetHints":{"allow":["GET"]}}],"collection":[{"href":"https:\/\/www.vatabai.ro\/en\/wp-json\/wp\/v2\/pages"}],"about":[{"href":"https:\/\/www.vatabai.ro\/en\/wp-json\/wp\/v2\/types\/page"}],"author":[{"embeddable":true,"href":"https:\/\/www.vatabai.ro\/en\/wp-json\/wp\/v2\/users\/1"}],"replies":[{"embeddable":true,"href":"https:\/\/www.vatabai.ro\/en\/wp-json\/wp\/v2\/comments?post=4767"}],"version-history":[{"count":19,"href":"https:\/\/www.vatabai.ro\/en\/wp-json\/wp\/v2\/pages\/4767\/revisions"}],"predecessor-version":[{"id":5649,"href":"https:\/\/www.vatabai.ro\/en\/wp-json\/wp\/v2\/pages\/4767\/revisions\/5649"}],"wp:attachment":[{"href":"https:\/\/www.vatabai.ro\/en\/wp-json\/wp\/v2\/media?parent=4767"}],"curies":[{"name":"wp","href":"https:\/\/api.w.org\/{rel}","templated":true}]}}