{"id":4664,"date":"2025-04-14T16:07:26","date_gmt":"2025-04-14T16:07:26","guid":{"rendered":"https:\/\/www.vatabai.ro\/?page_id=4664"},"modified":"2026-01-20T11:36:38","modified_gmt":"2026-01-20T11:36:38","slug":"politica-de-rezervare-si-anulare","status":"publish","type":"page","link":"https:\/\/www.vatabai.ro\/en\/politica-de-rezervare-si-anulare\/","title":{"rendered":"Politica de Rezervare \u0219i Anulare"},"content":{"rendered":"<div data-elementor-type=\"wp-page\" data-elementor-id=\"4664\" class=\"elementor elementor-4664\">\n\t\t\t\t\t\t<section class=\"elementor-section elementor-top-section elementor-element elementor-element-fe39e47 elementor-section-height-min-height cs-section-content-fullwidth cs-parallax-on-scroll cs_scroll_y_80 elementor-section-boxed elementor-section-height-default elementor-section-items-middle\" data-id=\"fe39e47\" data-element_type=\"section\" data-settings=\"{&quot;background_background&quot;:&quot;slideshow&quot;,&quot;background_slideshow_gallery&quot;:[{&quot;id&quot;:2534,&quot;url&quot;:&quot;https:\\\/\\\/www.vatabai.ro\\\/wp-content\\\/uploads\\\/2025\\\/03\\\/acasa-16-scaled.jpg&quot;},{&quot;id&quot;:2533,&quot;url&quot;:&quot;https:\\\/\\\/www.vatabai.ro\\\/wp-content\\\/uploads\\\/2025\\\/03\\\/cazare-phoenix-apartament-premium-15-scaled.jpg&quot;}],&quot;background_slideshow_ken_burns&quot;:&quot;yes&quot;,&quot;background_slideshow_loop&quot;:&quot;yes&quot;,&quot;background_slideshow_slide_duration&quot;:5000,&quot;background_slideshow_slide_transition&quot;:&quot;fade&quot;,&quot;background_slideshow_transition_duration&quot;:500,&quot;background_slideshow_ken_burns_zoom_direction&quot;:&quot;in&quot;}\" data-cs-parallax-y=\"80\">\n\t\t\t\t\t\t\t<div class=\"elementor-background-overlay\"><\/div>\n\t\t\t\t\t\t\t<div class=\"elementor-container elementor-column-gap-no\">\n\t\t\t\t\t<div class=\"elementor-column elementor-col-100 elementor-top-column elementor-element elementor-element-85bc8ad dark-color\" data-id=\"85bc8ad\" data-element_type=\"column\">\n\t\t\t<div class=\"elementor-widget-wrap elementor-element-populated\">\n\t\t\t\t\t\t<div class=\"elementor-element elementor-element-1efbecc elementor-widget elementor-widget-cs_title\" data-id=\"1efbecc\" data-element_type=\"widget\" data-widget_type=\"cs_title.default\">\n\t\t\t\t<div class=\"elementor-widget-container\">\n\t\t\t\t\t\n        <div class=\"cs-title-wrap text-center\">\t            <div class=\"cs-subtitle-wrap\"><span class=\"cs-subtitle color-white\">COMPLEX <br>SPA TERMAL<br> VA\u021aA B\u0102I<\/span><\/div>\t            <h1 class=\"cs-title\">\n\t                Politica de rezervare, anulare si modificare cazare \t            <\/h1>        <\/div>\t\t\t\t<\/div>\n\t\t\t\t<\/div>\n\t\t\t\t\t<\/div>\n\t\t<\/div>\n\t\t\t\t\t<\/div>\n\t\t<\/section>\n\t\t<div class=\"elementor-element elementor-element-5d0a8b87 e-flex e-con-boxed e-con e-parent\" data-id=\"5d0a8b87\" data-element_type=\"container\">\n\t\t\t\t\t<div class=\"e-con-inner\">\n\t\t\t\t<div class=\"elementor-element elementor-element-443645a5 elementor-widget elementor-widget-text-editor\" data-id=\"443645a5\" data-element_type=\"widget\" data-widget_type=\"text-editor.default\">\n\t\t\t\t<div class=\"elementor-widget-container\">\n\t\t\t\t\t\t\t\t\t<h3>1. Politica \u0219i confirmarea rezerv\u0103rii<\/h3><ul><li>Pentru confirmarea rezerv\u0103rii este necesar\u0103 achitarea unui avans de 50% din valoarea total\u0103 a sejurului.<\/li><li>Plata se poate efectua prin transfer bancar, card bancar sau alte metode agreate de hotel.<\/li><li>Rezervarea este considerat\u0103 ferm\u0103 doar dup\u0103 \u00eencasarea avansului.<\/li><\/ul><h3>2. Anulare \u0219i modificare<\/h3><ul><li>\u00cen cazul renun\u021b\u0103rii la rezervare, avansul achitat nu se returneaz\u0103.<\/li><li>Hotelul ofer\u0103 posibilitatea modific\u0103rii perioadei de sejur, \u00een func\u021bie de disponibilitate, cu condi\u021bia ca solicitarea s\u0103 fie transmis\u0103 cu cel pu\u021bin 7 zile \u00eenaintea sosirii.<\/li><li>Anularea rezerv\u0103rii \u00een ziua caz\u0103rii nu mai ofer\u0103 posibilitatea clientului de a modifica data sejurului, iar avansul achitat se pierde integral.<\/li><li>\u00cen cazul modific\u0103rii rezerv\u0103rii, dac\u0103 noua perioad\u0103 implic\u0103 o diferen\u021b\u0103 de tarif, aceasta va fi achitat\u0103 de c\u0103tre client.<\/li><\/ul><h3>3. Check-in \u0219i check-out<\/h3><ul><li><strong>Check-in:<\/strong> ora 16:00<\/li><li><strong>Check-out:<\/strong> \u00eenainte de ora 12:00<\/li><\/ul><h3>4. Politica privind cazarea copiilor<\/h3><ul><li>Copiii cu v\u00e2rsta de p\u00e2n\u0103 la 7 ani beneficiaz\u0103 de gratuitate 100% la cazare.<\/li><li>Copiii cu v\u00e2rsta \u00eentre 7\u201314 ani beneficiaz\u0103 de 50% reducere din tariful unui adult.<\/li><li>Copiii cu v\u00e2rsta peste 14 ani sunt considera\u021bi adul\u021bi.<\/li><\/ul><h3>5. Accesul copiilor \u00een zona SPA<\/h3><ul><li>Copiii pot avea acces \u00een zona SPA doar \u00eenso\u021bi\u021bi \u0219i supraveghea\u021bi de un adult responsabil.<\/li><li>Orice eveniment nepl\u0103cut cauzat de nerespectarea regulamentului de c\u0103tre copii revine \u00een responsabilitatea adultului \u00eenso\u021bitor.<\/li><li>Este important ca cei mici s\u0103 se bucure de relaxare f\u0103r\u0103 a deranja ceilal\u021bi oaspe\u021bi \u2014 v\u0103 rug\u0103m s\u0103 evita\u021bi alergatul, s\u0103riturile \u00een bazine sau stropitul.<\/li><li>Pentru siguran\u021ba tuturor, personalul SPA \u00ee\u0219i rezerv\u0103 dreptul de a limita accesul \u00een cazul nerespect\u0103rii acestor reguli.<\/li><\/ul><h3>6. Alte men\u021biuni<\/h3><ul><li>La sosire este necesar\u0103 prezentarea unui document de identitate valabil pentru fiecare oaspete care urmeaz\u0103 s\u0103 se cazeze.<\/li><li>Hotelul \u00ee\u0219i rezerv\u0103 dreptul de a anula o rezervare cu 48h \u00eenainte de check-in, \u00een cazul \u00een care intervin cauze obiective care implic\u0103 modificarea sau anularea caz\u0103rii.<\/li><li>Pentru pachetele speciale, oferte promo\u021bionale sau sejururi prelungite pot exista condi\u021bii diferite de plat\u0103 \u0219i anulare, care vor fi comunicate la momentul rezerv\u0103rii.<\/li><\/ul><p><strong>V\u0103 mul\u021bumim c\u0103 a\u021bi ales s\u0103 fi\u021bi oaspe\u021bii no\u0219tri!<\/strong><br \/>V\u0103 dorim relaxare \u0219i momente frumoase!<\/p>\t\t\t\t\t\t\t\t<\/div>\n\t\t\t\t<\/div>\n\t\t\t\t\t<\/div>\n\t\t\t\t<\/div>\n\t\t\t\t<\/div>","protected":false},"excerpt":{"rendered":"<p>COMPLEX BALNEO TERMAL VA\u021aA B\u0102I Politica de rezervare, anulare si modificare cazare 1. Politica \u0219i confirmarea rezerv\u0103rii Pentru confirmarea rezerv\u0103rii este necesar\u0103 achitarea unui avans de 50% din valoarea total\u0103 a sejurului. Plata se poate efectua prin transfer bancar, card bancar sau alte metode agreate de hotel. Rezervarea este considerat\u0103 ferm\u0103 doar dup\u0103 \u00eencasarea avansului. &#8230;<\/p>","protected":false},"author":1,"featured_media":0,"parent":0,"menu_order":0,"comment_status":"closed","ping_status":"closed","template":"elementor_header_footer","meta":{"cozystay_single_page_hide_site_header":"","cozystay_single_page_site_header_source":"","cozystay_single_page_custom_site_header":"0","cozystay_single_page_custom_sticky_site_header":"0","cozystay_single_page_hide_page_title":"","cozystay_single_page_header_section_size":"","cozystay_single_page_header_background_color":"","cozystay_single_page_header_background_position_x":"center","cozystay_single_page_header_background_position_y":"center","cozystay_single_page_header_background_size":"cover","cozystay_single_page_header_background_repeat":"off","cozystay_single_page_header_background_scroll":"on","cozystay_single_page_header_text_color":"","cozystay_single_page_header_show_breadcrumb":"","cozystay_single_page_site_footer_hide_main":"","cozystay_single_custom_site_footer_main_source":"","cozystay_single_custom_site_footer_main":"0","cozystay_single_page_site_footer_hide_above":"","cozystay_single_custom_site_footer_above_source":"","cozystay_single_custom_site_footer_above":"0","cozystay_single_page_site_footer_hide_instagram":"","cozystay_single_page_site_footer_hide_bottom":"","cozystay_single_custom_mobile_menu_source":"","cozystay_single_custom_mobile_menu":"0","cozystay_single_custom_mobile_menu_animation":"","cozystay_single_custom_mobile_menu_width":"","cozystay_single_custom_mobile_menu_custom_width":375,"footnotes":""},"class_list":["post-4664","page","type-page","status-publish","hentry"],"yoast_head":"<!-- This site is optimized with the Yoast SEO plugin v24.6 - https:\/\/yoast.com\/wordpress\/plugins\/seo\/ -->\n<title>Politica de Rezervare \u0219i Anulare - Complex Balneo Termal Va\u021ba B\u0103i<\/title>\n<meta name=\"robots\" content=\"index, follow, max-snippet:-1, max-image-preview:large, max-video-preview:-1\" \/>\n<link rel=\"canonical\" href=\"https:\/\/www.vatabai.ro\/en\/politica-de-rezervare-si-anulare\/\" \/>\n<meta property=\"og:locale\" content=\"en_GB\" \/>\n<meta property=\"og:type\" content=\"article\" \/>\n<meta property=\"og:title\" content=\"Politica de Rezervare \u0219i Anulare - Complex Balneo Termal Va\u021ba B\u0103i\" \/>\n<meta property=\"og:description\" content=\"COMPLEX BALNEO TERMAL VA\u021aA B\u0102I Politica de rezervare, anulare si modificare cazare 1. Politica \u0219i confirmarea rezerv\u0103rii Pentru confirmarea rezerv\u0103rii este necesar\u0103 achitarea unui avans de 50% din valoarea total\u0103 a sejurului. Plata se poate efectua prin transfer bancar, card bancar sau alte metode agreate de hotel. Rezervarea este considerat\u0103 ferm\u0103 doar dup\u0103 \u00eencasarea avansului. ...\" \/>\n<meta property=\"og:url\" content=\"https:\/\/www.vatabai.ro\/en\/politica-de-rezervare-si-anulare\/\" \/>\n<meta property=\"og:site_name\" content=\"Complex Balneo Termal Va\u021ba B\u0103i\" \/>\n<meta property=\"article:modified_time\" content=\"2026-01-20T11:36:38+00:00\" \/>\n<meta property=\"og:image\" content=\"https:\/\/www.vatabai.ro\/wp-content\/uploads\/2025\/02\/DE4B1187.jpg\" \/>\n\t<meta property=\"og:image:width\" content=\"2304\" \/>\n\t<meta property=\"og:image:height\" content=\"1536\" \/>\n\t<meta property=\"og:image:type\" content=\"image\/jpeg\" \/>\n<meta name=\"twitter:card\" content=\"summary_large_image\" \/>\n<meta name=\"twitter:label1\" content=\"Est. reading time\" \/>\n\t<meta name=\"twitter:data1\" content=\"2 minutes\" \/>\n<script type=\"application\/ld+json\" class=\"yoast-schema-graph\">{\"@context\":\"https:\/\/schema.org\",\"@graph\":[{\"@type\":\"WebPage\",\"@id\":\"https:\/\/www.vatabai.ro\/politica-de-rezervare-si-anulare\/\",\"url\":\"https:\/\/www.vatabai.ro\/politica-de-rezervare-si-anulare\/\",\"name\":\"Politica de Rezervare \u0219i Anulare - Complex Balneo Termal Va\u021ba B\u0103i\",\"isPartOf\":{\"@id\":\"https:\/\/www.vatabai.ro\/#website\"},\"datePublished\":\"2025-04-14T16:07:26+00:00\",\"dateModified\":\"2026-01-20T11:36:38+00:00\",\"breadcrumb\":{\"@id\":\"https:\/\/www.vatabai.ro\/politica-de-rezervare-si-anulare\/#breadcrumb\"},\"inLanguage\":\"en-GB\",\"potentialAction\":[{\"@type\":\"ReadAction\",\"target\":[\"https:\/\/www.vatabai.ro\/politica-de-rezervare-si-anulare\/\"]}]},{\"@type\":\"BreadcrumbList\",\"@id\":\"https:\/\/www.vatabai.ro\/politica-de-rezervare-si-anulare\/#breadcrumb\",\"itemListElement\":[{\"@type\":\"ListItem\",\"position\":1,\"name\":\"Home\",\"item\":\"https:\/\/www.vatabai.ro\/\"},{\"@type\":\"ListItem\",\"position\":2,\"name\":\"Politica de Rezervare \u0219i Anulare\"}]},{\"@type\":\"WebSite\",\"@id\":\"https:\/\/www.vatabai.ro\/#website\",\"url\":\"https:\/\/www.vatabai.ro\/\",\"name\":\"Complex Balneo Termal Va\u021ba B\u0103i\",\"description\":\"\",\"alternateName\":\"Va\u021ba B\u0103i\",\"potentialAction\":[{\"@type\":\"SearchAction\",\"target\":{\"@type\":\"EntryPoint\",\"urlTemplate\":\"https:\/\/www.vatabai.ro\/?s={search_term_string}\"},\"query-input\":{\"@type\":\"PropertyValueSpecification\",\"valueRequired\":true,\"valueName\":\"search_term_string\"}}],\"inLanguage\":\"en-GB\"}]}<\/script>\n<!-- \/ Yoast SEO plugin. -->","yoast_head_json":{"title":"Politica de Rezervare \u0219i Anulare - Complex Balneo Termal Va\u021ba B\u0103i","robots":{"index":"index","follow":"follow","max-snippet":"max-snippet:-1","max-image-preview":"max-image-preview:large","max-video-preview":"max-video-preview:-1"},"canonical":"https:\/\/www.vatabai.ro\/en\/politica-de-rezervare-si-anulare\/","og_locale":"en_GB","og_type":"article","og_title":"Politica de Rezervare \u0219i Anulare - Complex Balneo Termal Va\u021ba B\u0103i","og_description":"COMPLEX BALNEO TERMAL VA\u021aA B\u0102I Politica de rezervare, anulare si modificare cazare 1. Politica \u0219i confirmarea rezerv\u0103rii Pentru confirmarea rezerv\u0103rii este necesar\u0103 achitarea unui avans de 50% din valoarea total\u0103 a sejurului. Plata se poate efectua prin transfer bancar, card bancar sau alte metode agreate de hotel. Rezervarea este considerat\u0103 ferm\u0103 doar dup\u0103 \u00eencasarea avansului. ...","og_url":"https:\/\/www.vatabai.ro\/en\/politica-de-rezervare-si-anulare\/","og_site_name":"Complex Balneo Termal Va\u021ba B\u0103i","article_modified_time":"2026-01-20T11:36:38+00:00","og_image":[{"width":2304,"height":1536,"url":"https:\/\/www.vatabai.ro\/wp-content\/uploads\/2025\/02\/DE4B1187.jpg","type":"image\/jpeg"}],"twitter_card":"summary_large_image","twitter_misc":{"Est. reading time":"2 minutes"},"schema":{"@context":"https:\/\/schema.org","@graph":[{"@type":"WebPage","@id":"https:\/\/www.vatabai.ro\/politica-de-rezervare-si-anulare\/","url":"https:\/\/www.vatabai.ro\/politica-de-rezervare-si-anulare\/","name":"Politica de Rezervare \u0219i Anulare - Complex Balneo Termal Va\u021ba B\u0103i","isPartOf":{"@id":"https:\/\/www.vatabai.ro\/#website"},"datePublished":"2025-04-14T16:07:26+00:00","dateModified":"2026-01-20T11:36:38+00:00","breadcrumb":{"@id":"https:\/\/www.vatabai.ro\/politica-de-rezervare-si-anulare\/#breadcrumb"},"inLanguage":"en-GB","potentialAction":[{"@type":"ReadAction","target":["https:\/\/www.vatabai.ro\/politica-de-rezervare-si-anulare\/"]}]},{"@type":"BreadcrumbList","@id":"https:\/\/www.vatabai.ro\/politica-de-rezervare-si-anulare\/#breadcrumb","itemListElement":[{"@type":"ListItem","position":1,"name":"Home","item":"https:\/\/www.vatabai.ro\/"},{"@type":"ListItem","position":2,"name":"Politica de Rezervare \u0219i Anulare"}]},{"@type":"WebSite","@id":"https:\/\/www.vatabai.ro\/#website","url":"https:\/\/www.vatabai.ro\/","name":"Complex Balneo Termal Va\u021ba B\u0103i","description":"","alternateName":"Va\u021ba B\u0103i","potentialAction":[{"@type":"SearchAction","target":{"@type":"EntryPoint","urlTemplate":"https:\/\/www.vatabai.ro\/?s={search_term_string}"},"query-input":{"@type":"PropertyValueSpecification","valueRequired":true,"valueName":"search_term_string"}}],"inLanguage":"en-GB"}]}},"_links":{"self":[{"href":"https:\/\/www.vatabai.ro\/en\/wp-json\/wp\/v2\/pages\/4664","targetHints":{"allow":["GET"]}}],"collection":[{"href":"https:\/\/www.vatabai.ro\/en\/wp-json\/wp\/v2\/pages"}],"about":[{"href":"https:\/\/www.vatabai.ro\/en\/wp-json\/wp\/v2\/types\/page"}],"author":[{"embeddable":true,"href":"https:\/\/www.vatabai.ro\/en\/wp-json\/wp\/v2\/users\/1"}],"replies":[{"embeddable":true,"href":"https:\/\/www.vatabai.ro\/en\/wp-json\/wp\/v2\/comments?post=4664"}],"version-history":[{"count":16,"href":"https:\/\/www.vatabai.ro\/en\/wp-json\/wp\/v2\/pages\/4664\/revisions"}],"predecessor-version":[{"id":5869,"href":"https:\/\/www.vatabai.ro\/en\/wp-json\/wp\/v2\/pages\/4664\/revisions\/5869"}],"wp:attachment":[{"href":"https:\/\/www.vatabai.ro\/en\/wp-json\/wp\/v2\/media?parent=4664"}],"curies":[{"name":"wp","href":"https:\/\/api.w.org\/{rel}","templated":true}]}}