{"id":3667,"date":"2025-03-10T12:23:16","date_gmt":"2025-03-10T12:23:16","guid":{"rendered":"https:\/\/new.vatabai.ro\/?page_id=3667"},"modified":"2025-03-27T15:01:55","modified_gmt":"2025-03-27T15:01:55","slug":"cafenea-terasa-parc","status":"publish","type":"page","link":"https:\/\/www.vatabai.ro\/en\/cafenea-terasa-parc\/","title":{"rendered":"Coffee bar &amp; terrace in the park"},"content":{"rendered":"<div data-elementor-type=\"wp-page\" data-elementor-id=\"3667\" class=\"elementor elementor-3667\">\n\t\t\t\t\t\t<section class=\"elementor-section elementor-top-section elementor-element elementor-element-8f5559b elementor-section-height-min-height cs-section-content-fullwidth cs-parallax-on-scroll cs_scroll_y_80 elementor-section-boxed elementor-section-height-default elementor-section-items-middle\" data-id=\"8f5559b\" data-element_type=\"section\" data-settings=\"{&quot;background_background&quot;:&quot;slideshow&quot;,&quot;background_slideshow_gallery&quot;:[{&quot;id&quot;:3690,&quot;url&quot;:&quot;https:\\\/\\\/www.vatabai.ro\\\/wp-content\\\/uploads\\\/2025\\\/03\\\/Restaurantbar-3-scaled.jpg&quot;},{&quot;id&quot;:3691,&quot;url&quot;:&quot;https:\\\/\\\/www.vatabai.ro\\\/wp-content\\\/uploads\\\/2025\\\/03\\\/restaurantbar-2-scaled.jpg&quot;}],&quot;background_slideshow_ken_burns&quot;:&quot;yes&quot;,&quot;background_slideshow_loop&quot;:&quot;yes&quot;,&quot;background_slideshow_slide_duration&quot;:5000,&quot;background_slideshow_slide_transition&quot;:&quot;fade&quot;,&quot;background_slideshow_transition_duration&quot;:500,&quot;background_slideshow_ken_burns_zoom_direction&quot;:&quot;in&quot;}\" data-cs-parallax-y=\"80\">\n\t\t\t\t\t\t\t<div class=\"elementor-background-overlay\"><\/div>\n\t\t\t\t\t\t\t<div class=\"elementor-container elementor-column-gap-no\">\n\t\t\t\t\t<div class=\"elementor-column elementor-col-100 elementor-top-column elementor-element elementor-element-2689b96 dark-color\" data-id=\"2689b96\" data-element_type=\"column\">\n\t\t\t<div class=\"elementor-widget-wrap elementor-element-populated\">\n\t\t\t\t\t\t<div class=\"elementor-element elementor-element-e8642c8 elementor-widget elementor-widget-cs_title\" data-id=\"e8642c8\" data-element_type=\"widget\" data-widget_type=\"cs_title.default\">\n\t\t\t\t<div class=\"elementor-widget-container\">\n\t\t\t\t\t\n        <div class=\"cs-title-wrap text-center\">\t            <div class=\"cs-subtitle-wrap\"><span class=\"cs-subtitle color-white\">COMPLEX <br>SPA TERMAL<br> VA\u021aA B\u0102I<\/span><\/div>\t            <h1 class=\"cs-title\">\n\t                Cafe &amp; Park terrace\t            <\/h1>\t            <div class=\"cs-title-text\">\n\t                <p>Your oasis of relaxation in the middle of nature<\/p>\t            <\/div>        <\/div>\t\t\t\t<\/div>\n\t\t\t\t<\/div>\n\t\t\t\t\t<\/div>\n\t\t<\/div>\n\t\t\t\t\t<\/div>\n\t\t<\/section>\n\t\t\t\t<section class=\"elementor-section elementor-top-section elementor-element elementor-element-e37c8be elementor-section-content-middle elementor-section-boxed elementor-section-height-default elementor-section-height-default\" data-id=\"e37c8be\" data-element_type=\"section\" data-settings=\"{&quot;background_background&quot;:&quot;classic&quot;}\">\n\t\t\t\t\t\t<div class=\"elementor-container elementor-column-gap-no\">\n\t\t\t\t\t<div class=\"elementor-column elementor-col-50 elementor-top-column elementor-element elementor-element-203ac36\" data-id=\"203ac36\" data-element_type=\"column\">\n\t\t\t<div class=\"elementor-widget-wrap elementor-element-populated\">\n\t\t\t\t\t\t<div class=\"elementor-element elementor-element-5cb0473 cs-animation-small-offset elementor-invisible elementor-widget elementor-widget-image\" data-id=\"5cb0473\" data-element_type=\"widget\" data-settings=\"{&quot;_animation&quot;:&quot;fadeInUp&quot;,&quot;_animation_delay&quot;:150}\" data-widget_type=\"image.default\">\n\t\t\t\t<div class=\"elementor-widget-container\">\n\t\t\t\t\t\t\t\t\t\t\t\t\t\t\t<img fetchpriority=\"high\" decoding=\"async\" width=\"1200\" height=\"1599\" src=\"https:\/\/www.vatabai.ro\/wp-content\/uploads\/2025\/03\/img-39-2-2-1-1-1.jpg\" class=\"attachment-full size-full wp-image-3721\" alt=\"\" srcset=\"https:\/\/www.vatabai.ro\/wp-content\/uploads\/2025\/03\/img-39-2-2-1-1-1.jpg 1200w, https:\/\/www.vatabai.ro\/wp-content\/uploads\/2025\/03\/img-39-2-2-1-1-1-113x150.jpg 113w, https:\/\/www.vatabai.ro\/wp-content\/uploads\/2025\/03\/img-39-2-2-1-1-1-1000x1333.jpg 1000w, https:\/\/www.vatabai.ro\/wp-content\/uploads\/2025\/03\/img-39-2-2-1-1-1-225x300.jpg 225w, https:\/\/www.vatabai.ro\/wp-content\/uploads\/2025\/03\/img-39-2-2-1-1-1-768x1023.jpg 768w, https:\/\/www.vatabai.ro\/wp-content\/uploads\/2025\/03\/img-39-2-2-1-1-1-1153x1536.jpg 1153w, https:\/\/www.vatabai.ro\/wp-content\/uploads\/2025\/03\/img-39-2-2-1-1-1-9x12.jpg 9w, https:\/\/www.vatabai.ro\/wp-content\/uploads\/2025\/03\/img-39-2-2-1-1-1-780x1039.jpg 780w, https:\/\/www.vatabai.ro\/wp-content\/uploads\/2025\/03\/img-39-2-2-1-1-1-600x800.jpg 600w, https:\/\/www.vatabai.ro\/wp-content\/uploads\/2025\/03\/img-39-2-2-1-1-1-550x733.jpg 550w, https:\/\/www.vatabai.ro\/wp-content\/uploads\/2025\/03\/img-39-2-2-1-1-1-370x493.jpg 370w, https:\/\/www.vatabai.ro\/wp-content\/uploads\/2025\/03\/img-39-2-2-1-1-1-255x340.jpg 255w\" sizes=\"(max-width: 1200px) 100vw, 1200px\" \/>\t\t\t\t\t\t\t\t\t\t\t\t\t\t\t<\/div>\n\t\t\t\t<\/div>\n\t\t\t\t\t<\/div>\n\t\t<\/div>\n\t\t\t\t<div class=\"elementor-column elementor-col-50 elementor-top-column elementor-element elementor-element-d8a7334\" data-id=\"d8a7334\" data-element_type=\"column\">\n\t\t\t<div class=\"elementor-widget-wrap elementor-element-populated\">\n\t\t\t\t\t\t<div class=\"elementor-element elementor-element-7d1ea5f elementor-widget elementor-widget-cs_title\" data-id=\"7d1ea5f\" data-element_type=\"widget\" data-widget_type=\"cs_title.default\">\n\t\t\t\t<div class=\"elementor-widget-container\">\n\t\t\t\t\t\n        <div class=\"cs-title-wrap\">\t            <div class=\"cs-subtitle-wrap\"><span class=\"cs-subtitle\">Good food, fine wines, and a friendly atmosphere.\n\n\n\n\n\n\n\n<\/span><\/div>\t            <h4 class=\"cs-title\">\n\t                Relaxing in the outdoors, with selected drinks\n\t            <\/h4>\t            <div class=\"cs-title-text\">\n\t                <p>The caf\u00e9 and the terrace of the park, the ideal place for moments of respite, whether you&#039;re starting your day off with a cup of aromatic coffee or cool down with a fresh cocktail. In a natural setting, charming, you are, you can enjoy hot and cold drinks, fresh juices made from fresh fruits, and a selection of wines and fine drinks, all served up by bartenders are trained. Perfect for social media or for a relaxing break!<\/p>\t            <\/div>        <\/div>\t\t\t\t<\/div>\n\t\t\t\t<\/div>\n\t\t\t\t\t<\/div>\n\t\t<\/div>\n\t\t\t\t\t<\/div>\n\t\t<\/section>\n\t\t\t\t<\/div>","protected":false},"excerpt":{"rendered":"<p>COMPLEX BALNEO TERMAL VA\u021aA B\u0102I Cafenea &amp; Parc teras\u0103 Oaza ta de relaxare \u00een mijlocul naturii Bucate alese, vinuri rafinate \u0219i o atmosfer\u0103 primitoare. Relaxare \u00een aer liber, cu b\u0103uturi alese Cafeneaua \u0219i terasa din parc sunt locul ideal pentru momente de respiro, fie c\u0103 \u00ee\u021bi \u00eencepi ziua cu o cafea aromat\u0103 sau te r\u0103core\u0219ti &#8230;<\/p>","protected":false},"author":1,"featured_media":3690,"parent":0,"menu_order":0,"comment_status":"closed","ping_status":"closed","template":"elementor_header_footer","meta":{"cozystay_single_page_hide_site_header":"","cozystay_single_page_site_header_source":"","cozystay_single_page_custom_site_header":"0","cozystay_single_page_custom_sticky_site_header":"0","cozystay_single_page_hide_page_title":"","cozystay_single_page_header_section_size":"","cozystay_single_page_header_background_color":"","cozystay_single_page_header_background_position_x":"center","cozystay_single_page_header_background_position_y":"center","cozystay_single_page_header_background_size":"cover","cozystay_single_page_header_background_repeat":"off","cozystay_single_page_header_background_scroll":"on","cozystay_single_page_header_text_color":"","cozystay_single_page_header_show_breadcrumb":"","cozystay_single_page_site_footer_hide_main":"","cozystay_single_custom_site_footer_main_source":"","cozystay_single_custom_site_footer_main":"0","cozystay_single_page_site_footer_hide_above":"","cozystay_single_custom_site_footer_above_source":"","cozystay_single_custom_site_footer_above":"0","cozystay_single_page_site_footer_hide_instagram":"","cozystay_single_page_site_footer_hide_bottom":"","cozystay_single_custom_mobile_menu_source":"","cozystay_single_custom_mobile_menu":"0","cozystay_single_custom_mobile_menu_animation":"","cozystay_single_custom_mobile_menu_width":"","cozystay_single_custom_mobile_menu_custom_width":375,"footnotes":""},"class_list":["post-3667","page","type-page","status-publish","has-post-thumbnail","hentry"],"yoast_head":"<!-- This site is optimized with the Yoast SEO plugin v24.6 - https:\/\/yoast.com\/wordpress\/plugins\/seo\/ -->\n<title>Cafenea &amp; teras\u0103 parc - Complex Balneo Termal Va\u021ba B\u0103i<\/title>\n<meta name=\"description\" content=\"Cafeneaua \u0219i terasa din parc sunt locul ideal pentru momente de respiro, fie c\u0103 \u00ee\u021bi \u00eencepi ziua cu o cafea aromat\u0103 sau te r\u0103core\u0219ti cu un cocktail proasp\u0103t.\" \/>\n<meta name=\"robots\" content=\"index, follow, max-snippet:-1, max-image-preview:large, max-video-preview:-1\" \/>\n<link rel=\"canonical\" href=\"https:\/\/www.vatabai.ro\/en\/cafenea-terasa-parc\/\" \/>\n<meta property=\"og:locale\" content=\"en_GB\" \/>\n<meta property=\"og:type\" content=\"article\" \/>\n<meta property=\"og:title\" content=\"Cafenea &amp; teras\u0103 parc - Complex Balneo Termal Va\u021ba B\u0103i\" \/>\n<meta property=\"og:description\" content=\"Cafeneaua \u0219i terasa din parc sunt locul ideal pentru momente de respiro, fie c\u0103 \u00ee\u021bi \u00eencepi ziua cu o cafea aromat\u0103 sau te r\u0103core\u0219ti cu un cocktail proasp\u0103t.\" \/>\n<meta property=\"og:url\" content=\"https:\/\/www.vatabai.ro\/en\/cafenea-terasa-parc\/\" \/>\n<meta property=\"og:site_name\" content=\"Complex Balneo Termal Va\u021ba B\u0103i\" \/>\n<meta property=\"article:modified_time\" content=\"2025-03-27T15:01:55+00:00\" \/>\n<meta property=\"og:image\" content=\"https:\/\/www.vatabai.ro\/wp-content\/uploads\/2025\/03\/Restaurantbar-3-scaled.jpg\" \/>\n\t<meta property=\"og:image:width\" content=\"2560\" \/>\n\t<meta property=\"og:image:height\" content=\"1708\" \/>\n\t<meta property=\"og:image:type\" content=\"image\/jpeg\" \/>\n<meta name=\"twitter:card\" content=\"summary_large_image\" \/>\n<meta name=\"twitter:label1\" content=\"Est. reading time\" \/>\n\t<meta name=\"twitter:data1\" content=\"1 minute\" \/>\n<script type=\"application\/ld+json\" class=\"yoast-schema-graph\">{\"@context\":\"https:\/\/schema.org\",\"@graph\":[{\"@type\":\"WebPage\",\"@id\":\"https:\/\/www.vatabai.ro\/cafenea-terasa-parc\/\",\"url\":\"https:\/\/www.vatabai.ro\/cafenea-terasa-parc\/\",\"name\":\"Cafenea &amp; teras\u0103 parc - Complex Balneo Termal Va\u021ba B\u0103i\",\"isPartOf\":{\"@id\":\"https:\/\/www.vatabai.ro\/#website\"},\"primaryImageOfPage\":{\"@id\":\"https:\/\/www.vatabai.ro\/cafenea-terasa-parc\/#primaryimage\"},\"image\":{\"@id\":\"https:\/\/www.vatabai.ro\/cafenea-terasa-parc\/#primaryimage\"},\"thumbnailUrl\":\"https:\/\/www.vatabai.ro\/wp-content\/uploads\/2025\/03\/Restaurantbar-3-scaled.jpg\",\"datePublished\":\"2025-03-10T12:23:16+00:00\",\"dateModified\":\"2025-03-27T15:01:55+00:00\",\"description\":\"Cafeneaua \u0219i terasa din parc sunt locul ideal pentru momente de respiro, fie c\u0103 \u00ee\u021bi \u00eencepi ziua cu o cafea aromat\u0103 sau te r\u0103core\u0219ti cu un cocktail proasp\u0103t.\",\"breadcrumb\":{\"@id\":\"https:\/\/www.vatabai.ro\/cafenea-terasa-parc\/#breadcrumb\"},\"inLanguage\":\"en-GB\",\"potentialAction\":[{\"@type\":\"ReadAction\",\"target\":[\"https:\/\/www.vatabai.ro\/cafenea-terasa-parc\/\"]}]},{\"@type\":\"ImageObject\",\"inLanguage\":\"en-GB\",\"@id\":\"https:\/\/www.vatabai.ro\/cafenea-terasa-parc\/#primaryimage\",\"url\":\"https:\/\/www.vatabai.ro\/wp-content\/uploads\/2025\/03\/Restaurantbar-3-scaled.jpg\",\"contentUrl\":\"https:\/\/www.vatabai.ro\/wp-content\/uploads\/2025\/03\/Restaurantbar-3-scaled.jpg\",\"width\":2560,\"height\":1708},{\"@type\":\"BreadcrumbList\",\"@id\":\"https:\/\/www.vatabai.ro\/cafenea-terasa-parc\/#breadcrumb\",\"itemListElement\":[{\"@type\":\"ListItem\",\"position\":1,\"name\":\"Home\",\"item\":\"https:\/\/www.vatabai.ro\/\"},{\"@type\":\"ListItem\",\"position\":2,\"name\":\"Cafenea &amp; teras\u0103 parc\"}]},{\"@type\":\"WebSite\",\"@id\":\"https:\/\/www.vatabai.ro\/#website\",\"url\":\"https:\/\/www.vatabai.ro\/\",\"name\":\"Complex Balneo Termal Va\u021ba B\u0103i\",\"description\":\"\",\"alternateName\":\"Va\u021ba B\u0103i\",\"potentialAction\":[{\"@type\":\"SearchAction\",\"target\":{\"@type\":\"EntryPoint\",\"urlTemplate\":\"https:\/\/www.vatabai.ro\/?s={search_term_string}\"},\"query-input\":{\"@type\":\"PropertyValueSpecification\",\"valueRequired\":true,\"valueName\":\"search_term_string\"}}],\"inLanguage\":\"en-GB\"}]}<\/script>\n<!-- \/ Yoast SEO plugin. -->","yoast_head_json":{"title":"Cafenea &amp; teras\u0103 parc - Complex Balneo Termal Va\u021ba B\u0103i","description":"Cafeneaua \u0219i terasa din parc sunt locul ideal pentru momente de respiro, fie c\u0103 \u00ee\u021bi \u00eencepi ziua cu o cafea aromat\u0103 sau te r\u0103core\u0219ti cu un cocktail proasp\u0103t.","robots":{"index":"index","follow":"follow","max-snippet":"max-snippet:-1","max-image-preview":"max-image-preview:large","max-video-preview":"max-video-preview:-1"},"canonical":"https:\/\/www.vatabai.ro\/en\/cafenea-terasa-parc\/","og_locale":"en_GB","og_type":"article","og_title":"Cafenea & teras\u0103 parc - Complex Balneo Termal Va\u021ba B\u0103i","og_description":"Cafeneaua \u0219i terasa din parc sunt locul ideal pentru momente de respiro, fie c\u0103 \u00ee\u021bi \u00eencepi ziua cu o cafea aromat\u0103 sau te r\u0103core\u0219ti cu un cocktail proasp\u0103t.","og_url":"https:\/\/www.vatabai.ro\/en\/cafenea-terasa-parc\/","og_site_name":"Complex Balneo Termal Va\u021ba B\u0103i","article_modified_time":"2025-03-27T15:01:55+00:00","og_image":[{"width":2560,"height":1708,"url":"https:\/\/www.vatabai.ro\/wp-content\/uploads\/2025\/03\/Restaurantbar-3-scaled.jpg","type":"image\/jpeg"}],"twitter_card":"summary_large_image","twitter_misc":{"Est. reading time":"1 minute"},"schema":{"@context":"https:\/\/schema.org","@graph":[{"@type":"WebPage","@id":"https:\/\/www.vatabai.ro\/cafenea-terasa-parc\/","url":"https:\/\/www.vatabai.ro\/cafenea-terasa-parc\/","name":"Cafenea &amp; teras\u0103 parc - Complex Balneo Termal Va\u021ba B\u0103i","isPartOf":{"@id":"https:\/\/www.vatabai.ro\/#website"},"primaryImageOfPage":{"@id":"https:\/\/www.vatabai.ro\/cafenea-terasa-parc\/#primaryimage"},"image":{"@id":"https:\/\/www.vatabai.ro\/cafenea-terasa-parc\/#primaryimage"},"thumbnailUrl":"https:\/\/www.vatabai.ro\/wp-content\/uploads\/2025\/03\/Restaurantbar-3-scaled.jpg","datePublished":"2025-03-10T12:23:16+00:00","dateModified":"2025-03-27T15:01:55+00:00","description":"Cafeneaua \u0219i terasa din parc sunt locul ideal pentru momente de respiro, fie c\u0103 \u00ee\u021bi \u00eencepi ziua cu o cafea aromat\u0103 sau te r\u0103core\u0219ti cu un cocktail proasp\u0103t.","breadcrumb":{"@id":"https:\/\/www.vatabai.ro\/cafenea-terasa-parc\/#breadcrumb"},"inLanguage":"en-GB","potentialAction":[{"@type":"ReadAction","target":["https:\/\/www.vatabai.ro\/cafenea-terasa-parc\/"]}]},{"@type":"ImageObject","inLanguage":"en-GB","@id":"https:\/\/www.vatabai.ro\/cafenea-terasa-parc\/#primaryimage","url":"https:\/\/www.vatabai.ro\/wp-content\/uploads\/2025\/03\/Restaurantbar-3-scaled.jpg","contentUrl":"https:\/\/www.vatabai.ro\/wp-content\/uploads\/2025\/03\/Restaurantbar-3-scaled.jpg","width":2560,"height":1708},{"@type":"BreadcrumbList","@id":"https:\/\/www.vatabai.ro\/cafenea-terasa-parc\/#breadcrumb","itemListElement":[{"@type":"ListItem","position":1,"name":"Home","item":"https:\/\/www.vatabai.ro\/"},{"@type":"ListItem","position":2,"name":"Cafenea &amp; teras\u0103 parc"}]},{"@type":"WebSite","@id":"https:\/\/www.vatabai.ro\/#website","url":"https:\/\/www.vatabai.ro\/","name":"Complex Balneo Termal Va\u021ba B\u0103i","description":"","alternateName":"Va\u021ba B\u0103i","potentialAction":[{"@type":"SearchAction","target":{"@type":"EntryPoint","urlTemplate":"https:\/\/www.vatabai.ro\/?s={search_term_string}"},"query-input":{"@type":"PropertyValueSpecification","valueRequired":true,"valueName":"search_term_string"}}],"inLanguage":"en-GB"}]}},"_links":{"self":[{"href":"https:\/\/www.vatabai.ro\/en\/wp-json\/wp\/v2\/pages\/3667","targetHints":{"allow":["GET"]}}],"collection":[{"href":"https:\/\/www.vatabai.ro\/en\/wp-json\/wp\/v2\/pages"}],"about":[{"href":"https:\/\/www.vatabai.ro\/en\/wp-json\/wp\/v2\/types\/page"}],"author":[{"embeddable":true,"href":"https:\/\/www.vatabai.ro\/en\/wp-json\/wp\/v2\/users\/1"}],"replies":[{"embeddable":true,"href":"https:\/\/www.vatabai.ro\/en\/wp-json\/wp\/v2\/comments?post=3667"}],"version-history":[{"count":28,"href":"https:\/\/www.vatabai.ro\/en\/wp-json\/wp\/v2\/pages\/3667\/revisions"}],"predecessor-version":[{"id":4537,"href":"https:\/\/www.vatabai.ro\/en\/wp-json\/wp\/v2\/pages\/3667\/revisions\/4537"}],"wp:featuredmedia":[{"embeddable":true,"href":"https:\/\/www.vatabai.ro\/en\/wp-json\/wp\/v2\/media\/3690"}],"wp:attachment":[{"href":"https:\/\/www.vatabai.ro\/en\/wp-json\/wp\/v2\/media?parent=3667"}],"curies":[{"name":"wp","href":"https:\/\/api.w.org\/{rel}","templated":true}]}}